{"id":483,"date":"2019-01-12T17:09:57","date_gmt":"2019-01-12T16:09:57","guid":{"rendered":"https:\/\/www.landfrauen-meppen.de\/wesuwe-siedlung\/?page_id=483"},"modified":"2024-11-12T11:39:03","modified_gmt":"2024-11-12T10:39:03","slug":"programm-2018-2019","status":"publish","type":"page","link":"https:\/\/www.landfrauen-meppen.de\/wesuwe-siedlung\/programm\/programm-2018-2019\/","title":{"rendered":"Programm 2018\/2019"},"content":{"rendered":"<p><strong>Oktober 2018\u00a0\u00a0\u00a0 Mi. 10.10.2018, 19.00 Uhr\u00a0<\/strong><\/p>\n<p>\u201eK\u00e4seabend- wir verkosten K\u00e4se\u201c<\/p>\n<p>Vorstellung div. K\u00e4sesorten mit Nicole Wege (K\u00e4se-Sommelier)<\/p>\n<p>Wir bekommen ein 3-G\u00e4nge Men\u00fc mit \u00a0K\u00e4se serviert, dazu wird der<\/p>\n<p>entsprechende Rot\/Wei\u00dfwein gereicht.<\/p>\n<p>Kosten pro Person: ca. 20,00 Euro.<\/p>\n<p>&nbsp;<\/p>\n<p><strong>November 2018 \u00a0\u00a0\u00a0Mi. 07.11.2018, 19.00 Uhr<\/strong><\/p>\n<p>\u201eGeneralversammlung\u201c<\/p>\n<p>Im Anschluss h\u00e4lt Frau Sandvoss einen Vortrag zum Thema:<\/p>\n<p>\u201e M\u00e4rchen von starken Frauen \u2013 f\u00fcr starke Frauen\u201c<\/p>\n<p>&nbsp;<\/p>\n<p><strong>Dezember 2018\u00a0 Mi. 12.12.2018, 15.00 Uhr<\/strong><\/p>\n<p>\u201eWeihnachtsfeier\u201c<\/p>\n<p>Gastredner: Gemeindereferentin Sonja Golla mit dem\u00a0 Vortrag:<\/p>\n<p>\u201e Ist das denn wohl gut katholisch ? Ein Impuls von Papst Franziskus\u201c<\/p>\n<p>&nbsp;<\/p>\n<p><strong>Januar 2019 \u00a0\u00a0Do. 24.01.2019, 19.00 Uhr<\/strong><\/p>\n<p>\u201eKrebsfonds Ludmillenstift Meppen\u201c<\/p>\n<p>Frau Annelene Ewers berichtet \u00fcber Ihre T\u00e4tigkeit beim Krebsfonds.<\/p>\n<p>Desweiteren wird Frau Ewers uns \u00fcber Ihr neues Aufgabengebiet bei den Landfrauen informieren.<\/p>\n<p>&nbsp;<\/p>\n<p><strong>Februar 2019\u00a0\u00a0 Do.21.02.2019, 19.00 Uhr<\/strong><\/p>\n<p>\u201eDickk\u00f6pfe, die es in sich haben\u201c<\/p>\n<p>An diesem Abend servieren wir ein variantenreiches Kohlbuffet.<\/p>\n<p>Es werden leckere Gerichte aus verschiedenen Kohlarten zum Verzehr angeboten.<\/p>\n<p>&nbsp;<\/p>\n<p><strong>M\u00e4rz 2019\u00a0 Do. 28.03.2019, 15.00 Uhr<\/strong><\/p>\n<p>\u201eGraue Haare \u2013 buntes Leben\u201c<\/p>\n<p>Fit bleiben ab 50 plus \u2013 eine besondere Herausforderung, Genuss und Lebensfreude<\/p>\n<p>Referentin: Beate Langenhorst, Landwirtschaftskammer<\/p>\n<p>&nbsp;<\/p>\n<p><strong>April 2019\u00a0 Mi. 10.04.2019, 15.00 Uhr<\/strong><\/p>\n<p>\u201eSenioren- Nachmittag\u201c<\/p>\n<p>Bei Kaffee und Kuchen m\u00f6chten wir miteinander einige sch\u00f6ne Stunden verbringen.<\/p>\n<p>Abgerundet wird dieser Nachmittag mit einem kleinen Rahmenprogramm<\/p>\n<p>&nbsp;<\/p>\n<p>Mai 2019\u00a0 11. \u2013 12. Mai 2019<\/p>\n<p>\u201eFahrt nach Bremerhaven\u201c<\/p>\n<p>Mit auf dem Programm stehen: eine Hafenrundfahrt,<\/p>\n<p>Auswandererhaus, sowie das Seefischkochstudio.<\/p>\n<p>( Genaue Informationen zu dieser Fahrt werden noch bekanntgeben )<\/p>\n<p>&nbsp;<\/p>\n<p><strong>Juni 2019\u00a0 Mi. 05.06.2019, 17.00 Uhr in Freren<\/strong><\/p>\n<p>\u201eFahrt zum Holunderhof\u201c<\/p>\n<p>Fahrt zum Holunderhof Fibbe nach\u00a0 Freren.<\/p>\n<p>Wir beginnen mit einer F\u00fchrung und im Anschluss\u00a0 werden Holunderspezialit\u00e4ten gereicht, \u00a0 wie Lik\u00f6re und S\u00e4fte, Brot mit Marmelade, Sekt mit Holundersaft.<\/p>\n<p>Kosten pro Person: 5.00 Euro<\/p>\n","protected":false},"excerpt":{"rendered":"<p>Oktober 2018\u00a0\u00a0\u00a0 Mi. 10.10.2018, 19.00 Uhr\u00a0 \u201eK\u00e4seabend- wir verkosten K\u00e4se\u201c Vorstellung div. K\u00e4sesorten mit Nicole Wege (K\u00e4se-Sommelier) Wir bekommen ein 3-G\u00e4nge Men\u00fc mit \u00a0K\u00e4se serviert, dazu wird der entsprechende Rot\/Wei\u00dfwein <a class=\"more-link\" href=\"https:\/\/www.landfrauen-meppen.de\/wesuwe-siedlung\/programm\/programm-2018-2019\/\">Weiterlesen\u00a0\u2026<\/a><\/p>\n","protected":false},"author":13,"featured_media":0,"parent":336,"menu_order":6,"comment_status":"closed","ping_status":"closed","template":"","meta":{"footnotes":""},"class_list":["post-483","page","type-page","status-publish","hentry"],"_links":{"self":[{"href":"https:\/\/www.landfrauen-meppen.de\/wesuwe-siedlung\/wp-json\/wp\/v2\/pages\/483","targetHints":{"allow":["GET"]}}],"collection":[{"href":"https:\/\/www.landfrauen-meppen.de\/wesuwe-siedlung\/wp-json\/wp\/v2\/pages"}],"about":[{"href":"https:\/\/www.landfrauen-meppen.de\/wesuwe-siedlung\/wp-json\/wp\/v2\/types\/page"}],"author":[{"embeddable":true,"href":"https:\/\/www.landfrauen-meppen.de\/wesuwe-siedlung\/wp-json\/wp\/v2\/users\/13"}],"replies":[{"embeddable":true,"href":"https:\/\/www.landfrauen-meppen.de\/wesuwe-siedlung\/wp-json\/wp\/v2\/comments?post=483"}],"version-history":[{"count":1,"href":"https:\/\/www.landfrauen-meppen.de\/wesuwe-siedlung\/wp-json\/wp\/v2\/pages\/483\/revisions"}],"predecessor-version":[{"id":484,"href":"https:\/\/www.landfrauen-meppen.de\/wesuwe-siedlung\/wp-json\/wp\/v2\/pages\/483\/revisions\/484"}],"up":[{"embeddable":true,"href":"https:\/\/www.landfrauen-meppen.de\/wesuwe-siedlung\/wp-json\/wp\/v2\/pages\/336"}],"wp:attachment":[{"href":"https:\/\/www.landfrauen-meppen.de\/wesuwe-siedlung\/wp-json\/wp\/v2\/media?parent=483"}],"curies":[{"name":"wp","href":"https:\/\/api.w.org\/{rel}","templated":true}]}}