{"id":1444,"date":"2023-05-30T15:19:01","date_gmt":"2023-05-30T13:19:01","guid":{"rendered":"https:\/\/www.landfrauen-meppen.de\/wesuwe-siedlung\/?page_id=1444"},"modified":"2024-04-16T11:08:23","modified_gmt":"2024-04-16T09:08:23","slug":"landwirtschaft-fuer-kleine-haende-2023","status":"publish","type":"page","link":"https:\/\/www.landfrauen-meppen.de\/wesuwe-siedlung\/wir-ueber-uns\/landwirtschaft-fuer-kleine-haende-2023\/","title":{"rendered":"Landwirtschaft f\u00fcr kleine H\u00e4nde 2023"},"content":{"rendered":"<h3><strong>In dem Zeitraum April &#8211; Oktober 23 findet das Projekt &#8222;Landwirtschaft f\u00fcr kleine H\u00e4nde&#8220; statt. Hier bringen Landfrauen den Kindergartenkindern auf Ihren Betrieben die Landwirtschaft n\u00e4her.<\/strong><\/h3>\n<h3><strong>Im Mai besuchten die Jungen und M\u00e4dchen aus dem Kindergarten Wesuwe, den landwirtschaftlichen Betrieb der Familie Kr\u00f6ger aus Wesuwe-Siedlung.<\/strong><\/h3>\n<h3><strong>Die Kinder erleben, wie es auf einem Bauernhof zugeht, welche Tiere es gibt, lernen Getreidesorte und verschiedene Maschinen kennen.<\/strong><\/h3>\n<h3><strong>So wurden die Kinder an verschiedene Techniken spielerisch herangef\u00fchrt.<\/strong><\/h3>\n<p><img loading=\"lazy\" decoding=\"async\" class=\" wp-image-1442 aligncenter\" src=\"https:\/\/www.landfrauen-meppen.de\/wesuwe-siedlung\/wp-content\/uploads\/sites\/13\/2023\/05\/IMG-20230528-WA0002-169x300.jpg\" alt=\"\" width=\"289\" height=\"513\" srcset=\"https:\/\/www.landfrauen-meppen.de\/wesuwe-siedlung\/wp-content\/uploads\/sites\/13\/2023\/05\/IMG-20230528-WA0002-169x300.jpg 169w, https:\/\/www.landfrauen-meppen.de\/wesuwe-siedlung\/wp-content\/uploads\/sites\/13\/2023\/05\/IMG-20230528-WA0002-576x1024.jpg 576w, https:\/\/www.landfrauen-meppen.de\/wesuwe-siedlung\/wp-content\/uploads\/sites\/13\/2023\/05\/IMG-20230528-WA0002-768x1365.jpg 768w, https:\/\/www.landfrauen-meppen.de\/wesuwe-siedlung\/wp-content\/uploads\/sites\/13\/2023\/05\/IMG-20230528-WA0002-864x1536.jpg 864w, https:\/\/www.landfrauen-meppen.de\/wesuwe-siedlung\/wp-content\/uploads\/sites\/13\/2023\/05\/IMG-20230528-WA0002-84x150.jpg 84w, https:\/\/www.landfrauen-meppen.de\/wesuwe-siedlung\/wp-content\/uploads\/sites\/13\/2023\/05\/IMG-20230528-WA0002.jpg 1080w\" sizes=\"auto, (max-width: 289px) 100vw, 289px\" \/><\/p>\n","protected":false},"excerpt":{"rendered":"<p>In dem Zeitraum April &#8211; Oktober 23 findet das Projekt &#8222;Landwirtschaft f\u00fcr kleine H\u00e4nde&#8220; statt. Hier bringen Landfrauen den Kindergartenkindern auf Ihren Betrieben die Landwirtschaft n\u00e4her. Im Mai besuchten die <a class=\"more-link\" href=\"https:\/\/www.landfrauen-meppen.de\/wesuwe-siedlung\/wir-ueber-uns\/landwirtschaft-fuer-kleine-haende-2023\/\">Weiterlesen\u00a0\u2026<\/a><\/p>\n","protected":false},"author":13,"featured_media":0,"parent":342,"menu_order":1,"comment_status":"closed","ping_status":"closed","template":"","meta":{"footnotes":""},"class_list":["post-1444","page","type-page","status-publish","hentry"],"_links":{"self":[{"href":"https:\/\/www.landfrauen-meppen.de\/wesuwe-siedlung\/wp-json\/wp\/v2\/pages\/1444","targetHints":{"allow":["GET"]}}],"collection":[{"href":"https:\/\/www.landfrauen-meppen.de\/wesuwe-siedlung\/wp-json\/wp\/v2\/pages"}],"about":[{"href":"https:\/\/www.landfrauen-meppen.de\/wesuwe-siedlung\/wp-json\/wp\/v2\/types\/page"}],"author":[{"embeddable":true,"href":"https:\/\/www.landfrauen-meppen.de\/wesuwe-siedlung\/wp-json\/wp\/v2\/users\/13"}],"replies":[{"embeddable":true,"href":"https:\/\/www.landfrauen-meppen.de\/wesuwe-siedlung\/wp-json\/wp\/v2\/comments?post=1444"}],"version-history":[{"count":1,"href":"https:\/\/www.landfrauen-meppen.de\/wesuwe-siedlung\/wp-json\/wp\/v2\/pages\/1444\/revisions"}],"predecessor-version":[{"id":1445,"href":"https:\/\/www.landfrauen-meppen.de\/wesuwe-siedlung\/wp-json\/wp\/v2\/pages\/1444\/revisions\/1445"}],"up":[{"embeddable":true,"href":"https:\/\/www.landfrauen-meppen.de\/wesuwe-siedlung\/wp-json\/wp\/v2\/pages\/342"}],"wp:attachment":[{"href":"https:\/\/www.landfrauen-meppen.de\/wesuwe-siedlung\/wp-json\/wp\/v2\/media?parent=1444"}],"curies":[{"name":"wp","href":"https:\/\/api.w.org\/{rel}","templated":true}]}}