{"id":204,"date":"2018-02-18T13:25:50","date_gmt":"2018-02-18T12:25:50","guid":{"rendered":"http:\/\/www.landfrauen-meppen.de\/meppen\/?page_id=204"},"modified":"2018-05-30T17:55:16","modified_gmt":"2018-05-30T15:55:16","slug":"gruenkohlauflauf","status":"publish","type":"page","link":"https:\/\/www.landfrauen-meppen.de\/meppen\/rezepte\/gruenkohlauflauf\/","title":{"rendered":"Gr\u00fcnkohlauflauf"},"content":{"rendered":"<p><strong>\u00a0\u00a0\u00a0\u00a0\u00a0\u00a0\u00a0\u00a0\u00a0\u00a0\u00a0\u00a0\u00a0\u00a0\u00a0\u00a0\u00a0\u00a0 Gr\u00fcnkohlauflauf<\/strong><\/p>\n<p>&nbsp;<\/p>\n<p>500 g Gr\u00fcnkohl<\/p>\n<p>600 g Kartoffel\u00a0\u00a0\u00a0\u00a0\u00a0\u00a0\u00a0\u00a0\u00a0\u00a0\u00a0\u00a0\u00a0\u00a0\u00a0\u00a0 (w\u00fcrfeln)<\/p>\n<p>400 g M\u00f6hren\u00a0\u00a0\u00a0\u00a0\u00a0\u00a0\u00a0\u00a0\u00a0\u00a0\u00a0\u00a0\u00a0\u00a0\u00a0\u00a0\u00a0\u00a0 (w\u00fcrfeln)<\/p>\n<p>3 Gro\u00dfe Zwiebeln\u00a0\u00a0\u00a0\u00a0\u00a0\u00a0\u00a0\u00a0\u00a0\u00a0\u00a0\u00a0 (w\u00fcrfeln)<\/p>\n<p>3 E\u00dfl. Butterschmalz<\/p>\n<p>100 g getro. Aprikosen\u00a0\u00a0\u00a0\u00a0 (w\u00fcrfeln)<\/p>\n<p>1 S\u00e4uerl. Apfel\u00a0\u00a0\u00a0\u00a0\u00a0\u00a0\u00a0\u00a0\u00a0\u00a0\u00a0\u00a0\u00a0\u00a0\u00a0\u00a0 (sch\u00e4len,w\u00fcrfeln)<\/p>\n<p>4 Mettendchen\u00a0\u00a0\u00a0\u00a0\u00a0\u00a0\u00a0\u00a0\u00a0\u00a0\u00a0\u00a0\u00a0\u00a0\u00a0\u00a0 ( in Scheiben schneiden)<\/p>\n<p>\u00bd l Gem\u00fcsebr\u00fche<\/p>\n<p>200 g Creme Fraiche<\/p>\n<p>1 P. Gouda geraspelt<\/p>\n<p>Zubereitung:<\/p>\n<p>Die Zwiebeln in Butterschmalz and\u00fcnsten die Kartoffeln, M\u00f6hren, Aprikosen, Apfel und Mettendchen dazugeben. W\u00fcrzen mit Salz und Pfeffer, etwas Gem\u00fcsebr\u00fche aufgie\u00dfen und 30min schmoren lassen.<\/p>\n<p>Den Gr\u00fcnkohl dazugebern und mit der restliche Gem\u00fcsebr\u00fche abl\u00f6schen, weitere 30 min k\u00f6cheln lassen.<\/p>\n<p>Den Eintopf in eine Auflaufform geben. Creme-fraiche mit etwas Sahne verr\u00fchren und mit Salz und Pfeffer abschmecken. Auf dem Auflauf verteilen und den geraspelten K\u00e4se dar\u00fcber geben.<\/p>\n<p>Im vorgeheizten Backofen 20min bei 200 C\u00b0 \u00fcberbacken.<\/p>\n<p>Guten Appetit!<\/p>\n","protected":false},"excerpt":{"rendered":"<p>\u00a0\u00a0\u00a0\u00a0\u00a0\u00a0\u00a0\u00a0\u00a0\u00a0\u00a0\u00a0\u00a0\u00a0\u00a0\u00a0\u00a0\u00a0 Gr\u00fcnkohlauflauf &nbsp; 500 g Gr\u00fcnkohl 600 g Kartoffel\u00a0\u00a0\u00a0\u00a0\u00a0\u00a0\u00a0\u00a0\u00a0\u00a0\u00a0\u00a0\u00a0\u00a0\u00a0\u00a0 (w\u00fcrfeln) 400 g M\u00f6hren\u00a0\u00a0\u00a0\u00a0\u00a0\u00a0\u00a0\u00a0\u00a0\u00a0\u00a0\u00a0\u00a0\u00a0\u00a0\u00a0\u00a0\u00a0 (w\u00fcrfeln) 3 Gro\u00dfe Zwiebeln\u00a0\u00a0\u00a0\u00a0\u00a0\u00a0\u00a0\u00a0\u00a0\u00a0\u00a0\u00a0 (w\u00fcrfeln) 3 E\u00dfl. Butterschmalz 100 g getro. Aprikosen\u00a0\u00a0\u00a0\u00a0 (w\u00fcrfeln) 1 S\u00e4uerl. Apfel\u00a0\u00a0\u00a0\u00a0\u00a0\u00a0\u00a0\u00a0\u00a0\u00a0\u00a0\u00a0\u00a0\u00a0\u00a0\u00a0 (sch\u00e4len,w\u00fcrfeln) 4 Mettendchen\u00a0\u00a0\u00a0\u00a0\u00a0\u00a0\u00a0\u00a0\u00a0\u00a0\u00a0\u00a0\u00a0\u00a0\u00a0\u00a0 ( in Scheiben schneiden) \u00bd l Gem\u00fcsebr\u00fche 200 <a class=\"more-link\" href=\"https:\/\/www.landfrauen-meppen.de\/meppen\/rezepte\/gruenkohlauflauf\/\">Weiterlesen\u00a0\u2026<\/a><\/p>\n","protected":false},"author":10,"featured_media":0,"parent":267,"menu_order":0,"comment_status":"closed","ping_status":"closed","template":"","meta":{"footnotes":""},"class_list":["post-204","page","type-page","status-publish","hentry"],"_links":{"self":[{"href":"https:\/\/www.landfrauen-meppen.de\/meppen\/wp-json\/wp\/v2\/pages\/204","targetHints":{"allow":["GET"]}}],"collection":[{"href":"https:\/\/www.landfrauen-meppen.de\/meppen\/wp-json\/wp\/v2\/pages"}],"about":[{"href":"https:\/\/www.landfrauen-meppen.de\/meppen\/wp-json\/wp\/v2\/types\/page"}],"author":[{"embeddable":true,"href":"https:\/\/www.landfrauen-meppen.de\/meppen\/wp-json\/wp\/v2\/users\/10"}],"replies":[{"embeddable":true,"href":"https:\/\/www.landfrauen-meppen.de\/meppen\/wp-json\/wp\/v2\/comments?post=204"}],"version-history":[{"count":1,"href":"https:\/\/www.landfrauen-meppen.de\/meppen\/wp-json\/wp\/v2\/pages\/204\/revisions"}],"predecessor-version":[{"id":205,"href":"https:\/\/www.landfrauen-meppen.de\/meppen\/wp-json\/wp\/v2\/pages\/204\/revisions\/205"}],"up":[{"embeddable":true,"href":"https:\/\/www.landfrauen-meppen.de\/meppen\/wp-json\/wp\/v2\/pages\/267"}],"wp:attachment":[{"href":"https:\/\/www.landfrauen-meppen.de\/meppen\/wp-json\/wp\/v2\/media?parent=204"}],"curies":[{"name":"wp","href":"https:\/\/api.w.org\/{rel}","templated":true}]}}