{"id":940,"date":"2020-01-11T13:43:37","date_gmt":"2020-01-11T12:43:37","guid":{"rendered":"https:\/\/www.landfrauen-meppen.de\/holte-laehden\/?page_id=940"},"modified":"2020-06-21T21:57:34","modified_gmt":"2020-06-21T19:57:34","slug":"jahresprogramm-2020","status":"publish","type":"page","link":"https:\/\/www.landfrauen-meppen.de\/holte-laehden\/jahresprogramm-2020\/","title":{"rendered":"Jahresprogramm 2020"},"content":{"rendered":"<h3><a href=\"https:\/\/www.landfrauen-meppen.de\/holte-laehden\/aktuelles\/wuerfelband-lang\/\" rel=\"attachment wp-att-1012\"><img loading=\"lazy\" decoding=\"async\" class=\"alignnone size-full wp-image-1012\" src=\"https:\/\/www.landfrauen-meppen.de\/holte-laehden\/wp-content\/uploads\/sites\/9\/2020\/06\/W\u00fcrfelband-lang.jpg\" alt=\"\" width=\"842\" height=\"35\" srcset=\"https:\/\/www.landfrauen-meppen.de\/holte-laehden\/wp-content\/uploads\/sites\/9\/2020\/06\/W\u00fcrfelband-lang.jpg 842w, https:\/\/www.landfrauen-meppen.de\/holte-laehden\/wp-content\/uploads\/sites\/9\/2020\/06\/W\u00fcrfelband-lang-150x6.jpg 150w, https:\/\/www.landfrauen-meppen.de\/holte-laehden\/wp-content\/uploads\/sites\/9\/2020\/06\/W\u00fcrfelband-lang-300x12.jpg 300w, https:\/\/www.landfrauen-meppen.de\/holte-laehden\/wp-content\/uploads\/sites\/9\/2020\/06\/W\u00fcrfelband-lang-768x32.jpg 768w\" sizes=\"auto, (max-width: 842px) 100vw, 842px\" \/><\/a><\/h3>\n<h3><span style=\"color: #008000\">Samstag, den 1. Februar 2020\u00a0\u00a0\u00a0\u00a0\u00a0\u00a0\u00a0\u00a0\u00a0 um 9.30 Uhr<br \/>\n<\/span><\/h3>\n<h2><span style=\"color: #ff0000\"><a style=\"color: #ff0000\" href=\"https:\/\/www.landfrauen-meppen.de\/holte-laehden\/2020\/04\/03\/februar-2020-fruehstueck-mit-der-glueckslehrerin\/\">&#8222;Fr\u00fchst\u00fcck sucht Freundin&#8220;<\/a>\u00a0\u00a0\u00a0\u00a0\u00a0\u00a0\u00a0 <\/span><span style=\"color: #008000\">in Vinnen<\/span><\/h2>\n<p>Die meisten von uns beginnen das neue Jahr mit einer ganzen Palette neuer und alter Vors\u00e4tze: Gewicht verlieren, Rauchen abgew\u00f6hnen, mehr mit Freunden treffen, usw. &#8230; Warum nicht einfach nur eine Sache vornehmen: Gl\u00fccklich sein! Denn wenn ich gl\u00fccklich bin, sind doch alle o.g. Aspekte meines Lebens in Ordnung.<br \/>\nWie das funktioniert, erl\u00e4utert uns Frau Belling (Gl\u00fccks-Lehrerin aus dem Ammerland) an diesem Vormittag. Wir freuen uns auch diesmal \u00fcber bekannte und neue Gesichter.<\/p>\n<p>Anmeldungen bei den V-Frauen und dem Vorstand<\/p>\n<p><a href=\"https:\/\/www.landfrauen-meppen.de\/holte-laehden\/aktuelles\/trenner-duenn-lang\/\" rel=\"attachment wp-att-1011\"><img loading=\"lazy\" decoding=\"async\" class=\"alignnone size-full wp-image-1011\" src=\"https:\/\/www.landfrauen-meppen.de\/holte-laehden\/wp-content\/uploads\/sites\/9\/2020\/06\/Trenner-d\u00fcnn-lang.jpg\" alt=\"\" width=\"662\" height=\"4\" srcset=\"https:\/\/www.landfrauen-meppen.de\/holte-laehden\/wp-content\/uploads\/sites\/9\/2020\/06\/Trenner-d\u00fcnn-lang.jpg 662w, https:\/\/www.landfrauen-meppen.de\/holte-laehden\/wp-content\/uploads\/sites\/9\/2020\/06\/Trenner-d\u00fcnn-lang-150x1.jpg 150w, https:\/\/www.landfrauen-meppen.de\/holte-laehden\/wp-content\/uploads\/sites\/9\/2020\/06\/Trenner-d\u00fcnn-lang-300x2.jpg 300w\" sizes=\"auto, (max-width: 662px) 100vw, 662px\" \/><\/a><\/p>\n<h3><span style=\"color: #008000\">Dienstag, den 25. Februar 2020\u00a0\u00a0\u00a0\u00a0\u00a0\u00a0\u00a0\u00a0\u00a0 um 17.00 Uhr<br \/>\n<\/span><\/h3>\n<h2><span style=\"color: #ff0000\"><a style=\"color: #ff0000\" href=\"https:\/\/www.landfrauen-meppen.de\/holte-laehden\/2020\/04\/05\/25-februar-2020-tour-de-flur\/\">&#8211; &#8222;Tour de Flur&#8220;\u00a0\u00a0 &#8211;\u00a0<\/a>\u00a0\u00a0\u00a0\u00a0\u00a0\u00a0\u00a0\u00a0\u00a0\u00a0\u00a0\u00a0\u00a0\u00a0\u00a0\u00a0\u00a0\u00a0\u00a0\u00a0\u00a0\u00a0\u00a0\u00a0\u00a0\u00a0\u00a0\u00a0\u00a0\u00a0<span style=\"color: #008000\">\u00a0 <\/span><\/span><span style=\"color: #008000\">in Lastrup<\/span><\/h2>\n<p>Zu einem Winterspaziergang mit Angrillen laden wir herzlich ein. Der Treffpunkt ist die Lastruper Schule. Wir starten um 17 Uhr.<br \/>\nEin Regensschirm, eine Taschenlampe und gute Laune sind mitzubringen.<\/p>\n<p>Anmeldungen bei den V-Frauen und dem Vorstand<\/p>\n<p><a href=\"https:\/\/www.landfrauen-meppen.de\/holte-laehden\/aktuelles\/trenner-duenn-lang\/\" rel=\"attachment wp-att-1011\"><img loading=\"lazy\" decoding=\"async\" class=\"alignnone size-full wp-image-1011\" src=\"https:\/\/www.landfrauen-meppen.de\/holte-laehden\/wp-content\/uploads\/sites\/9\/2020\/06\/Trenner-d\u00fcnn-lang.jpg\" alt=\"\" width=\"662\" height=\"4\" srcset=\"https:\/\/www.landfrauen-meppen.de\/holte-laehden\/wp-content\/uploads\/sites\/9\/2020\/06\/Trenner-d\u00fcnn-lang.jpg 662w, https:\/\/www.landfrauen-meppen.de\/holte-laehden\/wp-content\/uploads\/sites\/9\/2020\/06\/Trenner-d\u00fcnn-lang-150x1.jpg 150w, https:\/\/www.landfrauen-meppen.de\/holte-laehden\/wp-content\/uploads\/sites\/9\/2020\/06\/Trenner-d\u00fcnn-lang-300x2.jpg 300w\" sizes=\"auto, (max-width: 662px) 100vw, 662px\" \/><\/a><\/p>\n<h3><span style=\"color: #008000\">Donnerstag, den 5. M\u00e4rz 2020\u00a0\u00a0\u00a0\u00a0\u00a0\u00a0\u00a0\u00a0\u00a0 um 14.30 Uhr<br \/>\n<\/span><\/h3>\n<h2><span style=\"color: #ff0000\">&#8211; KreisLandFrauennachmittag &#8211;\u00a0 <\/span><span style=\"color: #008000\">in Meppen<\/span><\/h2>\n<p>Der diesj\u00e4hrige KreisLandFrauennachmittag findet im Saal Kamp in Meppen statt. Zum Thema &#8222;Ged\u00e4chtnistraining&#8220; referiert J\u00fcrgen Petersen.<\/p>\n<p>Eine Karte zum Preis von 15,00 \u20ac ist ab sofort bei Monika Voges (Tel.: 05964-442) erh\u00e4ltlich.<\/p>\n<p><a href=\"https:\/\/www.landfrauen-meppen.de\/holte-laehden\/aktuelles\/trenner-duenn-lang\/\" rel=\"attachment wp-att-1011\"><img loading=\"lazy\" decoding=\"async\" class=\"alignnone size-full wp-image-1011\" src=\"https:\/\/www.landfrauen-meppen.de\/holte-laehden\/wp-content\/uploads\/sites\/9\/2020\/06\/Trenner-d\u00fcnn-lang.jpg\" alt=\"\" width=\"662\" height=\"4\" srcset=\"https:\/\/www.landfrauen-meppen.de\/holte-laehden\/wp-content\/uploads\/sites\/9\/2020\/06\/Trenner-d\u00fcnn-lang.jpg 662w, https:\/\/www.landfrauen-meppen.de\/holte-laehden\/wp-content\/uploads\/sites\/9\/2020\/06\/Trenner-d\u00fcnn-lang-150x1.jpg 150w, https:\/\/www.landfrauen-meppen.de\/holte-laehden\/wp-content\/uploads\/sites\/9\/2020\/06\/Trenner-d\u00fcnn-lang-300x2.jpg 300w\" sizes=\"auto, (max-width: 662px) 100vw, 662px\" \/><\/a><\/p>\n<h3><span style=\"color: #008000\">Dienstag, den 18. August 2020\u00a0\u00a0\u00a0\u00a0 Abfahrt um 10.00 Uhr<br \/>\n<\/span><\/h3>\n<h2><span style=\"color: #ff0000\">&#8211; Fahrt zu ALCINA\u00a0 &#8211;\u00a0\u00a0\u00a0\u00a0\u00a0\u00a0\u00a0\u00a0\u00a0\u00a0\u00a0\u00a0\u00a0\u00a0\u00a0\u00a0\u00a0\u00a0\u00a0 <\/span><span style=\"color: #008000\">nach Bielefeld<\/span><\/h2>\n<p>&#8222;Jeder Mensch ist auf seine eigene Weise sch\u00f6n&#8220; (Dr. Wolff)<\/p>\n<p>Wir fahren zum Dr. Wolff Institut in Bielefeld. Mit dem Besuch des dortigen Kosmetik-Cafe&#8217;s verbringen wir ein paar sch\u00f6ne Stunden im Zeichen der Sch\u00f6nheit. Wir erfahren mehr \u00fcber die Besonderheiten der ALCINA Kosmetik.<\/p>\n<p>Weitere Informationen werden zeitnah durch die Presse bekannt gegeben.<\/p>\n<p><a href=\"https:\/\/www.landfrauen-meppen.de\/holte-laehden\/aktuelles\/trenner-duenn-lang\/\" rel=\"attachment wp-att-1011\"><img loading=\"lazy\" decoding=\"async\" class=\"alignnone size-full wp-image-1011\" src=\"https:\/\/www.landfrauen-meppen.de\/holte-laehden\/wp-content\/uploads\/sites\/9\/2020\/06\/Trenner-d\u00fcnn-lang.jpg\" alt=\"\" width=\"662\" height=\"4\" srcset=\"https:\/\/www.landfrauen-meppen.de\/holte-laehden\/wp-content\/uploads\/sites\/9\/2020\/06\/Trenner-d\u00fcnn-lang.jpg 662w, https:\/\/www.landfrauen-meppen.de\/holte-laehden\/wp-content\/uploads\/sites\/9\/2020\/06\/Trenner-d\u00fcnn-lang-150x1.jpg 150w, https:\/\/www.landfrauen-meppen.de\/holte-laehden\/wp-content\/uploads\/sites\/9\/2020\/06\/Trenner-d\u00fcnn-lang-300x2.jpg 300w\" sizes=\"auto, (max-width: 662px) 100vw, 662px\" \/><\/a><\/p>\n<h3><span style=\"color: #008000\">Dienstag, den 15. September 2020\u00a0\u00a0\u00a0\u00a0\u00a0\u00a0\u00a0\u00a0\u00a0 um 14.30 Uhr<br \/>\n<\/span><\/h3>\n<h2><span style=\"color: #ff0000\">&#8211; Jubil\u00e4umsveranstaltung zum 70-j\u00e4hrigen Bestehen &#8211; <\/span><span style=\"color: #008000\">in L\u00e4hden<\/span><\/h2>\n<p>Bereits 1950 wurde der LandFrauenVerein als Verein Herzlake-Holte gegr\u00fcndet und eingetragen. Dies nehem wir zum Anlass, 70 Jahre feierlich zu begehen und einzuladen. Kurt Werkmeister, ein P\u00e4dagoge und Experte f\u00fcr\u00a0 Zeitmanagement, spricht an diesem Nachmittag zum Thema:<br \/>\n&#8222;Keine Zeit ist keine Tatsache, es ist deine Entscheidung&#8220;.<\/p>\n<p>Anmeldungen bei den V-Frauen und dem Vorstand<\/p>\n<p><a href=\"https:\/\/www.landfrauen-meppen.de\/holte-laehden\/aktuelles\/trenner-duenn-lang\/\" rel=\"attachment wp-att-1011\"><img loading=\"lazy\" decoding=\"async\" class=\"alignnone size-full wp-image-1011\" src=\"https:\/\/www.landfrauen-meppen.de\/holte-laehden\/wp-content\/uploads\/sites\/9\/2020\/06\/Trenner-d\u00fcnn-lang.jpg\" alt=\"\" width=\"662\" height=\"4\" srcset=\"https:\/\/www.landfrauen-meppen.de\/holte-laehden\/wp-content\/uploads\/sites\/9\/2020\/06\/Trenner-d\u00fcnn-lang.jpg 662w, https:\/\/www.landfrauen-meppen.de\/holte-laehden\/wp-content\/uploads\/sites\/9\/2020\/06\/Trenner-d\u00fcnn-lang-150x1.jpg 150w, https:\/\/www.landfrauen-meppen.de\/holte-laehden\/wp-content\/uploads\/sites\/9\/2020\/06\/Trenner-d\u00fcnn-lang-300x2.jpg 300w\" sizes=\"auto, (max-width: 662px) 100vw, 662px\" \/><\/a><\/p>\n<h3><span style=\"color: #008000\">Donnerstag, den 22. Oktober 2020\u00a0\u00a0\u00a0\u00a0\u00a0\u00a0\u00a0\u00a0\u00a0 um 19.00 Uhr<br \/>\n<\/span><\/h3>\n<h2><span style=\"color: #ff0000\">&#8211; Generalversammlung &#8211;\u00a0\u00a0\u00a0\u00a0\u00a0\u00a0\u00a0\u00a0\u00a0\u00a0\u00a0\u00a0\u00a0\u00a0\u00a0\u00a0\u00a0<span style=\"color: #008000\">\u00a0 <\/span><\/span><span style=\"color: #008000\">in L\u00e4hden<\/span><\/h2>\n<p>Der Schl\u00fcssel zur Heilung liegt im Darm. Genauso wie ungesunde Ern\u00e4hrung krank machen kann, kurbelt bewusste Ern\u00e4hrung die Heilung an.<br \/>\nFrau Christa G\u00f6diker, vom Gesundheitszentrum in L\u00e4hden, wird uns an diesem Abend mehr zum Thema Ern\u00e4hrungsumstellung erz\u00e4hlen.<\/p>\n<p>Anmeldungen bei den V-Frauen und dem Vorstand<\/p>\n<p><a href=\"https:\/\/www.landfrauen-meppen.de\/holte-laehden\/aktuelles\/trenner-duenn-lang\/\" rel=\"attachment wp-att-1011\"><img loading=\"lazy\" decoding=\"async\" class=\"alignnone size-full wp-image-1011\" src=\"https:\/\/www.landfrauen-meppen.de\/holte-laehden\/wp-content\/uploads\/sites\/9\/2020\/06\/Trenner-d\u00fcnn-lang.jpg\" alt=\"\" width=\"662\" height=\"4\" srcset=\"https:\/\/www.landfrauen-meppen.de\/holte-laehden\/wp-content\/uploads\/sites\/9\/2020\/06\/Trenner-d\u00fcnn-lang.jpg 662w, https:\/\/www.landfrauen-meppen.de\/holte-laehden\/wp-content\/uploads\/sites\/9\/2020\/06\/Trenner-d\u00fcnn-lang-150x1.jpg 150w, https:\/\/www.landfrauen-meppen.de\/holte-laehden\/wp-content\/uploads\/sites\/9\/2020\/06\/Trenner-d\u00fcnn-lang-300x2.jpg 300w\" sizes=\"auto, (max-width: 662px) 100vw, 662px\" \/><\/a><\/p>\n<h3><span style=\"color: #008000\">Donnerstag, den 26. November 2020\u00a0\u00a0\u00a0\u00a0\u00a0\u00a0\u00a0\u00a0\u00a0 um 19.00 Uhr<\/span><\/h3>\n<h2><span style=\"color: #ff0000\">&#8211; Voradventliche Feier &#8211;\u00a0\u00a0\u00a0\u00a0\u00a0\u00a0\u00a0\u00a0\u00a0\u00a0\u00a0\u00a0\u00a0\u00a0\u00a0\u00a0\u00a0\u00a0\u00a0\u00a0\u00a0 <\/span><span style=\"color: #008000\">in Vinnen<\/span><\/h2>\n<p>&#8222;Advents- und Weihnachtszeit &#8211; mal besinnlich, mal heiter!&#8220; &#8211;<\/p>\n<p>Was suchen 52% der Deutschen auf der Weihnachtsfeier ihrer Firma?<br \/>\nDiese und andere skurrile (Un-) Wahrheiten erfahren Sie in einem interaktiven Vortrag von Martin Kessens, einem Ged\u00e4chtnistrainer und p\u00e4dagogischen Leiter der KEB Oldenburg.<\/p>\n<p>Anmeldungen bei den V-Frauen und dem Vorstand<\/p>\n<p><a href=\"https:\/\/www.landfrauen-meppen.de\/holte-laehden\/aktuelles\/trenner-duenn-lang\/\" rel=\"attachment wp-att-1011\"><img loading=\"lazy\" decoding=\"async\" class=\"alignnone size-full wp-image-1011\" src=\"https:\/\/www.landfrauen-meppen.de\/holte-laehden\/wp-content\/uploads\/sites\/9\/2020\/06\/Trenner-d\u00fcnn-lang.jpg\" alt=\"\" width=\"662\" height=\"4\" srcset=\"https:\/\/www.landfrauen-meppen.de\/holte-laehden\/wp-content\/uploads\/sites\/9\/2020\/06\/Trenner-d\u00fcnn-lang.jpg 662w, https:\/\/www.landfrauen-meppen.de\/holte-laehden\/wp-content\/uploads\/sites\/9\/2020\/06\/Trenner-d\u00fcnn-lang-150x1.jpg 150w, https:\/\/www.landfrauen-meppen.de\/holte-laehden\/wp-content\/uploads\/sites\/9\/2020\/06\/Trenner-d\u00fcnn-lang-300x2.jpg 300w\" sizes=\"auto, (max-width: 662px) 100vw, 662px\" \/><\/a><\/p>\n<p>Konto-Nr. des LandFrauenVereins:<br \/>\nVOBA Hasel\u00fcnne DE89 2666 1380 1200 3859 00<\/p>\n<p><a href=\"https:\/\/www.landfrauen-meppen.de\/holte-laehden\/aktuelles\/trenner-duenn-lang\/\" rel=\"attachment wp-att-1011\"><img loading=\"lazy\" decoding=\"async\" class=\"alignnone size-full wp-image-1011\" src=\"https:\/\/www.landfrauen-meppen.de\/holte-laehden\/wp-content\/uploads\/sites\/9\/2020\/06\/Trenner-d\u00fcnn-lang.jpg\" alt=\"\" width=\"662\" height=\"4\" srcset=\"https:\/\/www.landfrauen-meppen.de\/holte-laehden\/wp-content\/uploads\/sites\/9\/2020\/06\/Trenner-d\u00fcnn-lang.jpg 662w, https:\/\/www.landfrauen-meppen.de\/holte-laehden\/wp-content\/uploads\/sites\/9\/2020\/06\/Trenner-d\u00fcnn-lang-150x1.jpg 150w, https:\/\/www.landfrauen-meppen.de\/holte-laehden\/wp-content\/uploads\/sites\/9\/2020\/06\/Trenner-d\u00fcnn-lang-300x2.jpg 300w\" sizes=\"auto, (max-width: 662px) 100vw, 662px\" \/><\/a><\/p>\n<p>Das neue Programm bietet ein buntes und vielseitiges Angebot und wir hoffen, dass f\u00fcr jede LandFrau etwas dabei ist. Wir freuen uns auf herzliche Begegnungen und viele gemeinsam erlebte Momente.<\/p>\n","protected":false},"excerpt":{"rendered":"<p>Samstag, den 1. Februar 2020\u00a0\u00a0\u00a0\u00a0\u00a0\u00a0\u00a0\u00a0\u00a0 um 9.30 Uhr &#8222;Fr\u00fchst\u00fcck sucht Freundin&#8220;\u00a0\u00a0\u00a0\u00a0\u00a0\u00a0\u00a0 in Vinnen Die meisten von uns beginnen das neue Jahr mit einer ganzen Palette neuer und alter Vors\u00e4tze: Gewicht <a class=\"more-link\" href=\"https:\/\/www.landfrauen-meppen.de\/holte-laehden\/jahresprogramm-2020\/\">Weiterlesen\u00a0\u2026<\/a><\/p>\n","protected":false},"author":9,"featured_media":0,"parent":0,"menu_order":0,"comment_status":"closed","ping_status":"closed","template":"","meta":{"footnotes":""},"class_list":["post-940","page","type-page","status-publish","hentry"],"_links":{"self":[{"href":"https:\/\/www.landfrauen-meppen.de\/holte-laehden\/wp-json\/wp\/v2\/pages\/940","targetHints":{"allow":["GET"]}}],"collection":[{"href":"https:\/\/www.landfrauen-meppen.de\/holte-laehden\/wp-json\/wp\/v2\/pages"}],"about":[{"href":"https:\/\/www.landfrauen-meppen.de\/holte-laehden\/wp-json\/wp\/v2\/types\/page"}],"author":[{"embeddable":true,"href":"https:\/\/www.landfrauen-meppen.de\/holte-laehden\/wp-json\/wp\/v2\/users\/9"}],"replies":[{"embeddable":true,"href":"https:\/\/www.landfrauen-meppen.de\/holte-laehden\/wp-json\/wp\/v2\/comments?post=940"}],"version-history":[{"count":12,"href":"https:\/\/www.landfrauen-meppen.de\/holte-laehden\/wp-json\/wp\/v2\/pages\/940\/revisions"}],"predecessor-version":[{"id":1034,"href":"https:\/\/www.landfrauen-meppen.de\/holte-laehden\/wp-json\/wp\/v2\/pages\/940\/revisions\/1034"}],"wp:attachment":[{"href":"https:\/\/www.landfrauen-meppen.de\/holte-laehden\/wp-json\/wp\/v2\/media?parent=940"}],"curies":[{"name":"wp","href":"https:\/\/api.w.org\/{rel}","templated":true}]}}