{"id":81,"date":"2017-02-27T22:04:07","date_gmt":"2017-02-27T21:04:07","guid":{"rendered":"http:\/\/www.landfrauen-meppen.de\/holte-laehden\/?page_id=81"},"modified":"2021-11-07T16:03:54","modified_gmt":"2021-11-07T15:03:54","slug":"rezepte","status":"publish","type":"page","link":"https:\/\/www.landfrauen-meppen.de\/holte-laehden\/rezepte\/","title":{"rendered":"Rezepte"},"content":{"rendered":"<p><a href=\"https:\/\/www.landfrauen-meppen.de\/holte-laehden\/2021\/11\/07\/italienische-bowl\/\">Italienische Bowl<\/a><\/p>\n<p><a href=\"https:\/\/www.landfrauen-meppen.de\/holte-laehden\/?p=1640&amp;preview=true\">Eierlik\u00f6rtorte<\/a><\/p>\n<p><a href=\"https:\/\/www.landfrauen-meppen.de\/holte-laehden\/2020\/04\/05\/kraeuter-frischkaeseaufstrich\/\">Kr\u00e4uter &#8211; Frischk\u00e4seaufstrich<\/a><\/p>\n<p><a href=\"https:\/\/www.landfrauen-meppen.de\/holte-laehden\/2019\/11\/10\/rote-linsensuppe\/\">Rote Linsensuppe<\/a><\/p>\n<p><a href=\"https:\/\/www.landfrauen-meppen.de\/holte-laehden\/2018\/02\/27\/mediterraner-brotaufstrich-im-thermomix\/\">Mediterraner Brotaufstrich<\/a><\/p>\n<p><a href=\"https:\/\/www.landfrauen-meppen.de\/holte-laehden\/2017\/03\/05\/fruehstuecksmuesli\/\">Fr\u00fchst\u00fccksm\u00fcsli<\/a><\/p>\n<p><a href=\"https:\/\/www.landfrauen-meppen.de\/holte-laehden\/2017\/02\/27\/erdnuss-lauchsuppe-fuer-10-personen\/\">Erdnuss- Lauchsuppe f\u00fcr 10 Personen<\/a><\/p>\n<p><a href=\"https:\/\/www.landfrauen-meppen.de\/holte-laehden\/2017\/02\/27\/pancakes-mit-ananas-kompott\/\">Pancakes mit Ananas-Kompott<\/a><\/p>\n<p><a href=\"https:\/\/www.landfrauen-meppen.de\/holte-laehden\/2017\/02\/27\/mandarinen-honig-tiramisu\/\">Mandarinen-Honig-Tiramisu<\/a><\/p>\n<p>&nbsp;<\/p>\n","protected":false},"excerpt":{"rendered":"<p>Italienische Bowl Eierlik\u00f6rtorte Kr\u00e4uter &#8211; Frischk\u00e4seaufstrich Rote Linsensuppe Mediterraner Brotaufstrich Fr\u00fchst\u00fccksm\u00fcsli Erdnuss- Lauchsuppe f\u00fcr 10 Personen Pancakes mit Ananas-Kompott Mandarinen-Honig-Tiramisu &nbsp;<\/p>\n","protected":false},"author":9,"featured_media":0,"parent":0,"menu_order":0,"comment_status":"closed","ping_status":"closed","template":"","meta":{"footnotes":""},"class_list":["post-81","page","type-page","status-publish","hentry"],"_links":{"self":[{"href":"https:\/\/www.landfrauen-meppen.de\/holte-laehden\/wp-json\/wp\/v2\/pages\/81","targetHints":{"allow":["GET"]}}],"collection":[{"href":"https:\/\/www.landfrauen-meppen.de\/holte-laehden\/wp-json\/wp\/v2\/pages"}],"about":[{"href":"https:\/\/www.landfrauen-meppen.de\/holte-laehden\/wp-json\/wp\/v2\/types\/page"}],"author":[{"embeddable":true,"href":"https:\/\/www.landfrauen-meppen.de\/holte-laehden\/wp-json\/wp\/v2\/users\/9"}],"replies":[{"embeddable":true,"href":"https:\/\/www.landfrauen-meppen.de\/holte-laehden\/wp-json\/wp\/v2\/comments?post=81"}],"version-history":[{"count":13,"href":"https:\/\/www.landfrauen-meppen.de\/holte-laehden\/wp-json\/wp\/v2\/pages\/81\/revisions"}],"predecessor-version":[{"id":100,"href":"https:\/\/www.landfrauen-meppen.de\/holte-laehden\/wp-json\/wp\/v2\/pages\/81\/revisions\/100"}],"wp:attachment":[{"href":"https:\/\/www.landfrauen-meppen.de\/holte-laehden\/wp-json\/wp\/v2\/media?parent=81"}],"curies":[{"name":"wp","href":"https:\/\/api.w.org\/{rel}","templated":true}]}}