{"id":658,"date":"2018-12-02T17:22:39","date_gmt":"2018-12-02T16:22:39","guid":{"rendered":"https:\/\/www.landfrauen-meppen.de\/holte-laehden\/?page_id=658"},"modified":"2019-11-10T22:30:35","modified_gmt":"2019-11-10T21:30:35","slug":"jahresprogramm-2019","status":"publish","type":"page","link":"https:\/\/www.landfrauen-meppen.de\/holte-laehden\/jahresprogramm-2019\/","title":{"rendered":"Jahresprogramm 2019"},"content":{"rendered":"<h2><span style=\"color: #ff0000\"><a href=\"https:\/\/www.landfrauen-meppen.de\/holte-laehden\/2019\/11\/10\/voradventliche-feier-am-29-november-2018\/\"><span style=\"color: #ff0000\">&#8222;Tour de Flur&#8220;<\/span><\/a> \u00a0 \u00a0 \u00a0 \u00a0 <span style=\"color: #000000\">in Ahmsen<\/span><\/span><\/h2>\n<p><strong>Mittwoch 30. Januar 2019 <\/strong><\/p>\n<p>Zu einem Wintersparziergang mit Angrillen laden wir herzlich ein. N\u00e4here Informationen werden zu gegebener Zeit durch die Presse bekannt gegeben.<\/p>\n<h2><a href=\"https:\/\/www.landfrauen-meppen.de\/holte-laehden\/2019\/11\/10\/februar-2019-betrug-erkennen-und-vermeiden\/\"><span style=\"color: #ff0000\">Betrug erkennen und vermeiden<\/span><\/a><\/h2>\n<p><strong>Donnerstag, 21. Februar 2019<\/strong>\u00a0\u00a0\u00a0\u00a0\u00a0\u00a0\u00a0\u00a0\u00a0\u00a0\u00a0\u00a0\u00a0\u00a0\u00a0\u00a0\u00a0\u00a0\u00a0\u00a0 \u00a0\u00a0<strong>19 Uhr in Vinnen<\/strong><\/p>\n<p>Das gepl\u00fcnderte Konto, Betrugsmaschen im Internet, Gewinnversprechen, Schockanrufe, falsche Polizeibeamte oder der Enkeltrick werden anhand haarstr\u00e4ubender F\u00e4lle die Themen des Abends sein. Polizeihauptkommissar Harmut Bruns aus Meppen wird uns von seinen Erfahrungen berichten.<\/p>\n<p><strong>Anmeldungen<\/strong> bitte bei den Vertrauensfrauen oder Vorstand bis zum 19.02.19<\/p>\n<h2><a href=\"https:\/\/www.landfrauen-meppen.de\/holte-laehden\/2019\/11\/10\/april-2019-gartenfahrt-nach-holland\/\"><span style=\"color: #ff0000\">Gartenfahrt nach Holland<\/span><\/a><\/h2>\n<p><strong>Mittwoch 10. April 2019<\/strong><strong> \u00a0\u00a0\u00a0\u00a0\u00a0\u00a0\u00a0\u00a0\u00a0\u00a0\u00a0\u00a0\u00a0 \u00a0\u00a0\u00a0\u00a0\u00a0\u00a0\u00a0\u00a0\u00a0\u00a0\u00a0\u00a0\u00a0\u00a0\u00a0\u00a0\u00a0\u00a0\u00a0Abfahrt: 11.30 Uhr<\/strong><\/p>\n<p>Wir besuchen den Garten der Familie van Delden. Auf 6000 qm bl\u00fchen tausende Blumenzwiebeln in 12 Gartenzimmern. Danach fahren wir zur G\u00e4rtnerei Foltz. Auch hier erwarten uns pr\u00e4chtige G\u00e4rten, vor allem aber eine spezialisierte G\u00e4rtnerei mit einer breiten Palette von Stauden, Gr\u00e4sern, Kr\u00e4utern und botanischen Rarit\u00e4ten. Nach der F\u00fchrung besteht die M\u00f6glichkeit zum Einkauf.<br \/>\nIm Restaurant Kanelloni in Heede werden wir zu Abend essen, bevor wir die Heimreise antreten.<br \/>\n<strong>Anmeldungen<\/strong> bei Thea J\u00fcrgens (Tel. 1528) mit der Bitte um \u00dcberweisung von 39 \u20ac auf das LandFrauenkonto bis zum 26.03.2019.<\/p>\n<h2><a href=\"https:\/\/www.landfrauen-meppen.de\/holte-laehden\/2019\/11\/10\/mai-2019-halbtagesfahrt-nach-haren\/\"><span style=\"color: #ff0000\">Halbtagesfahrt nach Haren<\/span><\/a><\/h2>\n<p><strong>Mittwoch, 22. Mai 2019<\/strong><strong>\u00a0\u00a0\u00a0\u00a0\u00a0\u00a0\u00a0\u00a0\u00a0\u00a0\u00a0\u00a0\u00a0\u00a0\u00a0\u00a0\u00a0\u00a0\u00a0\u00a0\u00a0\u00a0\u00a0\u00a0\u00a0\u00a0\u00a0\u00a0\u00a0\u00a0\u00a0\u00a0\u00a0 \u00a0\u00a0\u00a0Abfahrt: 12 Uhr<\/strong><\/p>\n<p>Mit einer F\u00fchrung werden wir das dortige Schifffahrtsmuseum kennenlernen. Im Anschluss erwarten uns Agnes und Benno Schulte in ihrem Hofladen zum Kaffee. Auf ihrer Hofstelle wird uns der Anbau und Vertrieb von Spargel aufgezeigt. Der Jahreszeit entsprechend lassen wir im Bauernhof Caf\u00e9 Meutstege mit einem Spargelessen den Abend ausklingen.<br \/>\n<strong>Anmeldungen<\/strong> bei Irmgard Beckel (Tel. 1582) mit der Bitte um \u00dcberweisung von 41 \u20ac bis zum 8.Mai 2019.<\/p>\n<h2><a href=\"https:\/\/www.landfrauen-meppen.de\/holte-laehden\/2019\/11\/10\/september-2019-hallenkino\/\"><span style=\"color: #ff0000\">\u201eScheunenkinoabend\u201c<\/span><\/a><\/h2>\n<p><strong>Donnerstag, 5. September 2019<\/strong><\/p>\n<p>in V\u00f6lkers Halle am Sportplatz in Vinnen. Los geht es um 18.30 Uhr mit einem kleinen Imbiss. Um 19.30 Uhr hei\u00dft es dann \u201eFilm ab\u201c. Bei k\u00fchlem Wetter bitte eine Decke mitbringen.<br \/>\n<strong>Anmeldungen<\/strong> bis zum 30. August 2019 bei den Vertrauensfrauen oder dem Vorstand.<\/p>\n<h2><span style=\"color: #ff0000\">\u00a0<a href=\"https:\/\/www.landfrauen-meppen.de\/holte-laehden\/2019\/11\/10\/september-2019-fruehstueck-mit-farb-u-stilberatung\/\"><span style=\"color: #ff0000\">\u201eFr\u00fchst\u00fcck sucht Freundin\u201c<\/span><\/a><\/span><\/h2>\n<p><strong>Samstag, 28. September 2019<\/strong>\u00a0\u00a0 \u00a0\u00a0\u00a0\u00a0\u00a0\u00a0\u00a0\u00a0\u00a0\u00a0\u00a0\u00a0\u00a0\u00a0\u00a0\u00a0\u00a0\u00a0\u00a0\u00a0\u00a0\u00a0\u00a0 <strong>9.30 Uhr in L\u00e4hden<\/strong><\/p>\n<p>mit Durchf\u00fchrung einer Farb- und Stilberatung und einem Ausflug in die neue Herbst- und Wintermode 2019\/20. Mode ist wie eine zweite Haut, wir sollen uns darin wohl f\u00fchlen. Dies gelingt mit den individuellen Farben und dem richtigen Stil. Das Pepita Team aus Nordhorn gibt uns Tipps und Anregungen.<br \/>\n<strong>Anmeldungen<\/strong> bitte bei den Vertrauensfrauen oder dem Vorstand bis zum 24.09.2019.<\/p>\n<h2><a href=\"https:\/\/www.landfrauen-meppen.de\/holte-laehden\/2019\/11\/10\/oktober-2019-generalversammlung-mit-neuwahlen\/\"><span style=\"color: #ff0000\">Generalversammlung mit NEUWAHLEN<\/span><\/a><\/h2>\n<p><strong>Donnerstag 24. Oktober 2019<\/strong> \u00a0\u00a0\u00a0\u00a0\u00a0\u00a0\u00a0\u00a0\u00a0\u00a0\u00a0\u00a0\u00a0\u00a0\u00a0\u00a0\u00a0\u00a0\u00a0\u00a0\u00a0\u00a0\u00a0\u00a0\u00a0\u00a0<strong>19 Uhr in Vinnen<\/strong><\/p>\n<p>Frau Annelene Ewers, Bezirksvorsitzende der LandFrauen Emsland\/ Grafschaft Bentheim referiert zum Thema: &#8222;Ehrenamt&#8220;.<br \/>\n<strong>Anmeldungen<\/strong> bitte bei den Vertrauensfrauen oder dem Vorstand bis zum 21.10.2019.<\/p>\n<h2><span style=\"color: #ff0000\">Voradventliche Feier<\/span><\/h2>\n<p><strong>Donnerstag 28. November 2019<\/strong><strong> \u00a0\u00a0\u00a0\u00a0\u00a0\u00a0\u00a0\u00a0\u00a0\u00a0\u00a0<\/strong>\u00a0\u00a0\u00a0\u00a0\u00a0\u00a0\u00a0\u00a0\u00a0\u00a0<strong>19 Uhr in L\u00e4hden <\/strong><\/p>\n<p>\u201eAlles hat seine Zeit \u2013 ADVENT ist im Dezember\u201c.<\/p>\n<p>Frau Mechthild Husmann von der katholischen Landvolkhochschule in Oesede wird uns mit ihrem Thema in den Advent einstimmen.<br \/>\n<strong>Anmeldungen<\/strong> bitte bei den Vertrauensfrauen oder dem Vorstand bis zum 25.11.2019.<\/p>\n<p>Wir hoffen mit diesem Programm auf viele sch\u00f6ne gemeinsame Veranstaltungen der Mitglieder, aber auch Nichtmitglieder, denen wir ein Schnupperjahr anbieten.<\/p>\n<p>&nbsp;<\/p>\n<p><strong>Kontonummer des Landfrauenvereins:<br \/>\n<\/strong><strong>VOBA Hasel\u00fcnne DE 89 26661380 1200385900<\/strong><\/p>\n","protected":false},"excerpt":{"rendered":"<p>&#8222;Tour de Flur&#8220; \u00a0 \u00a0 \u00a0 \u00a0 in Ahmsen Mittwoch 30. Januar 2019 Zu einem Wintersparziergang mit Angrillen laden wir herzlich ein. N\u00e4here Informationen werden zu gegebener Zeit durch die <a class=\"more-link\" href=\"https:\/\/www.landfrauen-meppen.de\/holte-laehden\/jahresprogramm-2019\/\">Weiterlesen\u00a0\u2026<\/a><\/p>\n","protected":false},"author":9,"featured_media":0,"parent":0,"menu_order":0,"comment_status":"closed","ping_status":"closed","template":"","meta":{"footnotes":""},"class_list":["post-658","page","type-page","status-publish","hentry"],"_links":{"self":[{"href":"https:\/\/www.landfrauen-meppen.de\/holte-laehden\/wp-json\/wp\/v2\/pages\/658","targetHints":{"allow":["GET"]}}],"collection":[{"href":"https:\/\/www.landfrauen-meppen.de\/holte-laehden\/wp-json\/wp\/v2\/pages"}],"about":[{"href":"https:\/\/www.landfrauen-meppen.de\/holte-laehden\/wp-json\/wp\/v2\/types\/page"}],"author":[{"embeddable":true,"href":"https:\/\/www.landfrauen-meppen.de\/holte-laehden\/wp-json\/wp\/v2\/users\/9"}],"replies":[{"embeddable":true,"href":"https:\/\/www.landfrauen-meppen.de\/holte-laehden\/wp-json\/wp\/v2\/comments?post=658"}],"version-history":[{"count":13,"href":"https:\/\/www.landfrauen-meppen.de\/holte-laehden\/wp-json\/wp\/v2\/pages\/658\/revisions"}],"predecessor-version":[{"id":917,"href":"https:\/\/www.landfrauen-meppen.de\/holte-laehden\/wp-json\/wp\/v2\/pages\/658\/revisions\/917"}],"wp:attachment":[{"href":"https:\/\/www.landfrauen-meppen.de\/holte-laehden\/wp-json\/wp\/v2\/media?parent=658"}],"curies":[{"name":"wp","href":"https:\/\/api.w.org\/{rel}","templated":true}]}}