{"id":473,"date":"2017-12-26T23:10:33","date_gmt":"2017-12-26T22:10:33","guid":{"rendered":"http:\/\/www.landfrauen-meppen.de\/holte-laehden\/?page_id=473"},"modified":"2019-11-10T18:15:50","modified_gmt":"2019-11-10T17:15:50","slug":"jahresprogramm-2018","status":"publish","type":"page","link":"https:\/\/www.landfrauen-meppen.de\/holte-laehden\/jahresprogramm-2018\/","title":{"rendered":"Jahresprogramm 2018"},"content":{"rendered":"<ul>\n<li>Montag, 22. Januar 2018 \u00a0\u00a0\u00a0\u00a0 \u00a0 \u00a0\u00a0 14:30 Uhr in Hasel\u00fcnne<br \/>\n<h3><span style=\"color: #ff0000\"><br \/>\nEWE-Kochvorf\u00fchrung<\/span><\/h3>\n<\/li>\n<\/ul>\n<p>An diesem Nachmittag fahren wir mit Fahrgemeinschaften zur EWE nach Hasel\u00fcnne. Nach der Koch- und Backvorf\u00fchrung h\u00f6ren wir einen Vortrag zum Thema: \u201eEnergiesparen\u201c.<\/p>\n<p>Anmeldungen bis zum 16. Januar 2018\u00a0 bei Christa Freese (05432-3124).<\/p>\n<p>&nbsp;<\/p>\n<ul>\n<li>Samstag, 24. Februar 2018 \u00a0 \u00a0 \u00a0 \u00a0 9:30 Uhr in L\u00e4hden<\/li>\n<\/ul>\n<h3><span style=\"color: #ff0000\">\u201eFr\u00fchst\u00fcck sucht Freundin\u201c<\/span><\/h3>\n<p>Nach einem guten Fr\u00fchst\u00fcck hat\u00a0 die Theatergruppe \u201eRestrisiko\u201c vom TPZ aus\u00a0 Lingen ihren Auftritt.<br \/>\nMit dem St\u00fcck \u201eMord im Schrebergarten\u201c wird sie f\u00fcr Unterhaltung sorgen.<\/p>\n<p>Anmeldungen bei den Vertrauensfrauen oder dem Vorstand bis zum 21. Februar 2018<\/p>\n<p>&nbsp;<\/p>\n<ul>\n<li>Freitag, 16. M\u00e4rz 2018 \u00a0 \u00a0 \u00a0 \u00a0 \u00a0 \u00a0 \u00a0 \u00a0 18:00 Uhr in Meppen<\/li>\n<\/ul>\n<h3><span style=\"color: #ff0000\">Kreislandfrauenabend<\/span><\/h3>\n<p>Zu dieser Kreisveranstaltung im Windthorst \u2013 Gymnasium in Meppen bieten uns die\u00a0 \u201eSalon Damen\u201c aus\u00a0\u00a0 Dresden ein Unterhaltungsprogramm mit Musik aus den 20er und 30er Jahren.<\/p>\n<p>Einlass ist um 17 Uhr, Beginn 18 Uhr.\u00a0 Die Eintrittskarte kostet 20 \u20ac pro Frau, wobei diese keine Platzreservierung enth\u00e4lt. Es startet mit einem Sektempfang. In der Pause bekommt jeder Gast einen Teller mit Fingerfood. Die Getr\u00e4nke in der Pause m\u00fcssen selber bezahlt werden. Das Domhof-Parkhaus wird an diesem Abend f\u00fcr diese Veranstaltung ge\u00f6ffnet sein .<\/p>\n<p>Karten werden bis zum 15. Januar durch die \u00dcberweisung auf das Vereinskonto (VOBA Hasel\u00fcnne DE 89 26661 380 1200 385900) hinterlegt oder sind direkt bei Monika Voges (05964-442) zu erwerben.<\/p>\n<p>&nbsp;<\/p>\n<ul>\n<li>Mittwoch, 11. April 2018 \u00a0 \u00a0 \u00a0 \u00a0 \u00a0 \u00a0 \u00a0 19:30 Uhr in Vinnen<\/li>\n<\/ul>\n<h3><span style=\"color: #ff0000\">\u00a0\u201eDas neue Pflegest\u00e4rkungsgesetz\u201c<\/span><\/h3>\n<p>Zum 1.01.2017 wurden geltende\u00a0 3 Pflegestufen in\u00a0 5 Pflegegrade umgewandelt. Wie diese aussehen und welche \u00c4nderungen\u00a0 es im Rahmen des Zweiten Pflegest\u00e4rkungsgesetzes \u00a0gibt,\u00a0 erl\u00e4utert\u00a0 uns der Pflegedienstleiter\u00a0 der Caritas \u2013 Sozialstation \u2013 Holte-Lastrup, Michael Hengem\u00fchle in einem Vortrag.<\/p>\n<p>Anmeldungen bei den Vertrauensfrauen oder dem Vorstand bis zum 8.April 2018<\/p>\n<p>&nbsp;<\/p>\n<ul>\n<li>Dienstag, 26. Juni\u00a0 2018\u00a0\u00a0\u00a0\u00a0\u00a0\u00a0\u00a0\u00a0\u00a0\u00a0\u00a0\u00a0\u00a0\u00a0 Abfahrt: ab 8:30 Uhr<\/li>\n<\/ul>\n<h3><span style=\"color: #ff0000\">TAGESFAHRT nach Oldenburg<\/span><\/h3>\n<p>Wir besichtigen die Firma CEWE, Europas f\u00fchrender Fotoservice und kommerzieller Online Druckpartner.<br \/>\n(Hinweise: Es wird festes Schuhwerk empfohlen. Aufgrund von Sicherheits-bestimmungen gibt es Mobilit\u00e4tseinschr\u00e4nkungen f\u00fcr Rollatoren und Rollst\u00fchle.)<\/p>\n<p>Nach dem gemeinsamen Mittagessen steht eine ca. 1-st\u00fcndige Stadtrundfahrt in Oldenburg auf dem Programm. Anschlie\u00dfend Zeit zur freien Verf\u00fcgung. Gegen 18.00 Uhr treten wir die Heimreise an.<\/p>\n<p>Kosten: ca. 45 \u20ac (Bus, F\u00fchrungen und Mittagessen)<\/p>\n<p>&nbsp;<\/p>\n<ul>\n<li>07 \u2013 7.07.2018<\/li>\n<\/ul>\n<p style=\"text-align: center\"><strong><u>Fahrt in die BRETAGNE vom KreisLandfrauenverband<\/u><\/strong><\/p>\n<p>&nbsp;<\/p>\n<ul>\n<li>Mittwoch, 12. September 2018 \u00a0 \u00a0 \u00a0\u00a0 Abfahrt: ab 12:00 Uhr<\/li>\n<\/ul>\n<h3><span style=\"color: #ff0000\">HALBTAGESFAHRT <\/span><span style=\"color: #ff0000\">nach Edewecht und Augustfehn<\/span><\/h3>\n<p>Unsere Halbtagesfahrt f\u00fchrt uns in diesem Jahr nach Edewecht zur DMK (Deutsches Milchkontor). Zur DMK Group geh\u00f6ren: Milram, Osterland, Oldenburger, Humana und Normi.<\/p>\n<p>Wir beginnen hier mit einer Pr\u00e4sentation. Im Anschluss findet dann eine Verkostung von K\u00e4se und Milchgetr\u00e4nken statt. Abgerundet wird dies durch einen Rundgang in der Produktion der Molkerei, wo sie sich weiter informieren k\u00f6nnen.<\/p>\n<p>Weiter geht es dann zur Holzofenb\u00e4ckerei Ripken in Augustfehn. Hier haben wir die M\u00f6glichkeit hinter die Kulissen der Backstube zu schauen. Herr Ripken ist B\u00e4cker aus Leidenschaft. Dort erwartet uns auch ein rustikales Abendbrot, bevor wir gegen 19.30 zur\u00fcckfahren.<\/p>\n<p>Abfahrt: ab 12.00 Uhr von L\u00e4hden, Lastrup, Ziegelei, Holte, Her\u00dfum, Ahmsen und Vinnen<\/p>\n<p>Kosten: ca. 38,-\u20ac f\u00fcr Busfahrt, Besichtigungen u. Essen<\/p>\n<p>Anmeldungen: bei Christa Freese (05432-3124) und \u00dcberweisung auf das Landfrauenkonto.<\/p>\n<ul>\n<li>Mittwoch, 24. Oktober 2018 \u00a0\u00a0\u00a0\u00a0\u00a0\u00a0\u00a0\u00a0\u00a0\u00a0\u00a0\u00a0\u00a0\u00a0\u00a0\u00a0 19:00 Uhr in L\u00e4hden<\/li>\n<\/ul>\n<h3><a href=\"https:\/\/www.landfrauen-meppen.de\/holte-laehden\/2019\/11\/10\/generalversammlung-24-oktober-2018\/\"><span style=\"color: #ff0000\">GENERALVERSAMMLUNG\u00a0\u00a0\u00a0\u00a0\u00a0 <\/span><span style=\"color: #ff0000\">Thema: Vegane Ern\u00e4hrung<\/span><\/a><\/h3>\n<p>Nach den Regularien nehmen wir vegetarische und vegane Ern\u00e4hrung unter der Lupe. Ist Gem\u00fcse das neue Fleisch? Wie sieht die gesundheitliche Beurteilung einer vegetarischen Ern\u00e4hrung aus? Welche Vorteile bietet die vollwertige Ern\u00e4hrung mit Fleisch? Antworten gibt uns Frau Beate Langenhorst von der Landwirtschaftskammer w\u00e4hrend ihres Vortrages mit Verkostung.<\/p>\n<p>Anmeldungen bis zum 21.10.2018 bei den Vertrauensfrauen oder Vorstand.<\/p>\n<ul>\n<li>Donnerstag , 29. November 2018 \u00a0 \u00a0 \u00a0\u00a0 19:00 Uhr in Vinnen<\/li>\n<\/ul>\n<h3><a href=\"https:\/\/www.landfrauen-meppen.de\/holte-laehden\/2019\/11\/10\/voradventliche-feier-am-29-november-2018\/\"><span style=\"color: #ff0000\">Voradventliche Feier\u00a0\u00a0\u00a0\u00a0\u00a0\u00a0\u00a0\u00a0\u00a0\u00a0\u00a0\u00a0\u00a0\u00a0\u00a0\u00a0\u00a0 <\/span><span style=\"color: #ff0000\">\u201eGeh mit uns auf unseren Weg \u2013<\/span><\/a><br \/>\n<span style=\"color: #ff0000\">Was M\u00e4rchen erz\u00e4hlen vom Gehen und Ankommen\u201c<\/span><\/h3>\n<p>M\u00e4rchen sind wunderbare Poesie gegen unseren oft tr\u00fcben Alltag. Aber sind diese Geschichten nicht eher etwas f\u00fcr Kinder und Leichtgl\u00e4ubige? Oder steckt mehr hinter diesen uralten Worten, die uns mit ihren starken Bildern von Lebenstr\u00e4umen und Lebenshoffnungen erz\u00e4hlen? Frau Conny Sandvo\u00df wird uns in die Welt der M\u00e4rchen begleiten.<\/p>\n<p>Anmeldungen bis zum 26.11.2018 bei den Vertrauensfrauen oder Vorstand.<\/p>\n<p>&nbsp;<\/p>\n<p><strong>Wir hoffen mit diesem Programm auf viele sch\u00f6ne gemeinsame Veranstaltungen f\u00fcr Mitglieder, aber auch Nichtmitglieder, denen wir ein Schnupperjahr anbieten.<\/strong><\/p>\n","protected":false},"excerpt":{"rendered":"<p>Montag, 22. Januar 2018 \u00a0\u00a0\u00a0\u00a0 \u00a0 \u00a0\u00a0 14:30 Uhr in Hasel\u00fcnne EWE-Kochvorf\u00fchrung An diesem Nachmittag fahren wir mit Fahrgemeinschaften zur EWE nach Hasel\u00fcnne. Nach der Koch- und Backvorf\u00fchrung h\u00f6ren wir <a class=\"more-link\" href=\"https:\/\/www.landfrauen-meppen.de\/holte-laehden\/jahresprogramm-2018\/\">Weiterlesen\u00a0\u2026<\/a><\/p>\n","protected":false},"author":9,"featured_media":0,"parent":0,"menu_order":0,"comment_status":"closed","ping_status":"closed","template":"","meta":{"footnotes":""},"class_list":["post-473","page","type-page","status-publish","hentry"],"_links":{"self":[{"href":"https:\/\/www.landfrauen-meppen.de\/holte-laehden\/wp-json\/wp\/v2\/pages\/473","targetHints":{"allow":["GET"]}}],"collection":[{"href":"https:\/\/www.landfrauen-meppen.de\/holte-laehden\/wp-json\/wp\/v2\/pages"}],"about":[{"href":"https:\/\/www.landfrauen-meppen.de\/holte-laehden\/wp-json\/wp\/v2\/types\/page"}],"author":[{"embeddable":true,"href":"https:\/\/www.landfrauen-meppen.de\/holte-laehden\/wp-json\/wp\/v2\/users\/9"}],"replies":[{"embeddable":true,"href":"https:\/\/www.landfrauen-meppen.de\/holte-laehden\/wp-json\/wp\/v2\/comments?post=473"}],"version-history":[{"count":34,"href":"https:\/\/www.landfrauen-meppen.de\/holte-laehden\/wp-json\/wp\/v2\/pages\/473\/revisions"}],"predecessor-version":[{"id":826,"href":"https:\/\/www.landfrauen-meppen.de\/holte-laehden\/wp-json\/wp\/v2\/pages\/473\/revisions\/826"}],"wp:attachment":[{"href":"https:\/\/www.landfrauen-meppen.de\/holte-laehden\/wp-json\/wp\/v2\/media?parent=473"}],"curies":[{"name":"wp","href":"https:\/\/api.w.org\/{rel}","templated":true}]}}