{"id":34,"date":"2017-02-23T20:32:12","date_gmt":"2017-02-23T19:32:12","guid":{"rendered":"http:\/\/www.landfrauen-meppen.de\/holte-laehden\/?page_id=34"},"modified":"2018-01-12T21:14:03","modified_gmt":"2018-01-12T20:14:03","slug":"jahresprogramm-2017","status":"publish","type":"page","link":"https:\/\/www.landfrauen-meppen.de\/holte-laehden\/jahresprogramm-2017\/","title":{"rendered":"Jahresprogramm 2017"},"content":{"rendered":"<ul>\n<li><span style=\"color: #008000\">Mittwoch, 25. Januar um 19.30 Uhr<\/span>\u00a0\u00a0\u00a0 in Vinnen<\/li>\n<\/ul>\n<p><a href=\"https:\/\/www.landfrauen-meppen.de\/holte-laehden\/2017\/02\/27\/sauberer-haushalt-dreckige-umwelt\/\"><span style=\"color: #ff0000\"><u>Sauberer Haushalt &#8211; Dreckige Umwelt<\/u><\/span><\/a><\/p>\n<p>Es geht um Reinigungsmittel im Haushalt und ihre Umweltvertr\u00e4glichkeit.\u00a0Hygiene ist wichtig, aber es muss nicht immer gleich die \u201eChemiekeule\u201c sein. Viel zu oft setzen wir eine Vielzahl von Reinigungsmitteln ein, welche\u00a0uns durch die Werbung immer wieder gerne angepriesen werden. Wie Sie ihr Haus auch ohne den Einsatz von viel Chemie auf Hochglanz bringen k\u00f6nnen, erl\u00e4utert Ursula Hoppe von der Landwirtschaftskammer aus Cloppenburg in diesem Vortrag.<\/p>\n<p>Anmeldungen bis zum 23.1. 2017 bei den Vertrauensfrauen oder dem Vorstand.<\/p>\n<ul>\n<li><span style=\"color: #008000\">Samstag, 4. M\u00e4rz um 9.30 Uhr<\/span>\u00a0\u00a0\u00a0\u00a0\u00a0\u00a0 in L\u00e4hden<\/li>\n<\/ul>\n<p><a href=\"https:\/\/www.landfrauen-meppen.de\/holte-laehden\/2017\/03\/04\/fruehstueck-sucht-freundin\/\"><span style=\"color: #ff0000\"><u>Fr\u00fchst\u00fcck sucht Freundin<\/u><\/span><\/a><\/p>\n<p>Zum Internationalen Frauentag findet eine gemeinsame Veranstaltung der Gleichstellungsbeauftragten der Stadt Hasel\u00fcnne und der Samtgemeinde Herzlake sowie der Landfrauen Herzlake-Dohren und Holte-L\u00e4hden statt.<\/p>\n<p>W\u00e4hrend dieser Veranstaltung werden die Kabarettistinnen Anke Brausch und Claudia Thiel, als Duo \u201eWeibsbilder\u201c bekannt, mit ihrem Programm<\/p>\n<p>\u201eBotox to go &#8211;\u00a0Bei uns\u00a0kriegst du dein Fett weg!\u201c<\/p>\n<p>auftreten. Sch\u00f6nheit liegt im Auge des Betrachters! Und so haben es sich die \u201eWeibsbilder\u201c in ihrem neuen Programm zur Aufgabe gemacht, dem Beautywahn den Spiegel vorzuhalten und Makel da aufzusp\u00fcren, wo sie durch reichlich Make-Up \u00fcberdeckt werden. Wie fast alle Frauen machen auch sie sich Gedanken \u00fcber das Alter, dem oft einhergehenden Attraktivit\u00e4tsverlust und dem Problem, wenn der eigene K\u00f6rper zur Dauerbaustelle wird. Sie bieten eine Mischung aus Kabarett, Comedy und Musik!<\/p>\n<p>Eintrittskarten (15\u20ac p.P.) k\u00f6nnen bei der Gemeinde in Herzlake und den Landfrauen Herzlake-Dohren und Holte-L\u00e4hden erworben werden. Ab wann der Kartenverkauf erfolgt, wird in der \u00f6rtlichen Presse bekanntgegeben.<\/p>\n<ul>\n<li><span style=\"color: #008000\">Mittwoch, 29. M\u00e4rz um 19.30 Uhr<\/span>\u00a0\u00a0\u00a0 in Vinnen<\/li>\n<\/ul>\n<p><a href=\"https:\/\/www.landfrauen-meppen.de\/holte-laehden\/2017\/03\/29\/achtsamkeit-gelassenheit-und-gesundheitsvorsorge\/\"><span style=\"color: #ff0000\"><u>Achtsamkeitstraining\/Gesundheitsvorsorge<\/u><\/span><\/a><\/p>\n<p>Gelassenheit w\u00fcnschen sich die meisten Menschen. Ist Gelassenheit doch der Schl\u00fcssel zu einem ausgeglichenen Leben. Wer in sich ruht und um sich herum die Dinge auch mal geschehen lassen kann, lebt ges\u00fcnder, fr\u00f6hlicher und entspannter. Nur wie gewinnt man Gelassenheit?<\/p>\n<p>Herr Siegfried Langen zeigt uns, dass es &#8211; abh\u00e4ngig von der Pers\u00f6nlichkeitsstruktur &#8211; ganz unterschiedliche M\u00f6glichkeiten gibt, in verschiedenen Situationen gelassen zu reagieren.<\/p>\n<p>Anmeldungen bis zum 27.3. 2017 bei den Vertrauensfrauen oder dem Vorstand.<\/p>\n<ul>\n<li><span style=\"color: #008000\">Mittwoch, 17. Mai um 8.00 Uhr<\/span> \u00a0\u00a0\u00a0 Abfahrt in L\u00e4hden<\/li>\n<\/ul>\n<p><span style=\"color: #ff0000\"><u>Tagesfahrt nach Leer<\/u><\/span><\/p>\n<p>Am Vormittag besuchen wir zun\u00e4chst das Miniaturland in Leer mit einem anschlie\u00dfendem Mittagessen. Zu Beginn des Nachmittags besichtigen wir die Firma B\u00fcnting. Nach einem gem\u00fctlichen Beisammensein bei Tee und Kuchen geht es weiter zum Schloss Evensburg. In dem Preis in H\u00f6he von 57 Euro pro Person sind die Eintrittspreise, die Busfahrt, das Mittagessen und der Tee und Kuchen am Nachmittag enthalten. Die Teilnehmerzahl ist auf 48 Personen begrenzt. Sie melden sich zu dieser Fahrt mit der \u00dcberweisung der Kosten pro Person auf das Konto des Landfrauenvereins bis zum 11.5.2017 verbindlich an. Kontoverbindung: Voba Hasel\u00fcnne -DE62 2666 1380 1200 3859 01<\/p>\n<ul>\n<li><span style=\"color: #008000\">Mittwoch, 30. August ab 15.00 Uhr<\/span> \u00a0\u00a0\u00a0 Abfahrt ab L\u00e4hden<\/li>\n<\/ul>\n<p><span style=\"color: #ff0000\"><u>Halbtagesfahrt zur Freilichtb\u00fchne nach Lohne<\/u><\/span><\/p>\n<p>Mit dem Musical: \u201eSCHLAGER L\u00dcGEN NICHT\u201c begeben wir uns in die \u201eKlischeekiste\u201c der 70er-Jahre: mit Schlaghosen, Pril-Blumen, Lavalampen \u2026 und den gr\u00f6\u00dften Ohrw\u00fcrmern des deutschen Schlagers.<\/p>\n<p>Die Abfahrt ist um 15 Uhr ab L\u00e4hden. Dann geht es weiter \u00fcber Lastrup, Holte, Her\u00dfum, Ahmsen undVinnen. Der Preis des Ausflugs betr\u00e4gt 38 Euro. Darin enthalten sind die Eintrittskarten, die Busfahrt und das Abendessen.<\/p>\n<p>Anmeldungen bitte an M. Voges (05964\/442). Die Anmeldungen sind mit der \u00dcberweisung der 38Euro auf das Vereinskonto bis zum 15. August 2017 verbindlich.Die Kontoverbindung lautet:<br \/>\nVOBA Hasel\u00fcnne \u2013 DE 89 2666 1380 1200 3859 00<\/p>\n<ul>\n<li><span style=\"color: #008000\">Mittwoch, 25. Oktober um 19.00 Uhr<\/span>\u00a0\u00a0\u00a0 in Vinnen<\/li>\n<\/ul>\n<p><span style=\"color: #ff0000\"><u>Generalversammlung<\/u><\/span><\/p>\n<p>Als Referentin kommt die Oecotrophologin Frau Mechthild Waller aus Wettrup. Sie gibt uns Anregungen, Tipps und Tricks zum Thema \u201eFingerfood &#8211; Von der Hand in den Mund\u201c. Anschlie\u00dfend k\u00f6nnen leckere Kostproben am Buffet getestet werden.<\/p>\n<p>Anmeldungen bis zum 23.10. 2017 bei den Vertrauensfrauen oder dem Vorstand.<\/p>\n<p>&nbsp;<\/p>\n<ul>\n<li><span style=\"color: #008000\">Donnerstag, 16. November um 19.30 Uhr<\/span>\u00a0\u00a0 G\u00e4rtnerei Schlump in Lengerich<\/li>\n<\/ul>\n<p><span style=\"color: #ff0000\"> <u>Adventsfloristik auf dem Laufsteg<\/u><\/span><strong><u><br \/>\n<\/u><\/strong><\/p>\n<p>Blumen Schlump zeigt uns die neue Winter- und\u00a0 Weihnachtsdekoration auf dem Laufsteg.\u00a0 Eintritt: 7\u20ac incl. Gastgeschenk, Pr\u00e4sentation auf dem Laufsteg, Weihnachtliche Leckereien und eine Dippverkostung<\/p>\n<p>Wir fahren mit Fahrgemeinschaften, so dass wir gegen 19.00 Uhr da sind.<\/p>\n<p>&nbsp;<\/p>\n<ul>\n<li><span style=\"color: #008000\">Donnerstag, 30. November um 19.00 Uhr<\/span> \u00a0\u00a0\u00a0 in L\u00e4hden<\/li>\n<\/ul>\n<p><span style=\"color: #ff0000\"><u>Voradventliche Feier<\/u><\/span><\/p>\n<p>Pater Danne wird uns in den Advent einstimmen und von seinen Wallfahrten nach Lourdes berichten.<\/p>\n<p>Anmeldungen bis zum 27.11. 2017 bei den Vertrauensfrauen oder dem Vorstand.<\/p>\n<p>&nbsp;<\/p>\n<p>&nbsp;<\/p>\n<p>&nbsp;<\/p>\n","protected":false},"excerpt":{"rendered":"<p>Mittwoch, 25. Januar um 19.30 Uhr\u00a0\u00a0\u00a0 in Vinnen Sauberer Haushalt &#8211; Dreckige Umwelt Es geht um Reinigungsmittel im Haushalt und ihre Umweltvertr\u00e4glichkeit.\u00a0Hygiene ist wichtig, aber es muss nicht immer gleich <a class=\"more-link\" href=\"https:\/\/www.landfrauen-meppen.de\/holte-laehden\/jahresprogramm-2017\/\">Weiterlesen\u00a0\u2026<\/a><\/p>\n","protected":false},"author":9,"featured_media":0,"parent":0,"menu_order":0,"comment_status":"closed","ping_status":"closed","template":"","meta":{"footnotes":""},"class_list":["post-34","page","type-page","status-publish","hentry"],"_links":{"self":[{"href":"https:\/\/www.landfrauen-meppen.de\/holte-laehden\/wp-json\/wp\/v2\/pages\/34","targetHints":{"allow":["GET"]}}],"collection":[{"href":"https:\/\/www.landfrauen-meppen.de\/holte-laehden\/wp-json\/wp\/v2\/pages"}],"about":[{"href":"https:\/\/www.landfrauen-meppen.de\/holte-laehden\/wp-json\/wp\/v2\/types\/page"}],"author":[{"embeddable":true,"href":"https:\/\/www.landfrauen-meppen.de\/holte-laehden\/wp-json\/wp\/v2\/users\/9"}],"replies":[{"embeddable":true,"href":"https:\/\/www.landfrauen-meppen.de\/holte-laehden\/wp-json\/wp\/v2\/comments?post=34"}],"version-history":[{"count":9,"href":"https:\/\/www.landfrauen-meppen.de\/holte-laehden\/wp-json\/wp\/v2\/pages\/34\/revisions"}],"predecessor-version":[{"id":204,"href":"https:\/\/www.landfrauen-meppen.de\/holte-laehden\/wp-json\/wp\/v2\/pages\/34\/revisions\/204"}],"wp:attachment":[{"href":"https:\/\/www.landfrauen-meppen.de\/holte-laehden\/wp-json\/wp\/v2\/media?parent=34"}],"curies":[{"name":"wp","href":"https:\/\/api.w.org\/{rel}","templated":true}]}}