{"id":21,"date":"2017-02-27T20:55:57","date_gmt":"2017-02-27T19:55:57","guid":{"rendered":"http:\/\/www.landfrauen-meppen.de\/holte-laehden\/?page_id=21"},"modified":"2024-03-25T23:32:43","modified_gmt":"2024-03-25T22:32:43","slug":"wir-ueber-uns","status":"publish","type":"page","link":"https:\/\/www.landfrauen-meppen.de\/holte-laehden\/wir-ueber-uns\/","title":{"rendered":"Wir \u00fcber uns"},"content":{"rendered":"<h1><a href=\"https:\/\/www.landfrauen-meppen.de\/holte-laehden\/aktuelles\/wuerfelband-lang\/\" rel=\"attachment wp-att-1012\"><img loading=\"lazy\" decoding=\"async\" class=\"alignnone size-full wp-image-1012\" src=\"https:\/\/www.landfrauen-meppen.de\/holte-laehden\/wp-content\/uploads\/sites\/9\/2020\/06\/W\u00fcrfelband-lang.jpg\" alt=\"\" width=\"842\" height=\"35\" srcset=\"https:\/\/www.landfrauen-meppen.de\/holte-laehden\/wp-content\/uploads\/sites\/9\/2020\/06\/W\u00fcrfelband-lang.jpg 842w, https:\/\/www.landfrauen-meppen.de\/holte-laehden\/wp-content\/uploads\/sites\/9\/2020\/06\/W\u00fcrfelband-lang-150x6.jpg 150w, https:\/\/www.landfrauen-meppen.de\/holte-laehden\/wp-content\/uploads\/sites\/9\/2020\/06\/W\u00fcrfelband-lang-300x12.jpg 300w, https:\/\/www.landfrauen-meppen.de\/holte-laehden\/wp-content\/uploads\/sites\/9\/2020\/06\/W\u00fcrfelband-lang-768x32.jpg 768w\" sizes=\"auto, (max-width: 842px) 100vw, 842px\" \/><\/a><\/h1>\n<h1><em><span style=\"color: #008000\">&#8222;Mit Herz und Verstand f\u00fcr die Frauen auf dem Land&#8220;<\/span><\/em><\/h1>\n<p>Herzlich willkommen!<\/p>\n<p>Der Landfrauenverein Holte-L\u00e4hden ist ein Treffpunkt f\u00fcr alle Frauen jeden\u00a0 Alters und jeder Berufsgruppe.<\/p>\n<p>Wir LandFrauen verstehen uns als moderne, engagierte Frauen, die ihre\u00a0 Interessen und Bed\u00fcrfnisse aktiv im LandFrauenVerein umsetzen.<a style=\"color: #339966\" href=\"https:\/\/www.landfrauen-meppen.de\/holte-laehden\/logo\/\"><img loading=\"lazy\" decoding=\"async\" class=\" wp-image-42 alignright\" src=\"https:\/\/www.landfrauen-meppen.de\/holte-laehden\/wp-content\/uploads\/sites\/9\/2017\/02\/Logo-e1487876469649.jpg\" alt=\"\" width=\"168\" height=\"406\" \/><\/a><\/p>\n<p><span style=\"color: #339966\">Bei uns k\u00f6nnen Sie:<\/span><\/p>\n<p style=\"padding-left: 30px\"><span style=\"color: #339966\">&#8211; sich informieren<\/span><\/p>\n<p style=\"padding-left: 30px\"><span style=\"color: #339966\">&#8211; sich weiterbilden<\/span><\/p>\n<p style=\"padding-left: 30px\"><span style=\"color: #339966\">&#8211; sich engagieren<\/span><\/p>\n<p style=\"padding-left: 30px\"><span style=\"color: #339966\">&#8211; Leute treffen<\/span><\/p>\n<p style=\"padding-left: 30px\"><span style=\"color: #339966\">&#8211; verreisen<\/span><\/p>\n<p style=\"padding-left: 30px\"><span style=\"color: #339966\">&#8211; Spa\u00df haben<\/span><\/p>\n<p>Schaut vorbei und macht mit. Wir freuen uns!<\/p>\n<p>Unser Team:<br \/>\nSabine Schleper, Agnes B\u00fcter, Irmgard Beckel und Monika Voges<\/p>\n<p>&nbsp;<\/p>\n<p><span style=\"color: #008000\"><strong>Gr\u00fcndungsjahr:<\/strong><\/span><\/p>\n<p>Gr\u00fcndung im Jahre 1950 als Landfrauenverein Holte-Herzlake.<\/p>\n<p>Teilung des Vereins 1977 zum Landfrauenverein Holte-L\u00e4hden.<\/p>\n<p><span style=\"color: #008000\"><strong>Entwicklung in den letzten Jahren:<\/strong><\/span><\/p>\n<p>Waren in den Anf\u00e4ngen des Vereins die Mitglieder fast nur B\u00e4uerinnen, so kommen heute nur noch ein Drittel aus der Landwirtschaft. F\u00fcr unser umfangreiches Programm interessieren sich auch viele Frauen aus anderen Bereichen. Darum nennen wir uns auch<\/p>\n<p>&#8222;Verein der Frauen vom Lande&#8220;.<\/p>\n<p><span style=\"color: #008000\"><strong>Mitgliederzahl:<\/strong><\/span><\/p>\n<p>Zu unserem Verein geh\u00f6ren ca. 160 Frauen aus den 6 Gemeinden<\/p>\n<p>(Ahmsen, Her\u00dfum, Holte, Lastrup, L\u00e4hden und Vinnen).<\/p>\n<p><span style=\"color: #008000\"><strong>Was bieten wir an:<\/strong><\/span><\/p>\n<p>Wir bieten Informationen zu den Bereichen Haushalt, Ern\u00e4hrung, Garten, Agrar-, Sozial-, Gesellschafts-Politik und Kultur an. Geselligkeit, Aktivit\u00e4ten und Fachvortr\u00e4ge (mit Bek\u00f6stigung oder Kostproben) geh\u00f6ren dazu.<\/p>\n<p>Auch Lehr-, Besichtigungs-, und Mehrtagesfahrten f\u00fchren wir durch.<\/p>\n<p><span style=\"color: #008000\"><strong>Wann finden die w\u00f6chentlichen\/monatlichen Treffen statt:<\/strong><\/span><\/p>\n<p>In den Monaten Oktober bis M\u00e4rz findet jeden Monat eine Veranstaltung oder Vortrag zu einem bestimmten Thema statt. Im Sommer werden dann Halb-, Ganz-, oder Mehrtagesfahrten durchgef\u00fchrt.<\/p>\n<p><span style=\"color: #008000\"><strong>Welche Aktionen veranstalten wir:<\/strong><\/span><\/p>\n<p>Kochen mit Kindern, Ferienpassaktionen<\/p>\n<p><span style=\"color: #008000\"><strong>Einladung an die Leser:<\/strong><\/span><\/p>\n<p>Alle interessierten Frauen jeden Alters und Berufes, die an unseren Veranstaltungen teilnehmen m\u00f6chten, laden wir recht herzlich ein. Nach einem Schnupperjahr werden unsere Vertrauensfrauen nachfragen, ob sie Mitglied werden m\u00f6chten.<\/p>\n<p>Unser Jahresbeitrag betr\u00e4gt 24 Euro.<\/p>\n<p><span style=\"color: #008000\">Wichtig:<\/span><\/p>\n<p>Wir haben keine Vertragsbindung und Austritt aus dem Verein ist jederzeit m\u00f6glich! Wir w\u00fcrden es jedoch sehr bedauern, denn je mehr Frauen an unseren Veranstaltungen teilnehmen, desto mehr sehen wir uns best\u00e4tigt, dass die Landfrauenarbeit etwas Gutes bewirkt.<\/p>\n<p><!--more--><\/p>\n","protected":false},"excerpt":{"rendered":"<p>&#8222;Mit Herz und Verstand f\u00fcr die Frauen auf dem Land&#8220; Herzlich willkommen! Der Landfrauenverein Holte-L\u00e4hden ist ein Treffpunkt f\u00fcr alle Frauen jeden\u00a0 Alters und jeder Berufsgruppe. Wir LandFrauen verstehen uns <a class=\"more-link\" href=\"https:\/\/www.landfrauen-meppen.de\/holte-laehden\/wir-ueber-uns\/\">Weiterlesen\u00a0\u2026<\/a><\/p>\n","protected":false},"author":9,"featured_media":0,"parent":0,"menu_order":3,"comment_status":"closed","ping_status":"closed","template":"","meta":{"footnotes":""},"class_list":["post-21","page","type-page","status-publish","hentry"],"_links":{"self":[{"href":"https:\/\/www.landfrauen-meppen.de\/holte-laehden\/wp-json\/wp\/v2\/pages\/21","targetHints":{"allow":["GET"]}}],"collection":[{"href":"https:\/\/www.landfrauen-meppen.de\/holte-laehden\/wp-json\/wp\/v2\/pages"}],"about":[{"href":"https:\/\/www.landfrauen-meppen.de\/holte-laehden\/wp-json\/wp\/v2\/types\/page"}],"author":[{"embeddable":true,"href":"https:\/\/www.landfrauen-meppen.de\/holte-laehden\/wp-json\/wp\/v2\/users\/9"}],"replies":[{"embeddable":true,"href":"https:\/\/www.landfrauen-meppen.de\/holte-laehden\/wp-json\/wp\/v2\/comments?post=21"}],"version-history":[{"count":13,"href":"https:\/\/www.landfrauen-meppen.de\/holte-laehden\/wp-json\/wp\/v2\/pages\/21\/revisions"}],"predecessor-version":[{"id":2016,"href":"https:\/\/www.landfrauen-meppen.de\/holte-laehden\/wp-json\/wp\/v2\/pages\/21\/revisions\/2016"}],"wp:attachment":[{"href":"https:\/\/www.landfrauen-meppen.de\/holte-laehden\/wp-json\/wp\/v2\/media?parent=21"}],"curies":[{"name":"wp","href":"https:\/\/api.w.org\/{rel}","templated":true}]}}