{"id":2088,"date":"2026-02-21T21:08:31","date_gmt":"2026-02-21T20:08:31","guid":{"rendered":"https:\/\/www.landfrauen-meppen.de\/holte-laehden\/?page_id=2088"},"modified":"2026-02-21T21:10:25","modified_gmt":"2026-02-21T20:10:25","slug":"jahresplan-2026","status":"publish","type":"page","link":"https:\/\/www.landfrauen-meppen.de\/holte-laehden\/jahresplan-2026\/","title":{"rendered":"Jahresprogramm 2026"},"content":{"rendered":"<p><strong>Jahresplan 2026<\/strong><\/p>\n<h3><a href=\"https:\/\/www.landfrauen-meppen.de\/holte-laehden\/aktuelles\/wuerfelband-lang\/\" rel=\"attachment wp-att-1012\"><img loading=\"lazy\" decoding=\"async\" class=\"alignnone size-full wp-image-1012\" src=\"https:\/\/www.landfrauen-meppen.de\/holte-laehden\/wp-content\/uploads\/sites\/9\/2020\/06\/W\u00fcrfelband-lang.jpg\" alt=\"\" width=\"842\" height=\"35\" srcset=\"https:\/\/www.landfrauen-meppen.de\/holte-laehden\/wp-content\/uploads\/sites\/9\/2020\/06\/W\u00fcrfelband-lang.jpg 842w, https:\/\/www.landfrauen-meppen.de\/holte-laehden\/wp-content\/uploads\/sites\/9\/2020\/06\/W\u00fcrfelband-lang-150x6.jpg 150w, https:\/\/www.landfrauen-meppen.de\/holte-laehden\/wp-content\/uploads\/sites\/9\/2020\/06\/W\u00fcrfelband-lang-300x12.jpg 300w, https:\/\/www.landfrauen-meppen.de\/holte-laehden\/wp-content\/uploads\/sites\/9\/2020\/06\/W\u00fcrfelband-lang-768x32.jpg 768w\" sizes=\"auto, (max-width: 842px) 100vw, 842px\" \/><\/a><\/h3>\n<p>&nbsp;<\/p>\n<p><strong><strong><u>Februar 2026<\/u><\/strong><\/strong><\/p>\n<p><strong>Samstag, 21. Februar 2026\u00a0\u00a0\u00a0\u00a0\u00a0\u00a0\u00a0\u00a0\u00a0\u00a0\u00a0\u00a0\u00a0\u00a0\u00a0\u00a0\u00a0\u00a0\u00a0\u00a0\u00a0\u00a0\u00a0\u00a0\u00a0\u00a0\u00a0\u00a0\u00a0\u00a0\u00a0\u00a0\u00a0\u00a0\u00a0\u00a0\u00a0\u00a0\u00a0\u00a0\u00a0\u00a0 \u00a0\u00a0\u00a0\u00a0\u00a0\u00a0\u00a0\u00a0\u00a0\u00a0\u00a0 Beginn: 09:30 Uhr<\/strong><\/p>\n<p>Macht Werbung f\u00fcr diesen Geheimtipp, ladet Freundinnen ein und nehmt im <strong>Jugendheim L\u00e4hden<\/strong> Platz, um in geselliger Runde zu fr\u00fchst\u00fccken. Das Duo \u201cButtervogel\u201c aus Lingen wird, mit einer Kombination aus zweistimmigen Gesangseinlagen und Ukulele, an diesem Vormittag garantiert f\u00fcr gute Laune sorgen und die Lachmuskeln zum Arbeiten bringen. Mit Humor und Kreativit\u00e4t spielen die beiden K\u00fcnstlerinnen Jule &amp; Sabine die Goldst\u00fccke der deutschen Comedy-Musikszene. Perfekt f\u00fcr alle, die Spa\u00df an origineller und am\u00fcsanter Musik haben.<\/p>\n<p><strong><u>M\u00e4rz 2026<\/u><\/strong><\/p>\n<p><strong>Freitag, 20. M\u00e4rz 2026\u00a0\u00a0\u00a0\u00a0\u00a0\u00a0\u00a0\u00a0\u00a0\u00a0\u00a0\u00a0\u00a0\u00a0\u00a0\u00a0\u00a0\u00a0\u00a0\u00a0\u00a0\u00a0\u00a0\u00a0\u00a0\u00a0\u00a0\u00a0\u00a0\u00a0\u00a0\u00a0\u00a0\u00a0\u00a0\u00a0\u00a0\u00a0\u00a0\u00a0\u00a0\u00a0\u00a0\u00a0\u00a0\u00a0\u00a0\u00a0\u00a0\u00a0 \u00a0\u00a0\u00a0\u00a0\u00a0\u00a0\u00a0\u00a0\u00a0\u00a0\u00a0 Beginn 15:00 Uhr<\/strong><\/p>\n<p><strong>\u201e<u>Koffetiet\u201c<\/u><\/strong><\/p>\n<p>An diesem Nachmittag laden wir recht herzlich zum Kaffee und Kuchen in das Jugendheim Her\u00dfum ein. Die Ordensschwester Debora aus Thuine wird uns einen Vortrag zum Thema: <em>\u201eEin Herz wird nicht dement\u201c<\/em> halten. Anmeldungen bis zum <strong>15.03.2026 <\/strong>bei den V-Frauen oder dem Vorstand.<\/p>\n<p><strong><u>Mai 2026<\/u><\/strong><\/p>\n<p><strong>Dienstag, 05. Mai 2026\u00a0\u00a0\u00a0\u00a0\u00a0\u00a0\u00a0\u00a0\u00a0\u00a0\u00a0\u00a0\u00a0\u00a0\u00a0\u00a0\u00a0\u00a0\u00a0\u00a0\u00a0\u00a0\u00a0\u00a0\u00a0\u00a0\u00a0\u00a0\u00a0\u00a0\u00a0\u00a0\u00a0\u00a0\u00a0\u00a0\u00a0\u00a0\u00a0\u00a0\u00a0\u00a0\u00a0\u00a0\u00a0\u00a0\u00a0\u00a0\u00a0 \u00a0\u00a0\u00a0\u00a0\u00a0\u00a0\u00a0\u00a0\u00a0\u00a0\u00a0 Abfahrt: 11:00 Uhr<\/strong><\/p>\n<p><strong><u>Halbtagesfahrt nach Lingen<\/u><\/strong><strong>\u00a0\u00a0\u00a0\u00a0\u00a0\u00a0\u00a0\u00a0\u00a0\u00a0\u00a0\u00a0\u00a0\u00a0\u00a0\u00a0\u00a0 \u00a0\u00a0\u00a0\u00a0\u00a0\u00a0\u00a0\u00a0 <u>Treffpunkt<\/u>: Parkplatz Voges, L\u00e4hden<\/strong><\/p>\n<p>Wir fahren in Fahrgemeinschaften nach Lingen und besichtigen den Campus der Hochschule Osnabr\u00fcck. In den ehemaligen Lokhallen I und II, erbaut 1918 auf 11.000\u00a0qm\u00b2, studieren heute 2.200 Studenten\/innen. W\u00e4hrend der Campusf\u00fchrung erfahren wir interessante Details zur wechselhaften Geschichte dieses gr\u00f6\u00dften historischen Geb\u00e4udes der Stadt Lingen. Im Anschluss besteht die M\u00f6glichkeit zum Kaffee trinken in der Mensa der Hochschule. Der Nachmittag steht zum Besuch des \u201eP\u00f6ttemarktes\u201c in der Innenstadt zur freien Verf\u00fcgung.<\/p>\n<p>Auch die Zeit der R\u00fcckfahrt kann jede Fahrgemeinschaft f\u00fcr sich entscheiden.<\/p>\n<p>Anmeldungen bitte sp\u00e4testens bis zum <strong>28.04.2026<\/strong> bei den V-Frauen oder dem Vorstand. F\u00fcr die Campusf\u00fchrung entstehen Kosten von 6,00 Euro, sie werden vor Ort eingesammelt.<\/p>\n<p><strong><u>August 2026<\/u><\/strong><\/p>\n<p><strong>Freitag, 21. August 2026 \u00a0\u00a0\u00a0\u00a0\u00a0\u00a0\u00a0\u00a0\u00a0\u00a0\u00a0\u00a0\u00a0\u00a0\u00a0\u00a0\u00a0\u00a0\u00a0\u00a0\u00a0\u00a0\u00a0\u00a0\u00a0\u00a0\u00a0\u00a0\u00a0\u00a0\u00a0\u00a0\u00a0\u00a0\u00a0\u00a0\u00a0\u00a0\u00a0\u00a0\u00a0\u00a0\u00a0\u00a0\u00a0\u00a0\u00a0\u00a0\u00a0\u00a0\u00a0\u00a0\u00a0\u00a0\u00a0\u00a0\u00a0 \u00a0Beginn: 18:30 Uhr <\/strong><\/p>\n<p><strong>Cocktailabend\u201c\u00a0\u00a0\u00a0\u00a0\u00a0\u00a0\u00a0\u00a0\u00a0\u00a0\u00a0\u00a0\u00a0\u00a0\u00a0\u00a0\u00a0\u00a0\u00a0\u00a0\u00a0\u00a0\u00a0\u00a0\u00a0\u00a0\u00a0\u00a0\u00a0\u00a0\u00a0\u00a0\u00a0\u00a0\u00a0\u00a0\u00a0\u00a0\u00a0\u00a0\u00a0\u00a0\u00a0\u00a0\u00a0\u00a0\u00a0\u00a0\u00a0\u00a0\u00a0\u00a0\u00a0\u00a0\u00a0\u00a0\u00a0\u00a0\u00a0 <\/strong><\/p>\n<p>Wir werden mit <strong>max. 30<\/strong> Personen im Hofladen der Kornbrennerei Rosche in Hasel\u00fcnne erwartet. Hier werden uns neue Getr\u00e4nkekreationen des Hauses gemixt. Das K\u00e4seatelier reicht dazu K\u00e4se und Baguette.<\/p>\n<p>Mit der Anmeldung unter 05964\/1344 (Agnes B\u00fcter) bis zum <strong>10.08<\/strong>.<strong>26<\/strong> und die \u00dcberweisung in H\u00f6he von <strong>35,00 \u20ac<\/strong> auf das LandFrauenkonto bis zum <strong>14.08.2026 <\/strong>bist du dabei.<\/p>\n<p><strong><u>Oktober 2026<\/u><\/strong><\/p>\n<p><strong>Mittwoch, 21.Oktober 2026\u00a0\u00a0\u00a0\u00a0\u00a0\u00a0\u00a0\u00a0\u00a0\u00a0\u00a0\u00a0\u00a0\u00a0\u00a0\u00a0\u00a0\u00a0\u00a0\u00a0\u00a0\u00a0\u00a0\u00a0\u00a0\u00a0\u00a0\u00a0\u00a0\u00a0\u00a0\u00a0\u00a0\u00a0\u00a0\u00a0\u00a0\u00a0\u00a0\u00a0 \u00a0\u00a0\u00a0\u00a0\u00a0\u00a0\u00a0\u00a0\u00a0\u00a0\u00a0 Beginn: 19:00 Uhr<\/strong><\/p>\n<p>Zur Generalversammlung laden wir in die Gastst\u00e4tte L\u00fcbke-Winkler in Ahmsen ein. Wir konnten Frau Charlotte Erpenbeck f\u00fcr einen Vortrag gewinnen. Sie wird aus ihrem Wissensfundus berichten. Anmeldungen bitte bis zum 14.10.2026 bei den Vertrauensfrauen oder dem Vorstand.<\/p>\n<p><strong><u>November 2026<\/u><\/strong><\/p>\n<p><strong>Freitag, 27. November 2026\u00a0\u00a0\u00a0\u00a0\u00a0\u00a0\u00a0\u00a0\u00a0\u00a0\u00a0\u00a0\u00a0\u00a0\u00a0\u00a0\u00a0\u00a0\u00a0\u00a0\u00a0\u00a0\u00a0\u00a0\u00a0\u00a0\u00a0\u00a0\u00a0\u00a0\u00a0\u00a0\u00a0\u00a0\u00a0\u00a0\u00a0\u00a0\u00a0\u00a0\u00a0 Beginn 19:00 Uhr<\/strong><\/p>\n<p>Auch die diesj\u00e4hrige voradventliche Feier findet in der Gastst\u00e4tte L\u00fcbke-Winkler in Ahmsen statt. Mit Frau Annegret Nitsch von der LWK Niedersachsen begeben wir uns auf eine besinnliche Reise durch die Adventszeit. Wir erfahren Wissenswertes zu den Gew\u00fcrzen von <em>\u201eAnis bis Zimt in der Weihnachtszeit\u201c<\/em>.<\/p>\n<p>&nbsp;<\/p>\n","protected":false},"excerpt":{"rendered":"<p>Jahresplan 2026 &nbsp; Februar 2026 Samstag, 21. Februar 2026\u00a0\u00a0\u00a0\u00a0\u00a0\u00a0\u00a0\u00a0\u00a0\u00a0\u00a0\u00a0\u00a0\u00a0\u00a0\u00a0\u00a0\u00a0\u00a0\u00a0\u00a0\u00a0\u00a0\u00a0\u00a0\u00a0\u00a0\u00a0\u00a0\u00a0\u00a0\u00a0\u00a0\u00a0\u00a0\u00a0\u00a0\u00a0\u00a0\u00a0\u00a0\u00a0 \u00a0\u00a0\u00a0\u00a0\u00a0\u00a0\u00a0\u00a0\u00a0\u00a0\u00a0 Beginn: 09:30 Uhr Macht Werbung f\u00fcr diesen Geheimtipp, ladet Freundinnen ein und nehmt im Jugendheim L\u00e4hden Platz, um in geselliger <a class=\"more-link\" href=\"https:\/\/www.landfrauen-meppen.de\/holte-laehden\/jahresplan-2026\/\">Weiterlesen\u00a0\u2026<\/a><\/p>\n","protected":false},"author":9,"featured_media":0,"parent":0,"menu_order":0,"comment_status":"closed","ping_status":"closed","template":"","meta":{"footnotes":""},"class_list":["post-2088","page","type-page","status-publish","hentry"],"_links":{"self":[{"href":"https:\/\/www.landfrauen-meppen.de\/holte-laehden\/wp-json\/wp\/v2\/pages\/2088","targetHints":{"allow":["GET"]}}],"collection":[{"href":"https:\/\/www.landfrauen-meppen.de\/holte-laehden\/wp-json\/wp\/v2\/pages"}],"about":[{"href":"https:\/\/www.landfrauen-meppen.de\/holte-laehden\/wp-json\/wp\/v2\/types\/page"}],"author":[{"embeddable":true,"href":"https:\/\/www.landfrauen-meppen.de\/holte-laehden\/wp-json\/wp\/v2\/users\/9"}],"replies":[{"embeddable":true,"href":"https:\/\/www.landfrauen-meppen.de\/holte-laehden\/wp-json\/wp\/v2\/comments?post=2088"}],"version-history":[{"count":4,"href":"https:\/\/www.landfrauen-meppen.de\/holte-laehden\/wp-json\/wp\/v2\/pages\/2088\/revisions"}],"predecessor-version":[{"id":2092,"href":"https:\/\/www.landfrauen-meppen.de\/holte-laehden\/wp-json\/wp\/v2\/pages\/2088\/revisions\/2092"}],"wp:attachment":[{"href":"https:\/\/www.landfrauen-meppen.de\/holte-laehden\/wp-json\/wp\/v2\/media?parent=2088"}],"curies":[{"name":"wp","href":"https:\/\/api.w.org\/{rel}","templated":true}]}}