{"id":2011,"date":"2024-03-25T23:23:44","date_gmt":"2024-03-25T22:23:44","guid":{"rendered":"https:\/\/www.landfrauen-meppen.de\/holte-laehden\/?page_id=2011"},"modified":"2024-03-25T23:23:44","modified_gmt":"2024-03-25T22:23:44","slug":"jahresprogramm-2024-2","status":"publish","type":"page","link":"https:\/\/www.landfrauen-meppen.de\/holte-laehden\/jahresprogramm-2024-2\/","title":{"rendered":"Jahresprogramm 2024"},"content":{"rendered":"<p><strong>Jahresplan 2024<\/strong><\/p>\n<h3><a href=\"https:\/\/www.landfrauen-meppen.de\/holte-laehden\/aktuelles\/wuerfelband-lang\/\" rel=\"attachment wp-att-1012\"><img loading=\"lazy\" decoding=\"async\" class=\"alignnone size-full wp-image-1012\" src=\"https:\/\/www.landfrauen-meppen.de\/holte-laehden\/wp-content\/uploads\/sites\/9\/2020\/06\/W\u00fcrfelband-lang.jpg\" alt=\"\" width=\"842\" height=\"35\" srcset=\"https:\/\/www.landfrauen-meppen.de\/holte-laehden\/wp-content\/uploads\/sites\/9\/2020\/06\/W\u00fcrfelband-lang.jpg 842w, https:\/\/www.landfrauen-meppen.de\/holte-laehden\/wp-content\/uploads\/sites\/9\/2020\/06\/W\u00fcrfelband-lang-150x6.jpg 150w, https:\/\/www.landfrauen-meppen.de\/holte-laehden\/wp-content\/uploads\/sites\/9\/2020\/06\/W\u00fcrfelband-lang-300x12.jpg 300w, https:\/\/www.landfrauen-meppen.de\/holte-laehden\/wp-content\/uploads\/sites\/9\/2020\/06\/W\u00fcrfelband-lang-768x32.jpg 768w\" sizes=\"auto, (max-width: 842px) 100vw, 842px\" \/><\/a><\/h3>\n<p>&nbsp;<\/p>\n<p><strong><u>Februar 2024<\/u><\/strong><\/p>\n<p>Am <strong>Samstag,<\/strong> <strong>03.02.2024<\/strong> laden wir zum Motto<\/p>\n<p>\u201eFr\u00fchst\u00fcck sucht Freundin\u201c ab 09:30 Uhr ins Jugendheim in<\/p>\n<p>L\u00e4hden ein. Zum Kl\u00f6nen d\u00fcrfen Freundinnen und Nichtmitglieder zum Fr\u00fchst\u00fccksbuffet mitgebracht werden.<\/p>\n<p>Angelika Gausmann, eine Comedykanone, rundet den Vormittag ab.<\/p>\n<p>Kosten: Nichtmitglieder 16,00 \u20ac, Mitglieder 12,00\u20ac<\/p>\n<p><strong>Anmeldeschluss: 30.01.2024<\/strong><\/p>\n<p><strong> <a href=\"https:\/\/www.landfrauen-meppen.de\/holte-laehden\/aktuelles\/trenner-duenn-lang\/\" rel=\"attachment wp-att-1011\"><img loading=\"lazy\" decoding=\"async\" class=\"alignnone size-full wp-image-1011\" src=\"https:\/\/www.landfrauen-meppen.de\/holte-laehden\/wp-content\/uploads\/sites\/9\/2020\/06\/Trenner-d\u00fcnn-lang.jpg\" alt=\"\" width=\"662\" height=\"4\" srcset=\"https:\/\/www.landfrauen-meppen.de\/holte-laehden\/wp-content\/uploads\/sites\/9\/2020\/06\/Trenner-d\u00fcnn-lang.jpg 662w, https:\/\/www.landfrauen-meppen.de\/holte-laehden\/wp-content\/uploads\/sites\/9\/2020\/06\/Trenner-d\u00fcnn-lang-150x1.jpg 150w, https:\/\/www.landfrauen-meppen.de\/holte-laehden\/wp-content\/uploads\/sites\/9\/2020\/06\/Trenner-d\u00fcnn-lang-300x2.jpg 300w\" sizes=\"auto, (max-width: 662px) 100vw, 662px\" \/><\/a><\/strong><\/p>\n<p><strong>\u00a0<\/strong>Zu einem Workshop zum Thema \u201eWindlicht basteln\u201c laden wir am <strong>Freitag, 23.02.2024<\/strong> ab 14:00 Uhr ein. Wir fahren in Fahrgemeinschaften zum Christophoruswerk in Lingen, wo der Tag mit einer Kaffeetafel endet. Es fallen Materialkosten an. Anmeldungen bitte bis zum <strong>09.02.2024<\/strong> bei Monika Voges (05964\/442).<\/p>\n<p><a href=\"https:\/\/www.landfrauen-meppen.de\/holte-laehden\/aktuelles\/trenner-duenn-lang\/\" rel=\"attachment wp-att-1011\"><img loading=\"lazy\" decoding=\"async\" class=\"alignnone size-full wp-image-1011\" src=\"https:\/\/www.landfrauen-meppen.de\/holte-laehden\/wp-content\/uploads\/sites\/9\/2020\/06\/Trenner-d\u00fcnn-lang.jpg\" alt=\"\" width=\"662\" height=\"4\" srcset=\"https:\/\/www.landfrauen-meppen.de\/holte-laehden\/wp-content\/uploads\/sites\/9\/2020\/06\/Trenner-d\u00fcnn-lang.jpg 662w, https:\/\/www.landfrauen-meppen.de\/holte-laehden\/wp-content\/uploads\/sites\/9\/2020\/06\/Trenner-d\u00fcnn-lang-150x1.jpg 150w, https:\/\/www.landfrauen-meppen.de\/holte-laehden\/wp-content\/uploads\/sites\/9\/2020\/06\/Trenner-d\u00fcnn-lang-300x2.jpg 300w\" sizes=\"auto, (max-width: 662px) 100vw, 662px\" \/><\/a><\/p>\n<p><strong><u>M\u00e4rz 2024<\/u><\/strong><\/p>\n<p>Wir backen am <strong>Samstag, 16.03.2024<\/strong> ab 12:00 Uhr bis 15:00 Uhr Osterbrote in der Schulb\u00e4ckerei der Firma Coppenrath in Gro\u00df Hesepe. Wir reisen gemeinsam in Fahrgemeinschaften an. Anmeldungen bitte bis zum <strong>06.03.2024<\/strong> bei Monika Voges (05964\/442).<\/p>\n<p><a href=\"https:\/\/www.landfrauen-meppen.de\/holte-laehden\/aktuelles\/trenner-duenn-lang\/\" rel=\"attachment wp-att-1011\"><img loading=\"lazy\" decoding=\"async\" class=\"alignnone size-full wp-image-1011\" src=\"https:\/\/www.landfrauen-meppen.de\/holte-laehden\/wp-content\/uploads\/sites\/9\/2020\/06\/Trenner-d\u00fcnn-lang.jpg\" alt=\"\" width=\"662\" height=\"4\" srcset=\"https:\/\/www.landfrauen-meppen.de\/holte-laehden\/wp-content\/uploads\/sites\/9\/2020\/06\/Trenner-d\u00fcnn-lang.jpg 662w, https:\/\/www.landfrauen-meppen.de\/holte-laehden\/wp-content\/uploads\/sites\/9\/2020\/06\/Trenner-d\u00fcnn-lang-150x1.jpg 150w, https:\/\/www.landfrauen-meppen.de\/holte-laehden\/wp-content\/uploads\/sites\/9\/2020\/06\/Trenner-d\u00fcnn-lang-300x2.jpg 300w\" sizes=\"auto, (max-width: 662px) 100vw, 662px\" \/><\/a><\/p>\n<p style=\"text-align: left\">Zu einem <strong>KreislandFrauenabend<\/strong> wird am Donnerstag, <strong>11.04.2024<\/strong><br \/>\nrecht herzlich eingeladen. In Hagen\u2019s Hotel in Haren steht ab 18:00<br \/>\nUhr <strong>Schwester Zukic<\/strong> als Special Guest mit ihrem Programm \u201eWer<br \/>\nnicht genie\u00dft, ist ungenie\u00dfbar\u201c auf der B\u00fchne. Karten kosten \u00e0 25 \u20ac<br \/>\n(inkl. Imbiss und Begr\u00fc\u00dfungsgetr\u00e4nk) und sind bei<br \/>\nS. Schleper (535) oder M. Voges (442) bis zum 03.04.2024 erh\u00e4lt-<br \/>\nlich. Es werden Fahrgemeinschaften gebildet.<\/p>\n<p><a href=\"https:\/\/www.landfrauen-meppen.de\/holte-laehden\/aktuelles\/trenner-duenn-lang\/\" rel=\"attachment wp-att-1011\"><img loading=\"lazy\" decoding=\"async\" class=\"alignnone size-full wp-image-1011\" src=\"https:\/\/www.landfrauen-meppen.de\/holte-laehden\/wp-content\/uploads\/sites\/9\/2020\/06\/Trenner-d\u00fcnn-lang.jpg\" alt=\"\" width=\"662\" height=\"4\" srcset=\"https:\/\/www.landfrauen-meppen.de\/holte-laehden\/wp-content\/uploads\/sites\/9\/2020\/06\/Trenner-d\u00fcnn-lang.jpg 662w, https:\/\/www.landfrauen-meppen.de\/holte-laehden\/wp-content\/uploads\/sites\/9\/2020\/06\/Trenner-d\u00fcnn-lang-150x1.jpg 150w, https:\/\/www.landfrauen-meppen.de\/holte-laehden\/wp-content\/uploads\/sites\/9\/2020\/06\/Trenner-d\u00fcnn-lang-300x2.jpg 300w\" sizes=\"auto, (max-width: 662px) 100vw, 662px\" \/><\/a><\/p>\n<p><strong><u>Mai 2024<\/u><\/strong><\/p>\n<p>Zur \u201eTour de Flur 2024\u201c sind wir in diesem Jahr am <strong>Dienstag, 14.05.2024 <\/strong>in Holte mit interessanten Zielen unterwegs.<\/p>\n<p><a href=\"https:\/\/www.landfrauen-meppen.de\/holte-laehden\/aktuelles\/trenner-duenn-lang\/\" rel=\"attachment wp-att-1011\"><img loading=\"lazy\" decoding=\"async\" class=\"alignnone size-full wp-image-1011\" src=\"https:\/\/www.landfrauen-meppen.de\/holte-laehden\/wp-content\/uploads\/sites\/9\/2020\/06\/Trenner-d\u00fcnn-lang.jpg\" alt=\"\" width=\"662\" height=\"4\" srcset=\"https:\/\/www.landfrauen-meppen.de\/holte-laehden\/wp-content\/uploads\/sites\/9\/2020\/06\/Trenner-d\u00fcnn-lang.jpg 662w, https:\/\/www.landfrauen-meppen.de\/holte-laehden\/wp-content\/uploads\/sites\/9\/2020\/06\/Trenner-d\u00fcnn-lang-150x1.jpg 150w, https:\/\/www.landfrauen-meppen.de\/holte-laehden\/wp-content\/uploads\/sites\/9\/2020\/06\/Trenner-d\u00fcnn-lang-300x2.jpg 300w\" sizes=\"auto, (max-width: 662px) 100vw, 662px\" \/><\/a><\/p>\n<p><strong><u>Juni 2024<\/u><\/strong><\/p>\n<p>Zur n\u00e4chsten Runde \u201e<strong>Bingo<\/strong>\u201c laden wir recht herzlich am <strong>Mittwoch, 12.06.2024<\/strong> ab 15:00 Uhr in das Heimathaus in L\u00e4hden ein.<\/p>\n<p><a href=\"https:\/\/www.landfrauen-meppen.de\/holte-laehden\/aktuelles\/trenner-duenn-lang\/\" rel=\"attachment wp-att-1011\"><img loading=\"lazy\" decoding=\"async\" class=\"alignnone size-full wp-image-1011\" src=\"https:\/\/www.landfrauen-meppen.de\/holte-laehden\/wp-content\/uploads\/sites\/9\/2020\/06\/Trenner-d\u00fcnn-lang.jpg\" alt=\"\" width=\"662\" height=\"4\" srcset=\"https:\/\/www.landfrauen-meppen.de\/holte-laehden\/wp-content\/uploads\/sites\/9\/2020\/06\/Trenner-d\u00fcnn-lang.jpg 662w, https:\/\/www.landfrauen-meppen.de\/holte-laehden\/wp-content\/uploads\/sites\/9\/2020\/06\/Trenner-d\u00fcnn-lang-150x1.jpg 150w, https:\/\/www.landfrauen-meppen.de\/holte-laehden\/wp-content\/uploads\/sites\/9\/2020\/06\/Trenner-d\u00fcnn-lang-300x2.jpg 300w\" sizes=\"auto, (max-width: 662px) 100vw, 662px\" \/><\/a><\/p>\n<p><strong><u>August 2024<\/u><\/strong><\/p>\n<p>Eine Halbtagesfahrt f\u00fchrt uns am <strong>Freitag, 16.08.2024<\/strong> nach Niederlangen. Der Biohof Kl\u00fcnemann oder die Goldk\u00f6pfe Gmbh f\u00fchrt uns durch ihren Arbeitsbereich des Chicor\u00e9eanbaus. Im Museum Uli`s Puppenstube trinken wir Kaffee und besuchen im Anschluss die Senfm\u00fchle Terhorst.<\/p>\n<p><a href=\"https:\/\/www.landfrauen-meppen.de\/holte-laehden\/aktuelles\/trenner-duenn-lang\/\" rel=\"attachment wp-att-1011\"><img loading=\"lazy\" decoding=\"async\" class=\"alignnone size-full wp-image-1011\" src=\"https:\/\/www.landfrauen-meppen.de\/holte-laehden\/wp-content\/uploads\/sites\/9\/2020\/06\/Trenner-d\u00fcnn-lang.jpg\" alt=\"\" width=\"662\" height=\"4\" srcset=\"https:\/\/www.landfrauen-meppen.de\/holte-laehden\/wp-content\/uploads\/sites\/9\/2020\/06\/Trenner-d\u00fcnn-lang.jpg 662w, https:\/\/www.landfrauen-meppen.de\/holte-laehden\/wp-content\/uploads\/sites\/9\/2020\/06\/Trenner-d\u00fcnn-lang-150x1.jpg 150w, https:\/\/www.landfrauen-meppen.de\/holte-laehden\/wp-content\/uploads\/sites\/9\/2020\/06\/Trenner-d\u00fcnn-lang-300x2.jpg 300w\" sizes=\"auto, (max-width: 662px) 100vw, 662px\" \/><\/a><\/p>\n<p><strong><u>Oktober 2024<\/u><\/strong><\/p>\n<p>Am <strong>23.10.2024<\/strong> laden wir zur Generalversammlung ab <strong>19:00 Uhr<\/strong> in die Gastst\u00e4tte L\u00fcbke-Winkler in Ahmsen ein. Der Kardiologe Dr. Andreas Osterloh h\u00e4lt einen Vortrag zum Thema: \u201eFrauenherzen ticken anders\u201c.<\/p>\n<p><a href=\"https:\/\/www.landfrauen-meppen.de\/holte-laehden\/aktuelles\/trenner-duenn-lang\/\" rel=\"attachment wp-att-1011\"><img loading=\"lazy\" decoding=\"async\" class=\"alignnone size-full wp-image-1011\" src=\"https:\/\/www.landfrauen-meppen.de\/holte-laehden\/wp-content\/uploads\/sites\/9\/2020\/06\/Trenner-d\u00fcnn-lang.jpg\" alt=\"\" width=\"662\" height=\"4\" srcset=\"https:\/\/www.landfrauen-meppen.de\/holte-laehden\/wp-content\/uploads\/sites\/9\/2020\/06\/Trenner-d\u00fcnn-lang.jpg 662w, https:\/\/www.landfrauen-meppen.de\/holte-laehden\/wp-content\/uploads\/sites\/9\/2020\/06\/Trenner-d\u00fcnn-lang-150x1.jpg 150w, https:\/\/www.landfrauen-meppen.de\/holte-laehden\/wp-content\/uploads\/sites\/9\/2020\/06\/Trenner-d\u00fcnn-lang-300x2.jpg 300w\" sizes=\"auto, (max-width: 662px) 100vw, 662px\" \/><\/a><\/p>\n<p><strong><u>November 2024<\/u><\/strong><\/p>\n<p>Die voradventliche Feier findet am <strong>Donnerstag, 21.11.2024 <\/strong>ab<strong> 19:<\/strong><strong>00\u00a0Uhr<\/strong> im Jugendheim in L\u00e4hden statt. Fachkundig werden wir an diesem Abend von der Firma Momentum aus Lingen durch die Welt des Genusses gef\u00fchrt.<\/p>\n<p><a href=\"https:\/\/www.landfrauen-meppen.de\/holte-laehden\/aktuelles\/trenner-duenn-lang\/\" rel=\"attachment wp-att-1011\"><img loading=\"lazy\" decoding=\"async\" class=\"alignnone size-full wp-image-1011\" src=\"https:\/\/www.landfrauen-meppen.de\/holte-laehden\/wp-content\/uploads\/sites\/9\/2020\/06\/Trenner-d\u00fcnn-lang.jpg\" alt=\"\" width=\"662\" height=\"4\" srcset=\"https:\/\/www.landfrauen-meppen.de\/holte-laehden\/wp-content\/uploads\/sites\/9\/2020\/06\/Trenner-d\u00fcnn-lang.jpg 662w, https:\/\/www.landfrauen-meppen.de\/holte-laehden\/wp-content\/uploads\/sites\/9\/2020\/06\/Trenner-d\u00fcnn-lang-150x1.jpg 150w, https:\/\/www.landfrauen-meppen.de\/holte-laehden\/wp-content\/uploads\/sites\/9\/2020\/06\/Trenner-d\u00fcnn-lang-300x2.jpg 300w\" sizes=\"auto, (max-width: 662px) 100vw, 662px\" \/><\/a><\/p>\n<p>&nbsp;<\/p>\n","protected":false},"excerpt":{"rendered":"<p>Jahresplan 2024 &nbsp; Februar 2024 Am Samstag, 03.02.2024 laden wir zum Motto \u201eFr\u00fchst\u00fcck sucht Freundin\u201c ab 09:30 Uhr ins Jugendheim in L\u00e4hden ein. Zum Kl\u00f6nen d\u00fcrfen Freundinnen und Nichtmitglieder zum <a class=\"more-link\" href=\"https:\/\/www.landfrauen-meppen.de\/holte-laehden\/jahresprogramm-2024-2\/\">Weiterlesen\u00a0\u2026<\/a><\/p>\n","protected":false},"author":9,"featured_media":0,"parent":0,"menu_order":0,"comment_status":"closed","ping_status":"closed","template":"","meta":{"footnotes":""},"class_list":["post-2011","page","type-page","status-publish","hentry"],"_links":{"self":[{"href":"https:\/\/www.landfrauen-meppen.de\/holte-laehden\/wp-json\/wp\/v2\/pages\/2011","targetHints":{"allow":["GET"]}}],"collection":[{"href":"https:\/\/www.landfrauen-meppen.de\/holte-laehden\/wp-json\/wp\/v2\/pages"}],"about":[{"href":"https:\/\/www.landfrauen-meppen.de\/holte-laehden\/wp-json\/wp\/v2\/types\/page"}],"author":[{"embeddable":true,"href":"https:\/\/www.landfrauen-meppen.de\/holte-laehden\/wp-json\/wp\/v2\/users\/9"}],"replies":[{"embeddable":true,"href":"https:\/\/www.landfrauen-meppen.de\/holte-laehden\/wp-json\/wp\/v2\/comments?post=2011"}],"version-history":[{"count":2,"href":"https:\/\/www.landfrauen-meppen.de\/holte-laehden\/wp-json\/wp\/v2\/pages\/2011\/revisions"}],"predecessor-version":[{"id":2013,"href":"https:\/\/www.landfrauen-meppen.de\/holte-laehden\/wp-json\/wp\/v2\/pages\/2011\/revisions\/2013"}],"wp:attachment":[{"href":"https:\/\/www.landfrauen-meppen.de\/holte-laehden\/wp-json\/wp\/v2\/media?parent=2011"}],"curies":[{"name":"wp","href":"https:\/\/api.w.org\/{rel}","templated":true}]}}