{"id":1860,"date":"2023-03-15T15:31:21","date_gmt":"2023-03-15T14:31:21","guid":{"rendered":"https:\/\/www.landfrauen-meppen.de\/holte-laehden\/?page_id=1860"},"modified":"2023-03-15T15:36:52","modified_gmt":"2023-03-15T14:36:52","slug":"jahresplan-2023-2","status":"publish","type":"page","link":"https:\/\/www.landfrauen-meppen.de\/holte-laehden\/jahresplan-2023-2\/","title":{"rendered":"Jahresprogramm 2023"},"content":{"rendered":"<p><strong>Jahresplan 2023<\/strong><\/p>\n<h3><a href=\"https:\/\/www.landfrauen-meppen.de\/holte-laehden\/aktuelles\/wuerfelband-lang\/\" rel=\"attachment wp-att-1012\"><img loading=\"lazy\" decoding=\"async\" class=\"alignnone size-full wp-image-1012\" src=\"https:\/\/www.landfrauen-meppen.de\/holte-laehden\/wp-content\/uploads\/sites\/9\/2020\/06\/W\u00fcrfelband-lang.jpg\" alt=\"\" width=\"842\" height=\"35\" srcset=\"https:\/\/www.landfrauen-meppen.de\/holte-laehden\/wp-content\/uploads\/sites\/9\/2020\/06\/W\u00fcrfelband-lang.jpg 842w, https:\/\/www.landfrauen-meppen.de\/holte-laehden\/wp-content\/uploads\/sites\/9\/2020\/06\/W\u00fcrfelband-lang-150x6.jpg 150w, https:\/\/www.landfrauen-meppen.de\/holte-laehden\/wp-content\/uploads\/sites\/9\/2020\/06\/W\u00fcrfelband-lang-300x12.jpg 300w, https:\/\/www.landfrauen-meppen.de\/holte-laehden\/wp-content\/uploads\/sites\/9\/2020\/06\/W\u00fcrfelband-lang-768x32.jpg 768w\" sizes=\"auto, (max-width: 842px) 100vw, 842px\" \/><\/a><\/h3>\n<p>&nbsp;<\/p>\n<p><strong><u>Freitag, 24.Februar 2023\u00a0\u00a0\u00a0\u00a0 <\/u><\/strong><\/p>\n<p><strong>\u201eTour de Flur\u201c in Her\u00dfum<\/strong><\/p>\n<p>In Her\u00dfum hat sich einiges getan, das Ortsbild hat sich ver\u00e4ndert.<\/p>\n<p>Wir werden uns die neuen Ecken anschauen und starten um <strong>17:00 Uhr<\/strong><\/p>\n<p>auf dem Ferien Hof Westermann. F\u00fcr die Planung des Abendessens wird um eine Anmeldung bis <strong>Sonntag,<\/strong> <strong>19.02.2023<\/strong> bei den Vertrauensfrauen oder dem Vorstand gebeten.<\/p>\n<p><a href=\"https:\/\/www.landfrauen-meppen.de\/holte-laehden\/aktuelles\/trenner-duenn-lang\/\" rel=\"attachment wp-att-1011\"><img loading=\"lazy\" decoding=\"async\" class=\"alignnone size-full wp-image-1011\" src=\"https:\/\/www.landfrauen-meppen.de\/holte-laehden\/wp-content\/uploads\/sites\/9\/2020\/06\/Trenner-d\u00fcnn-lang.jpg\" alt=\"\" width=\"662\" height=\"4\" srcset=\"https:\/\/www.landfrauen-meppen.de\/holte-laehden\/wp-content\/uploads\/sites\/9\/2020\/06\/Trenner-d\u00fcnn-lang.jpg 662w, https:\/\/www.landfrauen-meppen.de\/holte-laehden\/wp-content\/uploads\/sites\/9\/2020\/06\/Trenner-d\u00fcnn-lang-150x1.jpg 150w, https:\/\/www.landfrauen-meppen.de\/holte-laehden\/wp-content\/uploads\/sites\/9\/2020\/06\/Trenner-d\u00fcnn-lang-300x2.jpg 300w\" sizes=\"auto, (max-width: 662px) 100vw, 662px\" \/><\/a><\/p>\n<p><strong><u>Samstag, 11. M\u00e4rz 2023<\/u><\/strong><\/p>\n<p><strong>\u201eEin bisschen Lars muss sein\u201c<\/strong><\/p>\n<p>Wir besuchen die \u201eAlte Molkerei in Freren\u201c.<\/p>\n<p>Ab <strong>20:00 Uhr<\/strong> erwartet uns der singende Comedian Lars Redlich, quasi der Thermomix unter den Kleink\u00fcnstlern, mit seinem Programm. Er singt, swingt, springt von der Sopran-Arie in den Hip-Hop, nimmt den Rocker, die Diva und textet Hits br\u00fcllend komisch um. Ein Frontalangriff auf die Lachmuskeln.<\/p>\n<p>Karten k\u00f6nnen bis Freitag, <strong>03.M\u00e4rz<\/strong> 2023 f\u00fcr 15:00 \u20ac bei Monika Voges (05964\/442) erworben werden. Es werden Fahrgemeinschaften gebildet.<\/p>\n<p><strong><u><a href=\"https:\/\/www.landfrauen-meppen.de\/holte-laehden\/aktuelles\/trenner-duenn-lang\/\" rel=\"attachment wp-att-1011\"><img loading=\"lazy\" decoding=\"async\" class=\"alignnone size-full wp-image-1011\" src=\"https:\/\/www.landfrauen-meppen.de\/holte-laehden\/wp-content\/uploads\/sites\/9\/2020\/06\/Trenner-d\u00fcnn-lang.jpg\" alt=\"\" width=\"662\" height=\"4\" srcset=\"https:\/\/www.landfrauen-meppen.de\/holte-laehden\/wp-content\/uploads\/sites\/9\/2020\/06\/Trenner-d\u00fcnn-lang.jpg 662w, https:\/\/www.landfrauen-meppen.de\/holte-laehden\/wp-content\/uploads\/sites\/9\/2020\/06\/Trenner-d\u00fcnn-lang-150x1.jpg 150w, https:\/\/www.landfrauen-meppen.de\/holte-laehden\/wp-content\/uploads\/sites\/9\/2020\/06\/Trenner-d\u00fcnn-lang-300x2.jpg 300w\" sizes=\"auto, (max-width: 662px) 100vw, 662px\" \/><\/a><\/u><\/strong><\/p>\n<p><strong><u>Samstag, 25. M\u00e4rz 2023<\/u><\/strong><\/p>\n<p><strong>\u201eFr\u00fchst\u00fcck sucht Freundin\u201c<\/strong><strong>\u00a0\u00a0\u00a0\u00a0\u00a0\u00a0\u00a0\u00a0\u00a0\u00a0\u00a0\u00a0\u00a0\u00a0\u00a0 Beginn: 9:30Uhr in L\u00e4hden<\/strong><\/p>\n<p>Nach einem reichhaltigen Fr\u00fchst\u00fcck begr\u00fc\u00dfen wir Agnes Witschen, die ehemalige Vorsitzende des LandFrauenverbandes Weser Ems. Sie h\u00e4lt einen Vortrag zum Thema \u201eStarke Frauen\u201c.<\/p>\n<p>Es wird um eine Anmeldung bis <strong>Montag,<\/strong> <strong>20.03.2023 <\/strong>gebeten.<\/p>\n<p><a href=\"https:\/\/www.landfrauen-meppen.de\/holte-laehden\/aktuelles\/trenner-duenn-lang\/\" rel=\"attachment wp-att-1011\"><img loading=\"lazy\" decoding=\"async\" class=\"alignnone size-full wp-image-1011\" src=\"https:\/\/www.landfrauen-meppen.de\/holte-laehden\/wp-content\/uploads\/sites\/9\/2020\/06\/Trenner-d\u00fcnn-lang.jpg\" alt=\"\" width=\"662\" height=\"4\" srcset=\"https:\/\/www.landfrauen-meppen.de\/holte-laehden\/wp-content\/uploads\/sites\/9\/2020\/06\/Trenner-d\u00fcnn-lang.jpg 662w, https:\/\/www.landfrauen-meppen.de\/holte-laehden\/wp-content\/uploads\/sites\/9\/2020\/06\/Trenner-d\u00fcnn-lang-150x1.jpg 150w, https:\/\/www.landfrauen-meppen.de\/holte-laehden\/wp-content\/uploads\/sites\/9\/2020\/06\/Trenner-d\u00fcnn-lang-300x2.jpg 300w\" sizes=\"auto, (max-width: 662px) 100vw, 662px\" \/><\/a><\/p>\n<p><strong><u>Samstag, 20.Mai 2023<\/u><\/strong><strong>\u00a0\u00a0\u00a0\u00a0\u00a0\u00a0\u00a0\u00a0\u00a0\u00a0\u00a0\u00a0\u00a0\u00a0\u00a0\u00a0\u00a0\u00a0\u00a0\u00a0\u00a0\u00a0\u00a0\u00a0\u00a0\u00a0 Beginn: 10:00 Uhr<\/strong><\/p>\n<p><strong>\u201eFahrradtour<\/strong><strong>\u201c<\/strong><\/p>\n<p>Wir beginnen diese Tour mit eigenem Fahrrad beim Gasthaus am Markt in Holte. Dort werden wir zum Brunch einkehren. Gest\u00e4rkt steuern wir Sehensw\u00fcrdigkeiten in H\u00fcven und S\u00f6gel an und lassen uns in Ostenwalde von Gaby in ihrem Garten mit Kaffee und Kuchen verw\u00f6hnen. Der R\u00fcckweg f\u00fchrt \u00fcber Lahn und Ahmsen zur\u00fcck nach Holte und findet dort seinen Ausklang.<\/p>\n<p>Anmeldungen bitte bis zum <strong>Sonntag, 14.05.2023.<\/strong><\/p>\n<p><strong><a href=\"https:\/\/www.landfrauen-meppen.de\/holte-laehden\/aktuelles\/trenner-duenn-lang\/\" rel=\"attachment wp-att-1011\"><img loading=\"lazy\" decoding=\"async\" class=\"alignnone size-full wp-image-1011\" src=\"https:\/\/www.landfrauen-meppen.de\/holte-laehden\/wp-content\/uploads\/sites\/9\/2020\/06\/Trenner-d\u00fcnn-lang.jpg\" alt=\"\" width=\"662\" height=\"4\" srcset=\"https:\/\/www.landfrauen-meppen.de\/holte-laehden\/wp-content\/uploads\/sites\/9\/2020\/06\/Trenner-d\u00fcnn-lang.jpg 662w, https:\/\/www.landfrauen-meppen.de\/holte-laehden\/wp-content\/uploads\/sites\/9\/2020\/06\/Trenner-d\u00fcnn-lang-150x1.jpg 150w, https:\/\/www.landfrauen-meppen.de\/holte-laehden\/wp-content\/uploads\/sites\/9\/2020\/06\/Trenner-d\u00fcnn-lang-300x2.jpg 300w\" sizes=\"auto, (max-width: 662px) 100vw, 662px\" \/><\/a><\/strong><\/p>\n<p><strong>\u00a0<\/strong><strong><u>Mittwoch, 21. Juni 2023<\/u><\/strong><strong>\u00a0\u00a0\u00a0\u00a0\u00a0\u00a0\u00a0\u00a0\u00a0\u00a0\u00a0\u00a0\u00a0\u00a0\u00a0\u00a0\u00a0\u00a0\u00a0\u00a0\u00a0\u00a0\u00a0 Beginn: 15:00 Uhr<\/strong><\/p>\n<p><strong>Seniorencafe mit \u201eBingo\u201c<\/strong><\/p>\n<p>Wir laden dazu alle, aber besonders unsere Senioren des Vereins recht herzlich ein.<\/p>\n<p>Im Heimathaus in L\u00e4hden darf zum Kaffee trinken, Kl\u00f6nen und Spiel Platz genommen werden. Wir freuen uns auf eine rege Teilnahme.<\/p>\n<p>Anmeldungen werden bis <strong>Samstag,17.06.2023<\/strong> entgegengenommen.<\/p>\n<p><a href=\"https:\/\/www.landfrauen-meppen.de\/holte-laehden\/aktuelles\/trenner-duenn-lang\/\" rel=\"attachment wp-att-1011\"><img loading=\"lazy\" decoding=\"async\" class=\"alignnone size-full wp-image-1011\" src=\"https:\/\/www.landfrauen-meppen.de\/holte-laehden\/wp-content\/uploads\/sites\/9\/2020\/06\/Trenner-d\u00fcnn-lang.jpg\" alt=\"\" width=\"662\" height=\"4\" srcset=\"https:\/\/www.landfrauen-meppen.de\/holte-laehden\/wp-content\/uploads\/sites\/9\/2020\/06\/Trenner-d\u00fcnn-lang.jpg 662w, https:\/\/www.landfrauen-meppen.de\/holte-laehden\/wp-content\/uploads\/sites\/9\/2020\/06\/Trenner-d\u00fcnn-lang-150x1.jpg 150w, https:\/\/www.landfrauen-meppen.de\/holte-laehden\/wp-content\/uploads\/sites\/9\/2020\/06\/Trenner-d\u00fcnn-lang-300x2.jpg 300w\" sizes=\"auto, (max-width: 662px) 100vw, 662px\" \/><\/a><\/p>\n<p><strong><u>Mittwoch,6.September 2023 <\/u><\/strong><strong>\u00a0\u00a0\u00a0\u00a0\u00a0\u00a0\u00a0\u00a0 \u00a0\u00a0 \u00a0\u00a0\u00a0\u00a0\u00a0 Abfahrt: 13:00 Uhr<\/strong><\/p>\n<p><strong>Naturparkentdeckertag auf dem Twist<\/strong><strong> \u2013 Halbtagestour<\/strong><\/p>\n<p>Wir machen mit der Biologin Silke Hirndorf einen Rundgang \u00fcber Land und Moor im wilden Westen des Emslandes. Wir streifen durch die G\u00e4rten rund um die Nazareth Kirche, besuchen den gr\u00f6\u00dften Stallkomplex der Niederlande mit 1000 Schafen, einem Viehhof, einer Wohnanlage und einem Restaurant in Weiteveen. Im Anschluss daran besichtigen wir die Schoenebeck \u2013 Siedlung Osterse Bos, die Erdgasf\u00f6rderstation Schoonebecker Feld und noch so einige weitere Highlights, die man als Geheimtipp mal gesehen haben muss. Auch f\u00fcr das leibliche Wohl wird gesortgt<\/p>\n<p>Anmeldungen bitte bis zum <strong>Mittwoch, 30.08.2023.<\/strong><\/p>\n<p><strong> <a href=\"https:\/\/www.landfrauen-meppen.de\/holte-laehden\/aktuelles\/trenner-duenn-lang\/\" rel=\"attachment wp-att-1011\"><img loading=\"lazy\" decoding=\"async\" class=\"alignnone size-full wp-image-1011\" src=\"https:\/\/www.landfrauen-meppen.de\/holte-laehden\/wp-content\/uploads\/sites\/9\/2020\/06\/Trenner-d\u00fcnn-lang.jpg\" alt=\"\" width=\"662\" height=\"4\" srcset=\"https:\/\/www.landfrauen-meppen.de\/holte-laehden\/wp-content\/uploads\/sites\/9\/2020\/06\/Trenner-d\u00fcnn-lang.jpg 662w, https:\/\/www.landfrauen-meppen.de\/holte-laehden\/wp-content\/uploads\/sites\/9\/2020\/06\/Trenner-d\u00fcnn-lang-150x1.jpg 150w, https:\/\/www.landfrauen-meppen.de\/holte-laehden\/wp-content\/uploads\/sites\/9\/2020\/06\/Trenner-d\u00fcnn-lang-300x2.jpg 300w\" sizes=\"auto, (max-width: 662px) 100vw, 662px\" \/><\/a><\/strong><\/p>\n<p><strong>\u00a0<\/strong><strong><u>Donnertsag, 19. Oktober <\/u><\/strong><strong>2023\u00a0\u00a0\u00a0\u00a0\u00a0\u00a0\u00a0\u00a0\u00a0\u00a0\u00a0\u00a0\u00a0 Beginn: 19:00 Uhr in L\u00e4hden<\/strong><\/p>\n<p><strong>Generalversammlung mit \u201eNEUWAHLEN\u201c<\/strong><\/p>\n<p>Die neue, von Delegierten des Bezirks Emsland\/ Grafschaft Bentheim gew\u00e4hlte Vorsitzende Frau Christiane Bregen &#8211; Meiners stellt sich vor und erz\u00e4hlt von ihrer Arbeit.<\/p>\n<p>Anmeldungen bitte bis zum <strong>Sonntag, 15.10.2023<\/strong>.<\/p>\n<p><a href=\"https:\/\/www.landfrauen-meppen.de\/holte-laehden\/aktuelles\/trenner-duenn-lang\/\" rel=\"attachment wp-att-1011\"><img loading=\"lazy\" decoding=\"async\" class=\"alignnone size-full wp-image-1011\" src=\"https:\/\/www.landfrauen-meppen.de\/holte-laehden\/wp-content\/uploads\/sites\/9\/2020\/06\/Trenner-d\u00fcnn-lang.jpg\" alt=\"\" width=\"662\" height=\"4\" srcset=\"https:\/\/www.landfrauen-meppen.de\/holte-laehden\/wp-content\/uploads\/sites\/9\/2020\/06\/Trenner-d\u00fcnn-lang.jpg 662w, https:\/\/www.landfrauen-meppen.de\/holte-laehden\/wp-content\/uploads\/sites\/9\/2020\/06\/Trenner-d\u00fcnn-lang-150x1.jpg 150w, https:\/\/www.landfrauen-meppen.de\/holte-laehden\/wp-content\/uploads\/sites\/9\/2020\/06\/Trenner-d\u00fcnn-lang-300x2.jpg 300w\" sizes=\"auto, (max-width: 662px) 100vw, 662px\" \/><\/a><\/p>\n<p><strong><u>Donnerstag, 23. November 2023<\/u><\/strong><strong>\u00a0\u00a0\u00a0\u00a0\u00a0\u00a0\u00a0\u00a0\u00a0\u00a0 \u00a0Beginn: 19:00 Uhr in Vinnen<\/strong><\/p>\n<p><strong>\u201eVoradventliche Feier\u201c<\/strong><strong>\u00a0\u00a0\u00a0\u00a0\u00a0\u00a0\u00a0\u00a0\u00a0\u00a0\u00a0\u00a0\u00a0\u00a0\u00a0\u00a0\u00a0\u00a0\u00a0 \u00a0\u00a0 <\/strong><\/p>\n<p>In adventlicher Atmosph\u00e4re besucht uns der Brotsommelier und B\u00e4ckermeister Daniel Wintering aus Biene. Er gibt uns einen Einblick in seine Backstube und im Rahmen eines Brot-Tastings d\u00fcrfen verschiedene Brote probiert werden.<\/p>\n<p>Anmeldungen sind <u>nur<\/u> bis <strong>Sonntag, 19.11.2023 <\/strong>m\u00f6glich (Mengenplanung B\u00e4ckermeister).<\/p>\n<p><strong> <a href=\"https:\/\/www.landfrauen-meppen.de\/holte-laehden\/aktuelles\/trenner-duenn-lang\/\" rel=\"attachment wp-att-1011\"><img loading=\"lazy\" decoding=\"async\" class=\"alignnone size-full wp-image-1011\" src=\"https:\/\/www.landfrauen-meppen.de\/holte-laehden\/wp-content\/uploads\/sites\/9\/2020\/06\/Trenner-d\u00fcnn-lang.jpg\" alt=\"\" width=\"662\" height=\"4\" srcset=\"https:\/\/www.landfrauen-meppen.de\/holte-laehden\/wp-content\/uploads\/sites\/9\/2020\/06\/Trenner-d\u00fcnn-lang.jpg 662w, https:\/\/www.landfrauen-meppen.de\/holte-laehden\/wp-content\/uploads\/sites\/9\/2020\/06\/Trenner-d\u00fcnn-lang-150x1.jpg 150w, https:\/\/www.landfrauen-meppen.de\/holte-laehden\/wp-content\/uploads\/sites\/9\/2020\/06\/Trenner-d\u00fcnn-lang-300x2.jpg 300w\" sizes=\"auto, (max-width: 662px) 100vw, 662px\" \/><\/a><\/strong><\/p>\n","protected":false},"excerpt":{"rendered":"<p>Jahresplan 2023 &nbsp; Freitag, 24.Februar 2023\u00a0\u00a0\u00a0\u00a0 \u201eTour de Flur\u201c in Her\u00dfum In Her\u00dfum hat sich einiges getan, das Ortsbild hat sich ver\u00e4ndert. Wir werden uns die neuen Ecken anschauen und <a class=\"more-link\" href=\"https:\/\/www.landfrauen-meppen.de\/holte-laehden\/jahresplan-2023-2\/\">Weiterlesen\u00a0\u2026<\/a><\/p>\n","protected":false},"author":9,"featured_media":0,"parent":0,"menu_order":0,"comment_status":"closed","ping_status":"closed","template":"","meta":{"footnotes":""},"class_list":["post-1860","page","type-page","status-publish","hentry"],"_links":{"self":[{"href":"https:\/\/www.landfrauen-meppen.de\/holte-laehden\/wp-json\/wp\/v2\/pages\/1860","targetHints":{"allow":["GET"]}}],"collection":[{"href":"https:\/\/www.landfrauen-meppen.de\/holte-laehden\/wp-json\/wp\/v2\/pages"}],"about":[{"href":"https:\/\/www.landfrauen-meppen.de\/holte-laehden\/wp-json\/wp\/v2\/types\/page"}],"author":[{"embeddable":true,"href":"https:\/\/www.landfrauen-meppen.de\/holte-laehden\/wp-json\/wp\/v2\/users\/9"}],"replies":[{"embeddable":true,"href":"https:\/\/www.landfrauen-meppen.de\/holte-laehden\/wp-json\/wp\/v2\/comments?post=1860"}],"version-history":[{"count":4,"href":"https:\/\/www.landfrauen-meppen.de\/holte-laehden\/wp-json\/wp\/v2\/pages\/1860\/revisions"}],"predecessor-version":[{"id":1866,"href":"https:\/\/www.landfrauen-meppen.de\/holte-laehden\/wp-json\/wp\/v2\/pages\/1860\/revisions\/1866"}],"wp:attachment":[{"href":"https:\/\/www.landfrauen-meppen.de\/holte-laehden\/wp-json\/wp\/v2\/media?parent=1860"}],"curies":[{"name":"wp","href":"https:\/\/api.w.org\/{rel}","templated":true}]}}