{"id":1765,"date":"2022-03-11T23:40:07","date_gmt":"2022-03-11T22:40:07","guid":{"rendered":"https:\/\/www.landfrauen-meppen.de\/holte-laehden\/?page_id=1765"},"modified":"2022-03-11T23:40:07","modified_gmt":"2022-03-11T22:40:07","slug":"jahresprogramm-2022","status":"publish","type":"page","link":"https:\/\/www.landfrauen-meppen.de\/holte-laehden\/jahresprogramm-2022\/","title":{"rendered":"Jahresprogramm 2022"},"content":{"rendered":"<p><strong><span style=\"color: #000000\">Jahresplan 2022<\/span><\/strong><\/p>\n<h3><a href=\"https:\/\/www.landfrauen-meppen.de\/holte-laehden\/aktuelles\/wuerfelband-lang\/\" rel=\"attachment wp-att-1012\"><img loading=\"lazy\" decoding=\"async\" class=\"alignnone size-full wp-image-1012\" src=\"https:\/\/www.landfrauen-meppen.de\/holte-laehden\/wp-content\/uploads\/sites\/9\/2020\/06\/W\u00fcrfelband-lang.jpg\" alt=\"\" width=\"842\" height=\"35\" srcset=\"https:\/\/www.landfrauen-meppen.de\/holte-laehden\/wp-content\/uploads\/sites\/9\/2020\/06\/W\u00fcrfelband-lang.jpg 842w, https:\/\/www.landfrauen-meppen.de\/holte-laehden\/wp-content\/uploads\/sites\/9\/2020\/06\/W\u00fcrfelband-lang-150x6.jpg 150w, https:\/\/www.landfrauen-meppen.de\/holte-laehden\/wp-content\/uploads\/sites\/9\/2020\/06\/W\u00fcrfelband-lang-300x12.jpg 300w, https:\/\/www.landfrauen-meppen.de\/holte-laehden\/wp-content\/uploads\/sites\/9\/2020\/06\/W\u00fcrfelband-lang-768x32.jpg 768w\" sizes=\"auto, (max-width: 842px) 100vw, 842px\" \/><\/a><\/h3>\n<p style=\"padding-left: 40px\"><strong><u><span style=\"color: #008000\">Kreislandfrauennachmittag\u00a0<\/span> <\/u><\/strong><\/p>\n<p>Der am <strong>10. M\u00e4rz 2022<\/strong> im Theater in Meppen geplante Kreislandfrauenabend wird coronabedingt verschoben. Mit Frieda Braun und dem Theater Meppen wurde ein neuer Termin gefunden:<\/p>\n<p style=\"padding-left: 40px\"><span style=\"color: #ff0000\">Donnerstag, 08. September 2022<\/span><\/p>\n<p>Nur der Termin ist neu, alles andere, wie Uhrzeit, Preis, etc. bleibt. Verkaufte Karten werden entweder zur\u00fcckgenommen oder zeitnah durch neue Eintrittskarten mit dem aktuellen Datum ersetzt. Auch k\u00f6nnen noch Karten bei Monika Voges erworben werden.<\/p>\n<p><a href=\"https:\/\/www.landfrauen-meppen.de\/holte-laehden\/aktuelles\/trenner-duenn-lang\/\" rel=\"attachment wp-att-1011\"><img loading=\"lazy\" decoding=\"async\" class=\"alignnone size-full wp-image-1011\" src=\"https:\/\/www.landfrauen-meppen.de\/holte-laehden\/wp-content\/uploads\/sites\/9\/2020\/06\/Trenner-d\u00fcnn-lang.jpg\" alt=\"\" width=\"662\" height=\"4\" srcset=\"https:\/\/www.landfrauen-meppen.de\/holte-laehden\/wp-content\/uploads\/sites\/9\/2020\/06\/Trenner-d\u00fcnn-lang.jpg 662w, https:\/\/www.landfrauen-meppen.de\/holte-laehden\/wp-content\/uploads\/sites\/9\/2020\/06\/Trenner-d\u00fcnn-lang-150x1.jpg 150w, https:\/\/www.landfrauen-meppen.de\/holte-laehden\/wp-content\/uploads\/sites\/9\/2020\/06\/Trenner-d\u00fcnn-lang-300x2.jpg 300w\" sizes=\"auto, (max-width: 662px) 100vw, 662px\" \/><\/a><\/p>\n<p><span style=\"color: #008000\"><strong><u>Samstag, 21. Mai 2022<\/u><\/strong><strong>\u00a0\u00a0\u00a0\u00a0\u00a0\u00a0\u00a0\u00a0\u00a0\u00a0\u00a0\u00a0\u00a0\u00a0\u00a0\u00a0\u00a0\u00a0\u00a0\u00a0\u00a0\u00a0\u00a0\u00a0\u00a0 Beginn: 09:00 Uhr<\/strong><\/span><\/p>\n<p><span style=\"color: #ff0000\"><strong>Kulinarische E-Bike &#8211; Tagestour ab\/bis L\u00f6ningen (45 km)<\/strong><\/span><\/p>\n<p>An dieser Radstrecke werden wir von insgesamt sechs Gasth\u00f6fen und Caf\u00e9s erwartet, die uns kulinarisch verw\u00f6hnen. Unterwegs bietet eine kleine, feine K\u00e4serei Einblicke in die Herstellung von Schafsk\u00e4se nach Traditionsrezepten. Nach einem Fr\u00fchst\u00fcck starten wir in kleinen Gruppen von 10 bis 20 Personen mit einem erfahrenen Reiseleiter durch das Emsland, das Artland und das Oldenburger M\u00fcnsterland. Vorab werden die Elektrofahrr\u00e4der erkl\u00e4rt und individuell eingestellt. Ein eigenes E-Bike kann mitgebracht werden, es verringert den Preis um 10,00 \u20ac. Bitte bis zum 5.03.22 bei Karin Merschendorf bekanntgeben. Der Treffpunkt dieser Tour ist ab 9:00 Uhr das Kinomuseum in L\u00f6ningen. Wir kehren gegen 17:00 Uhr\/17:30 Uhr zum Startpunkt zur\u00fcck. Der Reisepreis betr\u00e4gt 64,00 \u20ac (incl. E-Bike). Die \u00dcberweisung auf das LandFrauenkonto muss bis zum 25.04.2022 erfolgen und gilt dann als verbindliche Anmeldung.<\/p>\n<p><a href=\"https:\/\/www.landfrauen-meppen.de\/holte-laehden\/aktuelles\/trenner-duenn-lang\/\" rel=\"attachment wp-att-1011\"><img loading=\"lazy\" decoding=\"async\" class=\"alignnone size-full wp-image-1011\" src=\"https:\/\/www.landfrauen-meppen.de\/holte-laehden\/wp-content\/uploads\/sites\/9\/2020\/06\/Trenner-d\u00fcnn-lang.jpg\" alt=\"\" width=\"662\" height=\"4\" srcset=\"https:\/\/www.landfrauen-meppen.de\/holte-laehden\/wp-content\/uploads\/sites\/9\/2020\/06\/Trenner-d\u00fcnn-lang.jpg 662w, https:\/\/www.landfrauen-meppen.de\/holte-laehden\/wp-content\/uploads\/sites\/9\/2020\/06\/Trenner-d\u00fcnn-lang-150x1.jpg 150w, https:\/\/www.landfrauen-meppen.de\/holte-laehden\/wp-content\/uploads\/sites\/9\/2020\/06\/Trenner-d\u00fcnn-lang-300x2.jpg 300w\" sizes=\"auto, (max-width: 662px) 100vw, 662px\" \/><\/a><\/p>\n<p><span style=\"color: #008000\"><strong><u>Mittwoch, 22. Juni 2022<\/u><\/strong><\/span><\/p>\n<p><span style=\"color: #ff0000\"><strong>\u201eTour de Flur\u201c in L\u00e4hden<\/strong><\/span><\/p>\n<p>Nach Ahmsen, Lastrup und Vinnen gehen wir diesmal in L\u00e4hden auf Entdeckertour. Startpunkt ist um 18:00 Uhr das Jugendheim in L\u00e4hden. Lasst euch \u00fcberraschen, es gibt einiges zu sehen.\u00a0\u00a0\u00a0\u00a0\u00a0\u00a0\u00a0\u00a0 \u00a0\u00a0\u00a0\u00a0\u00a0\u00a0\u00a0\u00a0\u00a0<a href=\"https:\/\/www.landfrauen-meppen.de\/holte-laehden\/aktuelles\/trenner-duenn-lang\/\" rel=\"attachment wp-att-1011\"><img loading=\"lazy\" decoding=\"async\" class=\"alignnone size-full wp-image-1011\" src=\"https:\/\/www.landfrauen-meppen.de\/holte-laehden\/wp-content\/uploads\/sites\/9\/2020\/06\/Trenner-d\u00fcnn-lang.jpg\" alt=\"\" width=\"662\" height=\"4\" srcset=\"https:\/\/www.landfrauen-meppen.de\/holte-laehden\/wp-content\/uploads\/sites\/9\/2020\/06\/Trenner-d\u00fcnn-lang.jpg 662w, https:\/\/www.landfrauen-meppen.de\/holte-laehden\/wp-content\/uploads\/sites\/9\/2020\/06\/Trenner-d\u00fcnn-lang-150x1.jpg 150w, https:\/\/www.landfrauen-meppen.de\/holte-laehden\/wp-content\/uploads\/sites\/9\/2020\/06\/Trenner-d\u00fcnn-lang-300x2.jpg 300w\" sizes=\"auto, (max-width: 662px) 100vw, 662px\" \/><\/a><\/p>\n<p><span style=\"color: #008000\"><strong><u>Mittwoch, 17. August 2022<\/u><\/strong><strong>\u00a0\u00a0\u00a0\u00a0\u00a0\u00a0\u00a0\u00a0\u00a0\u00a0\u00a0\u00a0\u00a0\u00a0\u00a0\u00a0\u00a0 \u00a0\u00a0\u00a0\u00a0\u00a0\u00a0\u00a0\u00a0\u00a0\u00a0 Abfahrt: 10:00 Uhr<\/strong><\/span><\/p>\n<p><span style=\"color: #ff0000\"><strong>Fahrt zu \u201eAlcina\u201c in Bielefeld<\/strong><\/span><\/p>\n<p>Wir besuchen das Dr. Wolff Institut in Bielefeld. Wir gehen auf eine ALCINA &#8211; Erlebnisreise und lernen die Besonderheiten der ALCINA &#8211; Kosmetik und deren Produktqualit\u00e4t kennen. W\u00e4hrend einer Pause werden wir mit Kaffee und Kuchen verw\u00f6hnt. Anschlie\u00dfend besteht die M\u00f6glichkeit, sich individuell beraten zu lassen und im ALCINA-Shop einzukaufen. Gegen 17:30 Uhr treten wir die Heimreise an und werden den Tag mit einem Abendessen abschlie\u00dfen.<\/p>\n<p><a href=\"https:\/\/www.landfrauen-meppen.de\/holte-laehden\/aktuelles\/trenner-duenn-lang\/\" rel=\"attachment wp-att-1011\"><img loading=\"lazy\" decoding=\"async\" class=\"alignnone size-full wp-image-1011\" src=\"https:\/\/www.landfrauen-meppen.de\/holte-laehden\/wp-content\/uploads\/sites\/9\/2020\/06\/Trenner-d\u00fcnn-lang.jpg\" alt=\"\" width=\"662\" height=\"4\" srcset=\"https:\/\/www.landfrauen-meppen.de\/holte-laehden\/wp-content\/uploads\/sites\/9\/2020\/06\/Trenner-d\u00fcnn-lang.jpg 662w, https:\/\/www.landfrauen-meppen.de\/holte-laehden\/wp-content\/uploads\/sites\/9\/2020\/06\/Trenner-d\u00fcnn-lang-150x1.jpg 150w, https:\/\/www.landfrauen-meppen.de\/holte-laehden\/wp-content\/uploads\/sites\/9\/2020\/06\/Trenner-d\u00fcnn-lang-300x2.jpg 300w\" sizes=\"auto, (max-width: 662px) 100vw, 662px\" \/><\/a><\/p>\n<p><span style=\"color: #008000\"><strong><u>Donnerstag, 20. Oktober 2022<\/u><\/strong><strong>\u00a0\u00a0\u00a0\u00a0\u00a0\u00a0\u00a0\u00a0\u00a0\u00a0\u00a0\u00a0\u00a0\u00a0\u00a0\u00a0\u00a0\u00a0\u00a0\u00a0 Beginn: 19:00 Uhr<\/strong><\/span><\/p>\n<p><span style=\"color: #ff0000\"><strong>Generalversammlung im<\/strong> <strong>Jugendheim Vinnen<\/strong><\/span><\/p>\n<p>Lebensmittel auf den M\u00fcll \u2013 muss das sein? Bundesweit werden etwa 6,7 Mio. Tonnen Lebensmittel allein in Privathaushalten weggeworfen und viele davon sind eigentlich noch gut. Dieser Umgang mit Lebensmitteln kostet die Haushalte nicht nur Geld, er geht auch auf Kosten der Umwelt. Wer clever einkauft, richtig lagert und kreativ kocht, wirft weniger Lebensmittel weg und schont Ressourcen. Wie viele Lebensmittel werden weggeworfen? Warum landen Lebensmittel auf dem M\u00fcll? Wie wirkt sich dieser Umgang mit Lebensmitteln aus? Was k\u00f6nnen wir gegen diese Verschwendung tun? Frau Beate Langenhorst vom LWK gibt dazu Antworten.<\/p>\n<p><a href=\"https:\/\/www.landfrauen-meppen.de\/holte-laehden\/aktuelles\/trenner-duenn-lang\/\" rel=\"attachment wp-att-1011\"><img loading=\"lazy\" decoding=\"async\" class=\"alignnone size-full wp-image-1011\" src=\"https:\/\/www.landfrauen-meppen.de\/holte-laehden\/wp-content\/uploads\/sites\/9\/2020\/06\/Trenner-d\u00fcnn-lang.jpg\" alt=\"\" width=\"662\" height=\"4\" srcset=\"https:\/\/www.landfrauen-meppen.de\/holte-laehden\/wp-content\/uploads\/sites\/9\/2020\/06\/Trenner-d\u00fcnn-lang.jpg 662w, https:\/\/www.landfrauen-meppen.de\/holte-laehden\/wp-content\/uploads\/sites\/9\/2020\/06\/Trenner-d\u00fcnn-lang-150x1.jpg 150w, https:\/\/www.landfrauen-meppen.de\/holte-laehden\/wp-content\/uploads\/sites\/9\/2020\/06\/Trenner-d\u00fcnn-lang-300x2.jpg 300w\" sizes=\"auto, (max-width: 662px) 100vw, 662px\" \/><\/a><\/p>\n<p><span style=\"color: #008000\"><strong><u>Donnerstag, 24. November 2022<\/u><\/strong><strong>\u00a0\u00a0\u00a0\u00a0\u00a0\u00a0\u00a0\u00a0\u00a0\u00a0\u00a0\u00a0\u00a0\u00a0\u00a0\u00a0\u00a0\u00a0\u00a0\u00a0\u00a0\u00a0\u00a0\u00a0\u00a0\u00a0 Beginn: 19:00 Uhr<\/strong><\/span><\/p>\n<p><span style=\"color: #ff0000\"><strong>Voradventliche Feier im<\/strong> <strong>Jugendheim L\u00e4hden<\/strong><\/span><\/p>\n<p>Martin Kessens, Ged\u00e4chtnistrainer und P\u00e4dagogischer Leiter der KEB Oldenburg, h\u00e4lt einen interaktiven Vortrag zum Thema: \u201eAdventszeit und Weihnachtszeit \u2013 mal besinnlich, mal heiter!\u201c<\/p>\n<p><a href=\"https:\/\/www.landfrauen-meppen.de\/holte-laehden\/aktuelles\/trenner-duenn-lang\/\" rel=\"attachment wp-att-1011\"><img loading=\"lazy\" decoding=\"async\" class=\"alignnone size-full wp-image-1011\" src=\"https:\/\/www.landfrauen-meppen.de\/holte-laehden\/wp-content\/uploads\/sites\/9\/2020\/06\/Trenner-d\u00fcnn-lang.jpg\" alt=\"\" width=\"662\" height=\"4\" srcset=\"https:\/\/www.landfrauen-meppen.de\/holte-laehden\/wp-content\/uploads\/sites\/9\/2020\/06\/Trenner-d\u00fcnn-lang.jpg 662w, https:\/\/www.landfrauen-meppen.de\/holte-laehden\/wp-content\/uploads\/sites\/9\/2020\/06\/Trenner-d\u00fcnn-lang-150x1.jpg 150w, https:\/\/www.landfrauen-meppen.de\/holte-laehden\/wp-content\/uploads\/sites\/9\/2020\/06\/Trenner-d\u00fcnn-lang-300x2.jpg 300w\" sizes=\"auto, (max-width: 662px) 100vw, 662px\" \/><\/a><\/p>\n<p><span style=\"color: #008000\"><strong><u>Zur Info:<\/u><\/strong><\/span><\/p>\n<p>Der \u201e<span style=\"color: #993300\"><strong>Tag des offenen Hofes\u201c<\/strong><\/span> wird in diesem Jahr am Sonntag, dem 19.06.2022, als Fietsentour angeboten. Von insgesamt 18 Betrieben im VEL Naturpark Moor-Veenland werden einige landwirtschaftliche Betriebe ihre Tore \u00f6ffnen und k\u00f6nnen mit dem Fahrrad angefahren werden.<\/p>\n<p>Unter dem Motto: <strong>\u201e<span style=\"color: #993300\">Hereinspaziert &#8211; LandFrauen<\/span><\/strong><span style=\"color: #993300\"> <strong>\u00f6ffnen ihre G\u00e4rten<\/strong><\/span>\u201c wird der Termin auf den Sonntag,11. September 2022, festgesetzt. Wer Interesse hat, daran teilzunehmen, melde sich gern bei der 1. Kreisvorsitzenden Annegret N\u00f6gel (05936\/6971).<\/p>\n<p>&nbsp;<\/p>\n<p>Die Veranstaltung<strong>: \u201e<span style=\"color: #993300\">Fr\u00fchst\u00fcck sucht Gast<\/span>\u201c<\/strong> wird vom 03.Juli 2022 in das Jahr 2023 verschoben.<\/p>\n<p>Der Aktionstag <strong>\u201e<span style=\"color: #993300\">Equal Pay Day<\/span>\u201c<\/strong> 2022 f\u00e4llt in diesem Jahr auf den 07.M\u00e4rz. Bis zu diesem Zeitpunkt m\u00fcssen Frauen arbeiten, um in vergleichbaren Berufen an das Gehalt des m\u00e4nnlichen Kollegen heranzukommen. Das Netzwerk aller Frauengruppen, LandFrauen und Gleichstellungsbeauftragten im Emsland plant an diesem Tag eine digitale Veranstaltung.<\/p>\n<p>&nbsp;<\/p>\n<p><strong><u>Akteurinnen gesucht:<\/u><\/strong> Wer m\u00f6chte zum Thema: \u201e<span style=\"color: #993300\"><strong>Kochen mit Kindern<\/strong><\/span>\u201c oder \u201e<span style=\"color: #993300\"><strong>G\u00e4rtnern mit Kindern<\/strong><\/span>\u201c an einer Basisschulung teilnehmen und aktiv an Schulen eingesetzt werden. Die dreit\u00e4gige Schulung wird aus EU-Mitteln finanziert und findet in Aurich, Cloppenburg oder Verden statt. N\u00e4here Infos dazu gibt es beim Kreislandfrauenverband Meppen (Fachberaterin Ulla Kruse 05931\/403-121).<\/p>\n<p>&nbsp;<\/p>\n<p><strong><u>Gr\u00fcndung \u201e<span style=\"color: #008000\">Gruppe Junge Landfrauen<\/span>\u201c<\/u><\/strong><\/p>\n<p>Am 23. November 2021 wurde im Heimathaus in Teglingen die Gruppe \u201eJunge LandFrauen Emsland Mitte\u201c vom Kreisverband der Landfrauen Meppen gegr\u00fcndet. 51 Frauen im Alter von 25 bis 45 Jahre sind dieser Gruppe direkt beigetreten, mittlerweile z\u00e4hlt sie 78 Mitglieder mit einem 6-k\u00f6pfigen Leitungsteam. Die jungen Frauen treten in den jeweiligen Ortsverein ein und zahlen dort ihren Mitgliedsbeitrag. Ein Anteil ihres Mitgliedsbeitrages und ein Startkapital aus der Kreisverbandskasse bildet die Grundlage f\u00fcr das Wirken des neuen Vereins. Der Jahresplan des JLV ist erstellt kann auf Instagram und Facebook verfolgt werden. Noch Interessierte k\u00f6nnen sich mit Frau Martina Sicking (0151\/62503640) in Verbindung setzen.<\/p>\n<p><strong><u>Hinweis:<\/u><\/strong><strong><br \/>\n<\/strong><strong>Ob die einzelnen Veranstaltungen aufgrund der aktuellen Corona-Situation stattfinden, oder n\u00e4here Informationen werden zu gegebener Zeit durch die Presse oder den Pfarrbrief bekannt gegeben<\/strong><strong>.<\/strong><\/p>\n<p>&nbsp;<\/p>\n<p>Zu allen Veranstaltungen laden wir herzlich ein, hoffen auf einen st\u00f6rungsfreien Ablauf und freuen uns als Team \u00fcber eine rege Teilnahme. Auch Nichtmitglieder sind herzlich willkommen.<\/p>\n<p>&nbsp;<\/p>\n<p>&nbsp;<\/p>\n","protected":false},"excerpt":{"rendered":"<p>Jahresplan 2022 Kreislandfrauennachmittag\u00a0 Der am 10. M\u00e4rz 2022 im Theater in Meppen geplante Kreislandfrauenabend wird coronabedingt verschoben. Mit Frieda Braun und dem Theater Meppen wurde ein neuer Termin gefunden: Donnerstag, <a class=\"more-link\" href=\"https:\/\/www.landfrauen-meppen.de\/holte-laehden\/jahresprogramm-2022\/\">Weiterlesen\u00a0\u2026<\/a><\/p>\n","protected":false},"author":9,"featured_media":0,"parent":0,"menu_order":0,"comment_status":"closed","ping_status":"closed","template":"","meta":{"footnotes":""},"class_list":["post-1765","page","type-page","status-publish","hentry"],"_links":{"self":[{"href":"https:\/\/www.landfrauen-meppen.de\/holte-laehden\/wp-json\/wp\/v2\/pages\/1765","targetHints":{"allow":["GET"]}}],"collection":[{"href":"https:\/\/www.landfrauen-meppen.de\/holte-laehden\/wp-json\/wp\/v2\/pages"}],"about":[{"href":"https:\/\/www.landfrauen-meppen.de\/holte-laehden\/wp-json\/wp\/v2\/types\/page"}],"author":[{"embeddable":true,"href":"https:\/\/www.landfrauen-meppen.de\/holte-laehden\/wp-json\/wp\/v2\/users\/9"}],"replies":[{"embeddable":true,"href":"https:\/\/www.landfrauen-meppen.de\/holte-laehden\/wp-json\/wp\/v2\/comments?post=1765"}],"version-history":[{"count":4,"href":"https:\/\/www.landfrauen-meppen.de\/holte-laehden\/wp-json\/wp\/v2\/pages\/1765\/revisions"}],"predecessor-version":[{"id":1769,"href":"https:\/\/www.landfrauen-meppen.de\/holte-laehden\/wp-json\/wp\/v2\/pages\/1765\/revisions\/1769"}],"wp:attachment":[{"href":"https:\/\/www.landfrauen-meppen.de\/holte-laehden\/wp-json\/wp\/v2\/media?parent=1765"}],"curies":[{"name":"wp","href":"https:\/\/api.w.org\/{rel}","templated":true}]}}