{"id":1669,"date":"2021-04-01T23:31:00","date_gmt":"2021-04-01T21:31:00","guid":{"rendered":"https:\/\/www.landfrauen-meppen.de\/holte-laehden\/?page_id=1669"},"modified":"2023-09-27T22:29:06","modified_gmt":"2023-09-27T20:29:06","slug":"startseite","status":"publish","type":"page","link":"https:\/\/www.landfrauen-meppen.de\/holte-laehden\/startseite\/","title":{"rendered":"Home"},"content":{"rendered":"<h1><a href=\"https:\/\/www.landfrauen-meppen.de\/holte-laehden\/aktuelles\/wuerfelband-lang\/\" rel=\"attachment wp-att-1012\"><img loading=\"lazy\" decoding=\"async\" class=\"alignnone size-full wp-image-1012\" src=\"https:\/\/www.landfrauen-meppen.de\/holte-laehden\/wp-content\/uploads\/sites\/9\/2020\/06\/W\u00fcrfelband-lang.jpg\" alt=\"\" width=\"842\" height=\"35\" data-temp-aztec-id=\"ac99b06c-8c37-42e8-83e1-408454c41adc\" srcset=\"https:\/\/www.landfrauen-meppen.de\/holte-laehden\/wp-content\/uploads\/sites\/9\/2020\/06\/W\u00fcrfelband-lang.jpg 842w, https:\/\/www.landfrauen-meppen.de\/holte-laehden\/wp-content\/uploads\/sites\/9\/2020\/06\/W\u00fcrfelband-lang-150x6.jpg 150w, https:\/\/www.landfrauen-meppen.de\/holte-laehden\/wp-content\/uploads\/sites\/9\/2020\/06\/W\u00fcrfelband-lang-300x12.jpg 300w, https:\/\/www.landfrauen-meppen.de\/holte-laehden\/wp-content\/uploads\/sites\/9\/2020\/06\/W\u00fcrfelband-lang-768x32.jpg 768w\" sizes=\"auto, (max-width: 842px) 100vw, 842px\" \/><\/a><\/h1>\n<h1>Willkommen &#8211;<a href=\"https:\/\/www.landfrauen-meppen.de\/holte-laehden\/aktuelles\/wuerfelplatte-mittel-mit-beschriftung\/\" rel=\"attachment wp-att-1016\"><img loading=\"lazy\" decoding=\"async\" class=\"wp-image-1016 alignright\" src=\"https:\/\/www.landfrauen-meppen.de\/holte-laehden\/wp-content\/uploads\/sites\/9\/2020\/06\/W\u00fcrfelplatte-mittel-mit-Beschriftung.jpg\" alt=\"\" width=\"235\" height=\"168\" srcset=\"https:\/\/www.landfrauen-meppen.de\/holte-laehden\/wp-content\/uploads\/sites\/9\/2020\/06\/W\u00fcrfelplatte-mittel-mit-Beschriftung.jpg 200w, https:\/\/www.landfrauen-meppen.de\/holte-laehden\/wp-content\/uploads\/sites\/9\/2020\/06\/W\u00fcrfelplatte-mittel-mit-Beschriftung-150x107.jpg 150w\" sizes=\"auto, (max-width: 235px) 100vw, 235px\" \/><\/a><br \/>\nunsere T\u00fcr steht allen offen!<\/h1>\n<p>Wir begr\u00fc\u00dfen euch herzlich auf unserer Internetseite und freuen uns, dass ihr bei uns reinschaut.<\/p>\n<p>Wir bieten allen Frauen in jedem Jahr interessante Vortragsreihen, Ausstellungen und Fahrten an.<\/p>\n<p>Solltet ihr Lust haben, unsere Interessen zu teilen oder weitere Informationen w\u00fcnschen, k\u00f6nnt ihr \u00fcber die angegebenen Adressen zu uns Kontakt aufnehmen. Ihr seit uns herzlich willkommen.<\/p>\n<p>Schaut euch doch einfach mal die Rubrik &#8222;<a href=\"https:\/\/www.landfrauen-meppen.de\/holte-laehden\/wir-ueber-uns\/\">Wir \u00fcber uns<\/a>&#8220; an,<br \/>\noder klickt euch durch unser aktuelles <a href=\"https:\/\/www.landfrauen-meppen.de\/holte-laehden\/jahresplan-2023-2\/\">Programm 2023<\/a>.<\/p>\n<p>Wir freuen uns, wenn ihr in unsere Veranstaltungen &#8222;hineinschnuppert&#8220; oder an unseren Programmen teilnehmt. Vielleicht gef\u00e4llt es euch ja so gut bei uns, dass wir euch auch bald als neue LandFrau begr\u00fc\u00dfen d\u00fcrfen.<\/p>\n<p>Es gibt viel zu entdecken und wir w\u00fcnschen dabei viel Vergn\u00fcgen.<\/p>\n<p>LandFrauenVerein Holte-L\u00e4hden<\/p>\n","protected":false},"excerpt":{"rendered":"<p>Willkommen &#8211; unsere T\u00fcr steht allen offen! Wir begr\u00fc\u00dfen euch herzlich auf unserer Internetseite und freuen uns, dass ihr bei uns reinschaut. Wir bieten allen Frauen in jedem Jahr interessante <a class=\"more-link\" href=\"https:\/\/www.landfrauen-meppen.de\/holte-laehden\/startseite\/\">Weiterlesen\u00a0\u2026<\/a><\/p>\n","protected":false},"author":9,"featured_media":0,"parent":0,"menu_order":0,"comment_status":"closed","ping_status":"closed","template":"","meta":{"footnotes":""},"class_list":["post-1669","page","type-page","status-publish","hentry"],"_links":{"self":[{"href":"https:\/\/www.landfrauen-meppen.de\/holte-laehden\/wp-json\/wp\/v2\/pages\/1669","targetHints":{"allow":["GET"]}}],"collection":[{"href":"https:\/\/www.landfrauen-meppen.de\/holte-laehden\/wp-json\/wp\/v2\/pages"}],"about":[{"href":"https:\/\/www.landfrauen-meppen.de\/holte-laehden\/wp-json\/wp\/v2\/types\/page"}],"author":[{"embeddable":true,"href":"https:\/\/www.landfrauen-meppen.de\/holte-laehden\/wp-json\/wp\/v2\/users\/9"}],"replies":[{"embeddable":true,"href":"https:\/\/www.landfrauen-meppen.de\/holte-laehden\/wp-json\/wp\/v2\/comments?post=1669"}],"version-history":[{"count":5,"href":"https:\/\/www.landfrauen-meppen.de\/holte-laehden\/wp-json\/wp\/v2\/pages\/1669\/revisions"}],"predecessor-version":[{"id":1893,"href":"https:\/\/www.landfrauen-meppen.de\/holte-laehden\/wp-json\/wp\/v2\/pages\/1669\/revisions\/1893"}],"wp:attachment":[{"href":"https:\/\/www.landfrauen-meppen.de\/holte-laehden\/wp-json\/wp\/v2\/media?parent=1669"}],"curies":[{"name":"wp","href":"https:\/\/api.w.org\/{rel}","templated":true}]}}