{"id":1537,"date":"2020-12-31T10:52:05","date_gmt":"2020-12-31T09:52:05","guid":{"rendered":"https:\/\/www.landfrauen-meppen.de\/holte-laehden\/?page_id=1537"},"modified":"2021-10-10T22:58:55","modified_gmt":"2021-10-10T20:58:55","slug":"jahresprogramm-2021","status":"publish","type":"page","link":"https:\/\/www.landfrauen-meppen.de\/holte-laehden\/jahresprogramm-2021\/","title":{"rendered":"Jahresprogramm 2021"},"content":{"rendered":"<h3><a href=\"https:\/\/www.landfrauen-meppen.de\/holte-laehden\/aktuelles\/wuerfelband-lang\/\" rel=\"attachment wp-att-1012\"><img loading=\"lazy\" decoding=\"async\" class=\"alignnone size-full wp-image-1012\" src=\"https:\/\/www.landfrauen-meppen.de\/holte-laehden\/wp-content\/uploads\/sites\/9\/2020\/06\/W\u00fcrfelband-lang.jpg\" alt=\"\" width=\"842\" height=\"35\" srcset=\"https:\/\/www.landfrauen-meppen.de\/holte-laehden\/wp-content\/uploads\/sites\/9\/2020\/06\/W\u00fcrfelband-lang.jpg 842w, https:\/\/www.landfrauen-meppen.de\/holte-laehden\/wp-content\/uploads\/sites\/9\/2020\/06\/W\u00fcrfelband-lang-150x6.jpg 150w, https:\/\/www.landfrauen-meppen.de\/holte-laehden\/wp-content\/uploads\/sites\/9\/2020\/06\/W\u00fcrfelband-lang-300x12.jpg 300w, https:\/\/www.landfrauen-meppen.de\/holte-laehden\/wp-content\/uploads\/sites\/9\/2020\/06\/W\u00fcrfelband-lang-768x32.jpg 768w\" sizes=\"auto, (max-width: 842px) 100vw, 842px\" \/><\/a><\/h3>\n<p><strong><span style=\"color: #008000\">Samstag, 6.M\u00e4rz 2021\u00a0\u00a0\u00a0\u00a0\u00a0\u00a0\u00a0\u00a0\u00a0\u00a0\u00a0\u00a0\u00a0\u00a0\u00a0\u00a0\u00a0\u00a0\u00a0\u00a0\u00a0\u00a0\u00a0 \u00a0\u00a0\u00a0\u00a0\u00a0\u00a0\u00a0\u00a0\u00a0\u00a0\u00a0\u00a0\u00a0\u00a0\u00a0\u00a0\u00a0\u00a0\u00a0 14:30 Uhr Jugendheim L\u00e4hden<\/span> <\/strong><\/p>\n<p>\u201e<span style=\"color: #993300\">Tratschkaffee mit Freundin<\/span>\u201c\u00a0\u00a0\u00a0\u00a0 <span style=\"color: #0000ff\">ausgefallen<\/span><\/p>\n<p>Plattdeutscher Nachmittag mit Programm, in Zusammenarbeit mit den Gleichstellungsbeauftragten von Hasel\u00fcnne und Herzlake und dem LandFrauenverein Herzlake &#8211; Dohren.<\/p>\n<p><a href=\"https:\/\/www.landfrauen-meppen.de\/holte-laehden\/aktuelles\/trenner-duenn-lang\/\" rel=\"attachment wp-att-1011\"><img loading=\"lazy\" decoding=\"async\" class=\"alignnone size-full wp-image-1011\" src=\"https:\/\/www.landfrauen-meppen.de\/holte-laehden\/wp-content\/uploads\/sites\/9\/2020\/06\/Trenner-d\u00fcnn-lang.jpg\" alt=\"\" width=\"662\" height=\"4\" srcset=\"https:\/\/www.landfrauen-meppen.de\/holte-laehden\/wp-content\/uploads\/sites\/9\/2020\/06\/Trenner-d\u00fcnn-lang.jpg 662w, https:\/\/www.landfrauen-meppen.de\/holte-laehden\/wp-content\/uploads\/sites\/9\/2020\/06\/Trenner-d\u00fcnn-lang-150x1.jpg 150w, https:\/\/www.landfrauen-meppen.de\/holte-laehden\/wp-content\/uploads\/sites\/9\/2020\/06\/Trenner-d\u00fcnn-lang-300x2.jpg 300w\" sizes=\"auto, (max-width: 662px) 100vw, 662px\" \/><\/a><\/p>\n<p><strong><span style=\"color: #008000\">Mittwoch, 07. Juli 2021 in Vinnen \u00a0\u00a0\u00a0\u00a0\u00a0\u00a0\u00a0\u00a0\u00a0\u00a0\u00a0\u00a0\u00a0 <\/span>\u00a0\u00a0\u00a0\u00a0\u00a0\u00a0\u00a0\u00a0\u00a0\u00a0\u00a0\u00a0\u00a0\u00a0\u00a0\u00a0\u00a0\u00a0\u00a0\u00a0\u00a0\u00a0\u00a0\u00a0\u00a0\u00a0\u00a0\u00a0\u00a0\u00a0 <\/strong><\/p>\n<p>&#8211;<span style=\"color: #993300\">Tour de Flur<\/span> &#8211;<\/p>\n<p>Wir laden alle Interessierten zu einer gemeinsamen Erkundungs-u. Entdeckertour in das Umfeld von Vinnen ein.<\/p>\n<p>Wir starten um 17.30 Uhr beim Jugendheim in Vinnen. \u00a0\u00a0<a href=\"https:\/\/www.landfrauen-meppen.de\/holte-laehden\/2021\/10\/10\/tour-de-flur-in-vinnen-07-07-2021\/\">Weiterlesen&#8230;<\/a><\/p>\n<p><a href=\"https:\/\/www.landfrauen-meppen.de\/holte-laehden\/aktuelles\/trenner-duenn-lang\/\" rel=\"attachment wp-att-1011\"><img loading=\"lazy\" decoding=\"async\" class=\"alignnone size-full wp-image-1011\" src=\"https:\/\/www.landfrauen-meppen.de\/holte-laehden\/wp-content\/uploads\/sites\/9\/2020\/06\/Trenner-d\u00fcnn-lang.jpg\" alt=\"\" width=\"662\" height=\"4\" srcset=\"https:\/\/www.landfrauen-meppen.de\/holte-laehden\/wp-content\/uploads\/sites\/9\/2020\/06\/Trenner-d\u00fcnn-lang.jpg 662w, https:\/\/www.landfrauen-meppen.de\/holte-laehden\/wp-content\/uploads\/sites\/9\/2020\/06\/Trenner-d\u00fcnn-lang-150x1.jpg 150w, https:\/\/www.landfrauen-meppen.de\/holte-laehden\/wp-content\/uploads\/sites\/9\/2020\/06\/Trenner-d\u00fcnn-lang-300x2.jpg 300w\" sizes=\"auto, (max-width: 662px) 100vw, 662px\" \/><\/a><\/p>\n<p><span style=\"color: #008000\"><strong>Mittwoch, 18. August 2021\u00a0\u00a0\u00a0\u00a0\u00a0\u00a0\u00a0\u00a0\u00a0\u00a0\u00a0\u00a0\u00a0\u00a0\u00a0\u00a0\u00a0\u00a0\u00a0\u00a0\u00a0\u00a0\u00a0\u00a0\u00a0\u00a0\u00a0\u00a0\u00a0\u00a0\u00a0\u00a0\u00a0\u00a0\u00a0 \u00a0Abfahrt: 10 Uhr<\/strong><\/span><\/p>\n<p>Fahrt zu \u201e<span style=\"color: #993300\">Alcina in Bielefeld<\/span>\u201c\u00a0\u00a0\u00a0\u00a0\u00a0\u00a0\u00a0 <span style=\"color: #0000ff\">Verschoben auf das Jahr 2022<\/span><\/p>\n<p>Wir besuchen das Dr. Wolff Institut in Bielefeld und genie\u00dfen das Verw\u00f6hnprogramm im dortigen Kosmetik-Caf\u00e9.<\/p>\n<p>Weiter Informationen werden zeitnah durch die Presse bekannt gegeben.<\/p>\n<p>&nbsp;<\/p>\n<p><a href=\"https:\/\/www.landfrauen-meppen.de\/holte-laehden\/aktuelles\/trenner-duenn-lang\/\" rel=\"attachment wp-att-1011\"><img loading=\"lazy\" decoding=\"async\" class=\"alignnone size-full wp-image-1011\" src=\"https:\/\/www.landfrauen-meppen.de\/holte-laehden\/wp-content\/uploads\/sites\/9\/2020\/06\/Trenner-d\u00fcnn-lang.jpg\" alt=\"\" width=\"662\" height=\"4\" srcset=\"https:\/\/www.landfrauen-meppen.de\/holte-laehden\/wp-content\/uploads\/sites\/9\/2020\/06\/Trenner-d\u00fcnn-lang.jpg 662w, https:\/\/www.landfrauen-meppen.de\/holte-laehden\/wp-content\/uploads\/sites\/9\/2020\/06\/Trenner-d\u00fcnn-lang-150x1.jpg 150w, https:\/\/www.landfrauen-meppen.de\/holte-laehden\/wp-content\/uploads\/sites\/9\/2020\/06\/Trenner-d\u00fcnn-lang-300x2.jpg 300w\" sizes=\"auto, (max-width: 662px) 100vw, 662px\" \/><\/a><\/p>\n<p><strong><span style=\"color: #008000\">Donnerstag, 21.Oktober 2021\u00a0\u00a0\u00a0\u00a0\u00a0\u00a0\u00a0\u00a0\u00a0\u00a0\u00a0\u00a0\u00a0\u00a0\u00a0\u00a0\u00a0\u00a0\u00a0\u00a0\u00a0\u00a0\u00a0\u00a0\u00a0\u00a0\u00a0\u00a0\u00a0\u00a0\u00a0 \u00a0 19 Uhr in L\u00e4hden<\/span> <\/strong><\/p>\n<p>&#8211;<span style=\"color: #993300\">Generalversammlung<\/span>&#8211;<\/p>\n<p>Zu Gast ist Frau Christa G\u00f6diker vom Gesundheitszentrum in L\u00e4hden. Sie wird uns Informationen zum Thema \u201eDarmgesundheit\/Ern\u00e4hrungsumstellung\u201c geben.<\/p>\n<p><strong><a href=\"https:\/\/www.landfrauen-meppen.de\/holte-laehden\/aktuelles\/trenner-duenn-lang\/\" rel=\"attachment wp-att-1011\"><img loading=\"lazy\" decoding=\"async\" class=\"alignnone size-full wp-image-1011\" src=\"https:\/\/www.landfrauen-meppen.de\/holte-laehden\/wp-content\/uploads\/sites\/9\/2020\/06\/Trenner-d\u00fcnn-lang.jpg\" alt=\"\" width=\"662\" height=\"4\" srcset=\"https:\/\/www.landfrauen-meppen.de\/holte-laehden\/wp-content\/uploads\/sites\/9\/2020\/06\/Trenner-d\u00fcnn-lang.jpg 662w, https:\/\/www.landfrauen-meppen.de\/holte-laehden\/wp-content\/uploads\/sites\/9\/2020\/06\/Trenner-d\u00fcnn-lang-150x1.jpg 150w, https:\/\/www.landfrauen-meppen.de\/holte-laehden\/wp-content\/uploads\/sites\/9\/2020\/06\/Trenner-d\u00fcnn-lang-300x2.jpg 300w\" sizes=\"auto, (max-width: 662px) 100vw, 662px\" \/><\/a>\u00a0<\/strong><strong>\u00a0<\/strong><\/p>\n<p><span style=\"color: #008000\"><strong>Donnerstag,25 November 2021\u00a0\u00a0\u00a0\u00a0\u00a0\u00a0\u00a0\u00a0\u00a0\u00a0\u00a0\u00a0\u00a0\u00a0\u00a0\u00a0\u00a0\u00a0\u00a0\u00a0\u00a0\u00a0\u00a0\u00a0\u00a0\u00a0\u00a0\u00a0 19 Uhr in Vinnen<\/strong><\/span><\/p>\n<p>&#8211;<span style=\"color: #993300\">Voradventliche Feier<\/span>&#8211;<\/p>\n<p>Martin Kessens, Ged\u00e4chtnistrainer und P\u00e4dagogischer Leiter der KEB Oldenburg h\u00e4lt einen interaktiven Vortrag zum Thema \u201eAdvents- und Weihnachtszeit \u2013 Mal besinnlich, mal heiter!\u201c<\/p>\n<p><a href=\"https:\/\/www.landfrauen-meppen.de\/holte-laehden\/aktuelles\/trenner-duenn-lang\/\" rel=\"attachment wp-att-1011\"><img loading=\"lazy\" decoding=\"async\" class=\"alignnone size-full wp-image-1011\" src=\"https:\/\/www.landfrauen-meppen.de\/holte-laehden\/wp-content\/uploads\/sites\/9\/2020\/06\/Trenner-d\u00fcnn-lang.jpg\" alt=\"\" width=\"662\" height=\"4\" srcset=\"https:\/\/www.landfrauen-meppen.de\/holte-laehden\/wp-content\/uploads\/sites\/9\/2020\/06\/Trenner-d\u00fcnn-lang.jpg 662w, https:\/\/www.landfrauen-meppen.de\/holte-laehden\/wp-content\/uploads\/sites\/9\/2020\/06\/Trenner-d\u00fcnn-lang-150x1.jpg 150w, https:\/\/www.landfrauen-meppen.de\/holte-laehden\/wp-content\/uploads\/sites\/9\/2020\/06\/Trenner-d\u00fcnn-lang-300x2.jpg 300w\" sizes=\"auto, (max-width: 662px) 100vw, 662px\" \/><\/a><\/p>\n<p><strong><u>BITTE WEITERSAGEN<\/u><\/strong>:<\/p>\n<p><span style=\"color: #000000\"><strong>Freitag, 23 November 2021\u00a0\u00a0\u00a0\u00a0\u00a0\u00a0\u00a0\u00a0\u00a0\u00a0\u00a0\u00a0\u00a0\u00a0\u00a0\u00a0\u00a0\u00a0\u00a0\u00a0\u00a0\u00a0\u00a0\u00a0\u00a0\u00a0\u00a0\u00a0\u00a0\u00a0\u00a0\u00a0\u00a0\u00a0\u00a0\u00a0\u00a0\u00a0\u00a0\u00a0\u00a0\u00a0\u00a0\u00a0\u00a0\u00a0\u00a0\u00a0\u00a0 Beginn: 19 Uhr<\/strong><\/span><\/p>\n<p><span style=\"color: #000000\"><u>Erstes Treffen: -Gr\u00fcndungsveranstaltung- \u201eJunge LandFrauen\u201c<\/u><\/span><\/p>\n<p>Die neue Gruppe \u201eJunge LandFrauen\u201c spricht <u>alle<\/u> Frauen im Alter von 20 bis 45 Jahre an. Gleichgesinnte, die Lust haben, gemeinsame Aktionen zu starten, Frauen aus anderen Ortsvereinen kennenzulernen und zusammen ein eigenes Netzwerk aufzubauen, sind herzlich eingeladen.<\/p>\n<p>Der Veranstaltungsort wird durch die Presse bekanntgeben.<\/p>\n<p><a href=\"https:\/\/www.landfrauen-meppen.de\/holte-laehden\/aktuelles\/trenner-duenn-lang\/\" rel=\"attachment wp-att-1011\"><img loading=\"lazy\" decoding=\"async\" class=\"alignnone size-full wp-image-1011\" src=\"https:\/\/www.landfrauen-meppen.de\/holte-laehden\/wp-content\/uploads\/sites\/9\/2020\/06\/Trenner-d\u00fcnn-lang.jpg\" alt=\"\" width=\"662\" height=\"4\" srcset=\"https:\/\/www.landfrauen-meppen.de\/holte-laehden\/wp-content\/uploads\/sites\/9\/2020\/06\/Trenner-d\u00fcnn-lang.jpg 662w, https:\/\/www.landfrauen-meppen.de\/holte-laehden\/wp-content\/uploads\/sites\/9\/2020\/06\/Trenner-d\u00fcnn-lang-150x1.jpg 150w, https:\/\/www.landfrauen-meppen.de\/holte-laehden\/wp-content\/uploads\/sites\/9\/2020\/06\/Trenner-d\u00fcnn-lang-300x2.jpg 300w\" sizes=\"auto, (max-width: 662px) 100vw, 662px\" \/><\/a><\/p>\n<p><span style=\"color: #000000\"><strong>Samstag, 13 Juni 2021<\/strong><\/span><\/p>\n<p>\u201eTag des offenen Hofes\u201c auf dem Ziegenhof Fehnland\u00a0\u00a0 <span style=\"color: #0000ff\">Verschoben auf das Jahr 2021<\/span><\/p>\n<p>Die Familie Hektor aus Hebelermeer l\u00e4dt ein, ihren 2018 gegr\u00fcndeten Familienbetrieb kennen zu lernen.<\/p>\n<p><a href=\"https:\/\/www.landfrauen-meppen.de\/holte-laehden\/aktuelles\/trenner-duenn-lang\/\" rel=\"attachment wp-att-1011\"><img loading=\"lazy\" decoding=\"async\" class=\"alignnone size-full wp-image-1011\" src=\"https:\/\/www.landfrauen-meppen.de\/holte-laehden\/wp-content\/uploads\/sites\/9\/2020\/06\/Trenner-d\u00fcnn-lang.jpg\" alt=\"\" width=\"662\" height=\"4\" srcset=\"https:\/\/www.landfrauen-meppen.de\/holte-laehden\/wp-content\/uploads\/sites\/9\/2020\/06\/Trenner-d\u00fcnn-lang.jpg 662w, https:\/\/www.landfrauen-meppen.de\/holte-laehden\/wp-content\/uploads\/sites\/9\/2020\/06\/Trenner-d\u00fcnn-lang-150x1.jpg 150w, https:\/\/www.landfrauen-meppen.de\/holte-laehden\/wp-content\/uploads\/sites\/9\/2020\/06\/Trenner-d\u00fcnn-lang-300x2.jpg 300w\" sizes=\"auto, (max-width: 662px) 100vw, 662px\" \/><\/a><\/p>\n<p><strong><u>VORHINWEIS:<\/u><\/strong><\/p>\n<p><strong>Donnerstag, 10.M\u00e4rz 20<\/strong><strong>22<\/strong><strong>\u00a0\u00a0\u00a0\u00a0\u00a0\u00a0\u00a0\u00a0\u00a0\u00a0\u00a0\u00a0\u00a0\u00a0\u00a0\u00a0\u00a0\u00a0\u00a0\u00a0\u00a0\u00a0\u00a0\u00a0\u00a0\u00a0\u00a0\u00a0 \u00a0\u00a0\u00a0\u00a0\u00a0\u00a0\u00a0 18 Uhr Theater Meppen<\/strong><\/p>\n<p><strong>\u00a0<\/strong>-KreislandFrauennachmittag-<\/p>\n<p>Die Kabarettistin Karin Berkenkopf, bekannt auch aus der Sendung \u201cLadynight\u201c, f\u00fchrt als Frieda Braun durch das Programm.<\/p>\n<p><a href=\"https:\/\/www.landfrauen-meppen.de\/holte-laehden\/aktuelles\/trenner-duenn-lang\/\" rel=\"attachment wp-att-1011\"><img loading=\"lazy\" decoding=\"async\" class=\"alignnone size-full wp-image-1011\" src=\"https:\/\/www.landfrauen-meppen.de\/holte-laehden\/wp-content\/uploads\/sites\/9\/2020\/06\/Trenner-d\u00fcnn-lang.jpg\" alt=\"\" width=\"662\" height=\"4\" srcset=\"https:\/\/www.landfrauen-meppen.de\/holte-laehden\/wp-content\/uploads\/sites\/9\/2020\/06\/Trenner-d\u00fcnn-lang.jpg 662w, https:\/\/www.landfrauen-meppen.de\/holte-laehden\/wp-content\/uploads\/sites\/9\/2020\/06\/Trenner-d\u00fcnn-lang-150x1.jpg 150w, https:\/\/www.landfrauen-meppen.de\/holte-laehden\/wp-content\/uploads\/sites\/9\/2020\/06\/Trenner-d\u00fcnn-lang-300x2.jpg 300w\" sizes=\"auto, (max-width: 662px) 100vw, 662px\" \/><\/a><\/p>\n<p><strong><u>ZUR INFO<\/u><\/strong>: Herbstzeit ist Erntezeit. Der LandFrauenverein ist im Besitz einer qualitativ hochwertigen Obstpresse. Diese kann von jedem, und nicht nur von Mitgliedern des Vereins, ausgeliehen werden. Die Leihgeb\u00fchr betr\u00e4gt 10 Euro. Ansprechpartner ist Fr. Hildegard Tegeder, OT R\u00fchle, R\u00fchler Dorfstra\u00dfe 1, Meppen, Tel: 05931\/13969.<\/p>\n<table style=\"height: 27px\" width=\"571\">\n<tbody>\n<tr>\n<td><\/td>\n<\/tr>\n<\/tbody>\n<\/table>\n<p>Wir hoffen auf einen reibungslosen Ablauf des Jahresplans 2021 und freuen uns auf Dich.<\/p>\n<p>Kurzfristige \u00c4nderungen sind jedoch coronabedingt m\u00f6glich !!<\/p>\n<p><a href=\"https:\/\/www.landfrauen-meppen.de\/holte-laehden\/aktuelles\/trenner-duenn-lang\/\" rel=\"attachment wp-att-1011\"><img loading=\"lazy\" decoding=\"async\" class=\"alignnone size-full wp-image-1011\" src=\"https:\/\/www.landfrauen-meppen.de\/holte-laehden\/wp-content\/uploads\/sites\/9\/2020\/06\/Trenner-d\u00fcnn-lang.jpg\" alt=\"\" width=\"662\" height=\"4\" srcset=\"https:\/\/www.landfrauen-meppen.de\/holte-laehden\/wp-content\/uploads\/sites\/9\/2020\/06\/Trenner-d\u00fcnn-lang.jpg 662w, https:\/\/www.landfrauen-meppen.de\/holte-laehden\/wp-content\/uploads\/sites\/9\/2020\/06\/Trenner-d\u00fcnn-lang-150x1.jpg 150w, https:\/\/www.landfrauen-meppen.de\/holte-laehden\/wp-content\/uploads\/sites\/9\/2020\/06\/Trenner-d\u00fcnn-lang-300x2.jpg 300w\" sizes=\"auto, (max-width: 662px) 100vw, 662px\" \/><\/a><\/p>\n","protected":false},"excerpt":{"rendered":"<p>Samstag, 6.M\u00e4rz 2021\u00a0\u00a0\u00a0\u00a0\u00a0\u00a0\u00a0\u00a0\u00a0\u00a0\u00a0\u00a0\u00a0\u00a0\u00a0\u00a0\u00a0\u00a0\u00a0\u00a0\u00a0\u00a0\u00a0 \u00a0\u00a0\u00a0\u00a0\u00a0\u00a0\u00a0\u00a0\u00a0\u00a0\u00a0\u00a0\u00a0\u00a0\u00a0\u00a0\u00a0\u00a0\u00a0 14:30 Uhr Jugendheim L\u00e4hden \u201eTratschkaffee mit Freundin\u201c\u00a0\u00a0\u00a0\u00a0 ausgefallen Plattdeutscher Nachmittag mit Programm, in Zusammenarbeit mit den Gleichstellungsbeauftragten von Hasel\u00fcnne und Herzlake und dem LandFrauenverein Herzlake &#8211; <a class=\"more-link\" href=\"https:\/\/www.landfrauen-meppen.de\/holte-laehden\/jahresprogramm-2021\/\">Weiterlesen\u00a0\u2026<\/a><\/p>\n","protected":false},"author":9,"featured_media":0,"parent":0,"menu_order":0,"comment_status":"closed","ping_status":"closed","template":"","meta":{"footnotes":""},"class_list":["post-1537","page","type-page","status-publish","hentry"],"_links":{"self":[{"href":"https:\/\/www.landfrauen-meppen.de\/holte-laehden\/wp-json\/wp\/v2\/pages\/1537","targetHints":{"allow":["GET"]}}],"collection":[{"href":"https:\/\/www.landfrauen-meppen.de\/holte-laehden\/wp-json\/wp\/v2\/pages"}],"about":[{"href":"https:\/\/www.landfrauen-meppen.de\/holte-laehden\/wp-json\/wp\/v2\/types\/page"}],"author":[{"embeddable":true,"href":"https:\/\/www.landfrauen-meppen.de\/holte-laehden\/wp-json\/wp\/v2\/users\/9"}],"replies":[{"embeddable":true,"href":"https:\/\/www.landfrauen-meppen.de\/holte-laehden\/wp-json\/wp\/v2\/comments?post=1537"}],"version-history":[{"count":9,"href":"https:\/\/www.landfrauen-meppen.de\/holte-laehden\/wp-json\/wp\/v2\/pages\/1537\/revisions"}],"predecessor-version":[{"id":1720,"href":"https:\/\/www.landfrauen-meppen.de\/holte-laehden\/wp-json\/wp\/v2\/pages\/1537\/revisions\/1720"}],"wp:attachment":[{"href":"https:\/\/www.landfrauen-meppen.de\/holte-laehden\/wp-json\/wp\/v2\/media?parent=1537"}],"curies":[{"name":"wp","href":"https:\/\/api.w.org\/{rel}","templated":true}]}}