{"id":373,"date":"2021-01-24T22:56:43","date_gmt":"2021-01-24T21:56:43","guid":{"rendered":"https:\/\/www.landfrauen-meppen.de\/haseluenne\/?page_id=373"},"modified":"2025-04-22T15:37:41","modified_gmt":"2025-04-22T13:37:41","slug":"aktuelles-2","status":"publish","type":"page","link":"https:\/\/www.landfrauen-meppen.de\/haseluenne\/aktuelles-2\/","title":{"rendered":"Aktuelles"},"content":{"rendered":"<p>&nbsp;<\/p>\n<p style=\"text-align: center\">Liebe Landfrauen,<\/p>\n<p style=\"text-align: center\">wir laden euch ein, zu einer Besichtigung des modernen Entsorgungsbetriebes \u00a0<strong>Augustin \u00a0<\/strong>in Meppen.<\/p>\n<p style=\"text-align: center\">Dort bekommen wir interessante Einblicke in die Welt der M\u00fclltrennung und Abfallbeseitigung &#8211; sehr informativ und spannend.<\/p>\n<p style=\"text-align: center\">Zu Beginn werden wir von der Firma Augustin mit Kaffee und Kuchen verw\u00f6hnt.<\/p>\n<p style=\"text-align: center\">Die Teilnehmerzahl ist begrenzt.<\/p>\n<p style=\"text-align: center\"><strong>Freitag, den 09.05 2025<\/strong><\/p>\n<p style=\"text-align: center\">Dazu treffen wir uns um 14.15 Uhr auf dem Plesseparkplatz. Wir fahren dann mit Privat- Pkw in Fahrgemeinschaften nach Meppen.<\/p>\n<p style=\"text-align: center\">Anmeldung der Vertrauensfrauen:<br \/>\n<span style=\"font-size: 1rem\">Am 28.04.2025 bei Ulla Immken. Tel. 05965 271, oder auch per \u00a0Whats App 0175 4457957<\/span><\/p>\n<hr \/>\n<p style=\"text-align: center\"><em><strong><br \/>\nWEITERSAGEN\u2026<\/strong><\/em><\/p>\n<p style=\"text-align: center\"><strong>Verleih Obstpresse<\/strong><\/p>\n<p style=\"text-align: center\">Der KreisLandFrauenverband Meppen besitzt eine hochwertige Obstpresse. Gegen eine Leihgeb\u00fchr von 10\u20ac kann diese ausgeliehen werden.<br \/>\nAnsprechpartnerin ist Frau Hildegard Tegeder in Meppen-R\u00fchle, R\u00fchler Dorfstra\u00dfe 1, Tel.: 05931 &#8211; 13966<\/p>\n<p style=\"text-align: center\">\n","protected":false},"excerpt":{"rendered":"<p>&nbsp; Liebe Landfrauen, wir laden euch ein, zu einer Besichtigung des modernen Entsorgungsbetriebes \u00a0Augustin \u00a0in Meppen. Dort bekommen wir interessante Einblicke in die Welt der M\u00fclltrennung und Abfallbeseitigung &#8211; sehr informativ und spannend. Zu Beginn werden wir von der Firma Augustin mit Kaffee und Kuchen verw\u00f6hnt. Die Teilnehmerzahl ist begrenzt. Freitag, den 09.05 2025 Dazu &hellip; <\/p>\n<p class=\"link-more\"><a href=\"https:\/\/www.landfrauen-meppen.de\/haseluenne\/aktuelles-2\/\" class=\"more-link\"><span class=\"screen-reader-text\">\u201eAktuelles\u201c <\/span>weiterlesen<\/a><\/p>\n","protected":false},"author":7,"featured_media":0,"parent":0,"menu_order":0,"comment_status":"closed","ping_status":"closed","template":"","meta":{"footnotes":""},"class_list":["post-373","page","type-page","status-publish","hentry"],"_links":{"self":[{"href":"https:\/\/www.landfrauen-meppen.de\/haseluenne\/wp-json\/wp\/v2\/pages\/373","targetHints":{"allow":["GET"]}}],"collection":[{"href":"https:\/\/www.landfrauen-meppen.de\/haseluenne\/wp-json\/wp\/v2\/pages"}],"about":[{"href":"https:\/\/www.landfrauen-meppen.de\/haseluenne\/wp-json\/wp\/v2\/types\/page"}],"author":[{"embeddable":true,"href":"https:\/\/www.landfrauen-meppen.de\/haseluenne\/wp-json\/wp\/v2\/users\/7"}],"replies":[{"embeddable":true,"href":"https:\/\/www.landfrauen-meppen.de\/haseluenne\/wp-json\/wp\/v2\/comments?post=373"}],"version-history":[{"count":37,"href":"https:\/\/www.landfrauen-meppen.de\/haseluenne\/wp-json\/wp\/v2\/pages\/373\/revisions"}],"predecessor-version":[{"id":544,"href":"https:\/\/www.landfrauen-meppen.de\/haseluenne\/wp-json\/wp\/v2\/pages\/373\/revisions\/544"}],"wp:attachment":[{"href":"https:\/\/www.landfrauen-meppen.de\/haseluenne\/wp-json\/wp\/v2\/media?parent=373"}],"curies":[{"name":"wp","href":"https:\/\/api.w.org\/{rel}","templated":true}]}}