{"id":842,"date":"2021-02-08T21:57:50","date_gmt":"2021-02-08T20:57:50","guid":{"rendered":"https:\/\/www.landfrauen-meppen.de\/haren\/?page_id=842"},"modified":"2021-02-14T16:23:41","modified_gmt":"2021-02-14T15:23:41","slug":"rezept-februar-2021-faschingskrapfen-aus-dem-ofen","status":"publish","type":"page","link":"https:\/\/www.landfrauen-meppen.de\/haren\/rezept-des-monats-2\/rezept-februar-2021-faschingskrapfen-aus-dem-ofen\/","title":{"rendered":"Rezept Februar 2021 (Faschingskrapfen aus dem Ofen)"},"content":{"rendered":"<h1><span style=\"color: #ff6600\"><strong>Faschingskrapfen aus dem Ofen<\/strong><\/span><\/h1>\n<table>\n<tbody>\n<tr>\n<td width=\"245\"><\/td>\n<td width=\"397\">Aus<\/td>\n<\/tr>\n<tr>\n<td width=\"245\">150 g Milch,<\/td>\n<td width=\"397\"><\/td>\n<\/tr>\n<tr>\n<td width=\"245\">\u00bd W\u00fcrfel Hefe,<\/td>\n<td width=\"397\"><\/td>\n<\/tr>\n<tr>\n<td width=\"245\">1TL Zucker,<\/td>\n<td width=\"397\"><\/td>\n<\/tr>\n<tr>\n<td width=\"245\">350 g Weizenmehl,<\/td>\n<td width=\"397\"><\/td>\n<\/tr>\n<tr>\n<td width=\"245\">60 g Zucker,<\/td>\n<td width=\"397\"><\/td>\n<\/tr>\n<tr>\n<td width=\"245\">40 g fl\u00fcssiger Butter,<\/td>\n<td width=\"397\"><\/td>\n<\/tr>\n<tr>\n<td width=\"245\">1 Ei<\/td>\n<td width=\"397\">und<\/td>\n<\/tr>\n<tr>\n<td width=\"245\">1 Prise Salz<\/td>\n<td width=\"397\">einen Hefeteig herstellen.<\/td>\n<\/tr>\n<tr>\n<td width=\"245\"><\/td>\n<td width=\"397\">Den Teig f\u00fcr mindestens 30 Minuten gehen lassen.<\/td>\n<\/tr>\n<tr>\n<td width=\"245\"><\/td>\n<td width=\"397\">Anschlie\u00dfend eine Teigunterlage bemehlen und den Teig durchkneten (falten).<\/td>\n<\/tr>\n<tr>\n<td width=\"245\"><\/td>\n<td width=\"397\">Den Teig in 8 gleich gro\u00dfe St\u00fccke schneiden.<\/td>\n<\/tr>\n<tr>\n<td width=\"245\"><\/td>\n<td width=\"397\">Jedes St\u00fcck gut durchkneten und rund formen (wie ein Br\u00f6tchen schleifen).<\/td>\n<\/tr>\n<tr>\n<td width=\"245\"><\/td>\n<td width=\"397\">Diese Krapfen entweder auf ein gefettetes Backblech oder auf einen gefetteten und bemehlten Pizzastein legen und weitere 30 Minuten gehen lassen.<\/td>\n<\/tr>\n<tr>\n<td width=\"245\"><\/td>\n<td width=\"397\">Nun die Krapfen im vorgeheizten Backofen bei 175\u00b0C Ober-\/Unterhitze auf der mittleren Schiene ca. 15 \u2013 20 Minuten backen.<\/td>\n<\/tr>\n<tr>\n<td width=\"245\"><\/td>\n<td width=\"397\">Die Krapfen noch hei\u00df mit<\/td>\n<\/tr>\n<tr>\n<td width=\"245\">15 g fl\u00fcssiger Butter<\/td>\n<td width=\"397\">oben und seitlich bepinseln.<\/td>\n<\/tr>\n<tr>\n<td width=\"245\">\u00bd Glas (ca. 160 g) Marmelade<\/td>\n<td width=\"397\">erw\u00e4rmen, in einen Spritzbeutel mit langer T\u00fclle f\u00fcllen und seitlich in die noch warmen Krapfen f\u00fcllen.<\/td>\n<\/tr>\n<tr>\n<td width=\"245\"><\/td>\n<td width=\"397\">Bei Bedarf die Krapfen mit<\/td>\n<\/tr>\n<tr>\n<td width=\"245\">Puderzucker<\/td>\n<td width=\"397\">bestreuen oder in<\/td>\n<\/tr>\n<tr>\n<td width=\"245\">Zucker<\/td>\n<td width=\"397\">w\u00e4lzen.<\/td>\n<\/tr>\n<tr>\n<td width=\"245\"><\/td>\n<td width=\"397\"><\/td>\n<\/tr>\n<\/tbody>\n<\/table>\n<p><strong>Viel Spa\u00df beim Backen und Genie\u00dfen!<\/strong><\/p>\n","protected":false},"excerpt":{"rendered":"<p>Faschingskrapfen aus dem Ofen Aus 150 g Milch, \u00bd W\u00fcrfel Hefe, 1TL Zucker, 350 g Weizenmehl, 60 g Zucker, 40 g fl\u00fcssiger Butter, 1 Ei und 1 Prise Salz einen Hefeteig herstellen. Den Teig f\u00fcr mindestens 30 Minuten gehen lassen. <a class=\"more-link\" href=\"https:\/\/www.landfrauen-meppen.de\/haren\/rezept-des-monats-2\/rezept-februar-2021-faschingskrapfen-aus-dem-ofen\/\">Weiterlesen\u00a0\u2026<\/a><\/p>\n","protected":false},"author":6,"featured_media":0,"parent":150,"menu_order":0,"comment_status":"closed","ping_status":"closed","template":"","meta":{"footnotes":""},"class_list":["post-842","page","type-page","status-publish","hentry"],"_links":{"self":[{"href":"https:\/\/www.landfrauen-meppen.de\/haren\/wp-json\/wp\/v2\/pages\/842","targetHints":{"allow":["GET"]}}],"collection":[{"href":"https:\/\/www.landfrauen-meppen.de\/haren\/wp-json\/wp\/v2\/pages"}],"about":[{"href":"https:\/\/www.landfrauen-meppen.de\/haren\/wp-json\/wp\/v2\/types\/page"}],"author":[{"embeddable":true,"href":"https:\/\/www.landfrauen-meppen.de\/haren\/wp-json\/wp\/v2\/users\/6"}],"replies":[{"embeddable":true,"href":"https:\/\/www.landfrauen-meppen.de\/haren\/wp-json\/wp\/v2\/comments?post=842"}],"version-history":[{"count":3,"href":"https:\/\/www.landfrauen-meppen.de\/haren\/wp-json\/wp\/v2\/pages\/842\/revisions"}],"predecessor-version":[{"id":848,"href":"https:\/\/www.landfrauen-meppen.de\/haren\/wp-json\/wp\/v2\/pages\/842\/revisions\/848"}],"up":[{"embeddable":true,"href":"https:\/\/www.landfrauen-meppen.de\/haren\/wp-json\/wp\/v2\/pages\/150"}],"wp:attachment":[{"href":"https:\/\/www.landfrauen-meppen.de\/haren\/wp-json\/wp\/v2\/media?parent=842"}],"curies":[{"name":"wp","href":"https:\/\/api.w.org\/{rel}","templated":true}]}}