{"id":694,"date":"2020-03-02T12:51:51","date_gmt":"2020-03-02T11:51:51","guid":{"rendered":"https:\/\/www.landfrauen-meppen.de\/haren\/?page_id=694"},"modified":"2020-03-02T13:14:26","modified_gmt":"2020-03-02T12:14:26","slug":"rezept-maerz-2020-kaesekuchen-vom-blech","status":"publish","type":"page","link":"https:\/\/www.landfrauen-meppen.de\/haren\/rezept-des-monats-2\/rezept-maerz-2020-kaesekuchen-vom-blech\/","title":{"rendered":"Rezept M\u00e4rz 2020 (K\u00e4sekuchen vom Blech)"},"content":{"rendered":"<h1><span style=\"color: #ff6600\"><strong>K\u00e4sekuchen vom Blech<\/strong><\/span><\/h1>\n<table>\n<tbody>\n<tr>\n<td width=\"245\"><\/td>\n<td width=\"397\">Den Backofen auf 180\u00b0C vorheizen.<\/td>\n<\/tr>\n<tr>\n<td width=\"245\"><\/td>\n<td width=\"397\"><\/td>\n<\/tr>\n<tr>\n<td width=\"245\"><\/td>\n<td width=\"397\"><strong>F\u00fcr den Boden<\/strong><\/td>\n<\/tr>\n<tr>\n<td width=\"245\">150 g Butter,<\/td>\n<td width=\"397\"><\/td>\n<\/tr>\n<tr>\n<td width=\"245\">1 P. Vanillezucker,<\/td>\n<td width=\"397\"><\/td>\n<\/tr>\n<tr>\n<td width=\"245\">2 Eier,<\/td>\n<td width=\"397\"><\/td>\n<\/tr>\n<tr>\n<td width=\"245\">300 g Mehl,<\/td>\n<td width=\"397\"><\/td>\n<\/tr>\n<tr>\n<td width=\"245\">2 TL Backpulver<\/td>\n<td width=\"397\">und<\/td>\n<\/tr>\n<tr>\n<td width=\"245\">50 g Zucker<\/td>\n<td width=\"397\">in einer Sch\u00fcssel mit einem Knethaken vermengen. Kurz mit den Fingern verkneten und auf einer bemehlten Arbeitsfl\u00e4che ausrollen.<\/td>\n<\/tr>\n<tr>\n<td width=\"245\"><\/td>\n<td width=\"397\">Auf ein gefettetes oder mit Backpapier ausgelegtes Backblech geben.<br \/>\nCa. 15 Minuten backen.<\/td>\n<\/tr>\n<tr>\n<td width=\"245\"><\/td>\n<td width=\"397\"><\/td>\n<\/tr>\n<tr>\n<td width=\"245\"><\/td>\n<td width=\"397\"><strong>F\u00fcr die K\u00e4sef\u00fcllung<\/strong><\/td>\n<\/tr>\n<tr>\n<td width=\"245\">2 Eier,<\/td>\n<td width=\"397\"><\/td>\n<\/tr>\n<tr>\n<td width=\"245\">4 Eigelb<\/td>\n<td width=\"397\">und<\/td>\n<\/tr>\n<tr>\n<td width=\"245\">200 g Zucker<\/td>\n<td width=\"397\">schaumig schlagen.<\/td>\n<\/tr>\n<tr>\n<td width=\"245\">2 EL Zitronensaft,<\/td>\n<td width=\"397\"><\/td>\n<\/tr>\n<tr>\n<td width=\"245\">750 ml Milch,<\/td>\n<td width=\"397\"><\/td>\n<\/tr>\n<tr>\n<td width=\"245\">1 kg Magerquark,<\/td>\n<td width=\"397\"><\/td>\n<\/tr>\n<tr>\n<td width=\"245\">2 Pck. Vanillepuddingpulver<\/td>\n<td width=\"397\">und<\/td>\n<\/tr>\n<tr>\n<td width=\"245\">300 ml \u00d6l<\/td>\n<td width=\"397\">nach und nach unterr\u00fchren.<\/td>\n<\/tr>\n<tr>\n<td width=\"245\"><\/td>\n<td width=\"397\">Alles auf den Boden gie\u00dfen und ca. 30 Minuten backen.<\/td>\n<\/tr>\n<tr>\n<td width=\"245\"><\/td>\n<td width=\"397\"><\/td>\n<\/tr>\n<tr>\n<td width=\"245\"><\/td>\n<td width=\"397\"><strong>F\u00fcr die Baiserhaube<\/strong><\/td>\n<\/tr>\n<tr>\n<td width=\"245\">4 Eiwei\u00df<\/td>\n<td width=\"397\">steif schlagen. Dabei nach und nach<\/td>\n<\/tr>\n<tr>\n<td width=\"245\">100 g Zucker<\/td>\n<td width=\"397\">einrieseln lassen.<\/td>\n<\/tr>\n<tr>\n<td width=\"245\"><\/td>\n<td width=\"397\">Auf der F\u00fcllung verstreichen.<br \/>\nCa. 12 Minuten backen.<\/td>\n<\/tr>\n<tr>\n<td width=\"245\"><\/td>\n<td width=\"397\"><\/td>\n<\/tr>\n<tr>\n<td colspan=\"2\" width=\"642\"><strong>Viel Spa\u00df beim Backen!<\/strong><\/td>\n<\/tr>\n<\/tbody>\n<\/table>\n","protected":false},"excerpt":{"rendered":"<p>K\u00e4sekuchen vom Blech Den Backofen auf 180\u00b0C vorheizen. F\u00fcr den Boden 150 g Butter, 1 P. Vanillezucker, 2 Eier, 300 g Mehl, 2 TL Backpulver und 50 g Zucker in einer Sch\u00fcssel mit einem Knethaken vermengen. Kurz mit den Fingern <a class=\"more-link\" href=\"https:\/\/www.landfrauen-meppen.de\/haren\/rezept-des-monats-2\/rezept-maerz-2020-kaesekuchen-vom-blech\/\">Weiterlesen\u00a0\u2026<\/a><\/p>\n","protected":false},"author":6,"featured_media":0,"parent":150,"menu_order":0,"comment_status":"closed","ping_status":"closed","template":"","meta":{"footnotes":""},"class_list":["post-694","page","type-page","status-publish","hentry"],"_links":{"self":[{"href":"https:\/\/www.landfrauen-meppen.de\/haren\/wp-json\/wp\/v2\/pages\/694","targetHints":{"allow":["GET"]}}],"collection":[{"href":"https:\/\/www.landfrauen-meppen.de\/haren\/wp-json\/wp\/v2\/pages"}],"about":[{"href":"https:\/\/www.landfrauen-meppen.de\/haren\/wp-json\/wp\/v2\/types\/page"}],"author":[{"embeddable":true,"href":"https:\/\/www.landfrauen-meppen.de\/haren\/wp-json\/wp\/v2\/users\/6"}],"replies":[{"embeddable":true,"href":"https:\/\/www.landfrauen-meppen.de\/haren\/wp-json\/wp\/v2\/comments?post=694"}],"version-history":[{"count":3,"href":"https:\/\/www.landfrauen-meppen.de\/haren\/wp-json\/wp\/v2\/pages\/694\/revisions"}],"predecessor-version":[{"id":704,"href":"https:\/\/www.landfrauen-meppen.de\/haren\/wp-json\/wp\/v2\/pages\/694\/revisions\/704"}],"up":[{"embeddable":true,"href":"https:\/\/www.landfrauen-meppen.de\/haren\/wp-json\/wp\/v2\/pages\/150"}],"wp:attachment":[{"href":"https:\/\/www.landfrauen-meppen.de\/haren\/wp-json\/wp\/v2\/media?parent=694"}],"curies":[{"name":"wp","href":"https:\/\/api.w.org\/{rel}","templated":true}]}}