{"id":1838,"date":"2026-04-14T20:08:28","date_gmt":"2026-04-14T18:08:28","guid":{"rendered":"https:\/\/www.landfrauen-meppen.de\/haren\/?page_id=1838"},"modified":"2026-04-14T20:08:28","modified_gmt":"2026-04-14T18:08:28","slug":"rezept-april-2026-gefuellte-eier-broetchen-aus-der-heissluftfritteuse","status":"publish","type":"page","link":"https:\/\/www.landfrauen-meppen.de\/haren\/rezept-des-monats-2\/rezept-april-2026-gefuellte-eier-broetchen-aus-der-heissluftfritteuse\/","title":{"rendered":"Rezept April 2026 (Gef\u00fcllte Eier-Br\u00f6tchen aus der Hei\u00dfluftfritteuse)"},"content":{"rendered":"<table width=\"642\">\n<tbody>\n<tr>\n<td width=\"245\">\u00bd Zucchini<\/td>\n<td width=\"397\">waschen und in kleine W\u00fcrfel schneiden.<\/td>\n<\/tr>\n<tr>\n<td width=\"245\">\u00bd Paprikaschote<\/td>\n<td width=\"397\">vierteln, entkernen und ebenfalls in kleine W\u00fcrfel schneiden.<\/td>\n<\/tr>\n<tr>\n<td width=\"245\">4 Kirschtomaten<\/td>\n<td width=\"397\">und<\/td>\n<\/tr>\n<tr>\n<td width=\"245\">\u00bd Zwiebel<\/td>\n<td width=\"397\">fein w\u00fcrfeln.<\/td>\n<\/tr>\n<tr>\n<td width=\"245\"><\/td>\n<td width=\"397\">Das geschnittene Gem\u00fcse mit<\/td>\n<\/tr>\n<tr>\n<td width=\"245\">\u00bd TL Edels\u00fc\u00dfpaprika,<\/td>\n<td width=\"397\"><\/td>\n<\/tr>\n<tr>\n<td width=\"245\">1 EL Schnittlauch (getrocknet oder tiefgek\u00fchlt),<\/td>\n<td width=\"397\"><\/td>\n<\/tr>\n<tr>\n<td width=\"245\">Salz<\/td>\n<td width=\"397\">und<\/td>\n<\/tr>\n<tr>\n<td width=\"245\">Pfeffer<\/td>\n<td width=\"397\">vermischen.<\/td>\n<\/tr>\n<tr>\n<td width=\"245\"><\/td>\n<td width=\"397\">Von<\/td>\n<\/tr>\n<tr>\n<td width=\"245\">4 Roggen- oder Laugenbr\u00f6tchen zum Aufbacken<\/td>\n<td width=\"397\">jeweils einen flachen Deckel abschneiden.<\/td>\n<\/tr>\n<tr>\n<td width=\"245\"><\/td>\n<td width=\"397\">Die Br\u00f6tchen aush\u00f6hlen. Die Gem\u00fcsemischung in den Br\u00f6tchen verteilen, jeweils 1 von<\/td>\n<\/tr>\n<tr>\n<td width=\"245\">4 Eiern<\/td>\n<td width=\"397\">auf das Gem\u00fcse geben und die Br\u00f6tchen in den Garkorb der Hei\u00dfluftfritteuse platzieren. Die \u201eDeckel\u201c danebenlegen.<\/td>\n<\/tr>\n<tr>\n<td width=\"245\"><\/td>\n<td width=\"397\">Bei 160\u00b0C 12 &#8211; 16 Minuten in der Hei\u00dfluftfritteuse garen, bis das Ei gestockt ist. Je nach Ger\u00e4t kann die Zeit leicht variieren.<\/td>\n<\/tr>\n<tr>\n<td width=\"245\"><\/td>\n<td width=\"397\">Die Br\u00f6tchen vorsichtig herausnehmen, mit<\/td>\n<\/tr>\n<tr>\n<td width=\"245\">Chiliflocken,<\/td>\n<td width=\"397\"><\/td>\n<\/tr>\n<tr>\n<td width=\"245\">Salz<\/td>\n<td width=\"397\">und<\/td>\n<\/tr>\n<tr>\n<td width=\"245\">Schnittlauch<\/td>\n<td width=\"397\">bestreuen.<\/td>\n<\/tr>\n<tr>\n<td width=\"245\"><\/td>\n<td width=\"397\">Die Br\u00f6tchen sofort servieren. Die Deckel entweder neben oder auf die Br\u00f6tchen legen.<\/td>\n<\/tr>\n<\/tbody>\n<\/table>\n<p><strong>Tipp:<\/strong>\u00a0 Man kann die Br\u00f6tchen alternativ im Backofen backen. Dann verl\u00e4ngert sich die Garzeit um ein paar Minuten.<\/p>\n<p><strong>Guten Appetit!<\/strong><\/p>\n","protected":false},"excerpt":{"rendered":"<p>\u00bd Zucchini waschen und in kleine W\u00fcrfel schneiden. \u00bd Paprikaschote vierteln, entkernen und ebenfalls in kleine W\u00fcrfel schneiden. 4 Kirschtomaten und \u00bd Zwiebel fein w\u00fcrfeln. Das geschnittene Gem\u00fcse mit \u00bd TL Edels\u00fc\u00dfpaprika, 1 EL Schnittlauch (getrocknet oder tiefgek\u00fchlt), Salz und <a class=\"more-link\" href=\"https:\/\/www.landfrauen-meppen.de\/haren\/rezept-des-monats-2\/rezept-april-2026-gefuellte-eier-broetchen-aus-der-heissluftfritteuse\/\">Weiterlesen\u00a0\u2026<\/a><\/p>\n","protected":false},"author":6,"featured_media":0,"parent":150,"menu_order":0,"comment_status":"closed","ping_status":"closed","template":"","meta":{"footnotes":""},"class_list":["post-1838","page","type-page","status-publish","hentry"],"_links":{"self":[{"href":"https:\/\/www.landfrauen-meppen.de\/haren\/wp-json\/wp\/v2\/pages\/1838","targetHints":{"allow":["GET"]}}],"collection":[{"href":"https:\/\/www.landfrauen-meppen.de\/haren\/wp-json\/wp\/v2\/pages"}],"about":[{"href":"https:\/\/www.landfrauen-meppen.de\/haren\/wp-json\/wp\/v2\/types\/page"}],"author":[{"embeddable":true,"href":"https:\/\/www.landfrauen-meppen.de\/haren\/wp-json\/wp\/v2\/users\/6"}],"replies":[{"embeddable":true,"href":"https:\/\/www.landfrauen-meppen.de\/haren\/wp-json\/wp\/v2\/comments?post=1838"}],"version-history":[{"count":3,"href":"https:\/\/www.landfrauen-meppen.de\/haren\/wp-json\/wp\/v2\/pages\/1838\/revisions"}],"predecessor-version":[{"id":1841,"href":"https:\/\/www.landfrauen-meppen.de\/haren\/wp-json\/wp\/v2\/pages\/1838\/revisions\/1841"}],"up":[{"embeddable":true,"href":"https:\/\/www.landfrauen-meppen.de\/haren\/wp-json\/wp\/v2\/pages\/150"}],"wp:attachment":[{"href":"https:\/\/www.landfrauen-meppen.de\/haren\/wp-json\/wp\/v2\/media?parent=1838"}],"curies":[{"name":"wp","href":"https:\/\/api.w.org\/{rel}","templated":true}]}}