{"id":1832,"date":"2026-03-02T12:20:29","date_gmt":"2026-03-02T11:20:29","guid":{"rendered":"https:\/\/www.landfrauen-meppen.de\/haren\/?page_id=1832"},"modified":"2026-03-02T12:20:29","modified_gmt":"2026-03-02T11:20:29","slug":"rezept-maerz-2026-joghurtbombe-mit-roter-gruetze","status":"publish","type":"page","link":"https:\/\/www.landfrauen-meppen.de\/haren\/rezept-des-monats-2\/rezept-maerz-2026-joghurtbombe-mit-roter-gruetze\/","title":{"rendered":"Rezept M\u00e4rz 2026 (Joghurtbombe mit Roter Gr\u00fctze)"},"content":{"rendered":"<table width=\"642\">\n<tbody>\n<tr>\n<td width=\"245\">500 g Naturjoghurt<\/td>\n<td width=\"397\">mit<\/td>\n<\/tr>\n<tr>\n<td width=\"245\">100 g Zucker<\/td>\n<td width=\"397\">und<\/td>\n<\/tr>\n<tr>\n<td width=\"245\">1 P. Vanillezucker<\/td>\n<td width=\"397\">verr\u00fchren. Den<\/td>\n<\/tr>\n<tr>\n<td width=\"245\">Saft von \u00bd Zitrone<\/td>\n<td width=\"397\">unterr\u00fchren.<\/td>\n<\/tr>\n<tr>\n<td width=\"245\">2 B. Sahne<\/td>\n<td width=\"397\">steif schlagen und unterheben.<\/td>\n<\/tr>\n<tr>\n<td width=\"245\"><\/td>\n<td width=\"397\">Ein Sieb mit einem Geschirrtuch auslegen und auf eine Sch\u00fcssel setzen.<\/td>\n<\/tr>\n<tr>\n<td width=\"245\"><\/td>\n<td width=\"397\">Anschlie\u00dfend die Masse auf das Geschirrtuch geben und die Enden des Tuches vorsichtig zusammenschlagen, <strong>\u00fcber Nacht kalt stellen<\/strong>.<\/td>\n<\/tr>\n<tr>\n<td width=\"245\"><\/td>\n<td width=\"397\">Die Joghurtbombe auf eine Platte st\u00fcrzen und<\/td>\n<\/tr>\n<tr>\n<td width=\"245\">1 Glas Rote Gr\u00fctze<\/td>\n<td width=\"397\">dar\u00fcber verteilen.<\/td>\n<\/tr>\n<tr>\n<td width=\"245\">Eventuell frische Fr\u00fcchte<\/td>\n<td width=\"397\">zum Dekorieren benutzen.<\/td>\n<\/tr>\n<\/tbody>\n<\/table>\n<p><strong>Guten Appetit!<\/strong><\/p>\n","protected":false},"excerpt":{"rendered":"<p>500 g Naturjoghurt mit 100 g Zucker und 1 P. Vanillezucker verr\u00fchren. Den Saft von \u00bd Zitrone unterr\u00fchren. 2 B. Sahne steif schlagen und unterheben. Ein Sieb mit einem Geschirrtuch auslegen und auf eine Sch\u00fcssel setzen. Anschlie\u00dfend die Masse auf <a class=\"more-link\" href=\"https:\/\/www.landfrauen-meppen.de\/haren\/rezept-des-monats-2\/rezept-maerz-2026-joghurtbombe-mit-roter-gruetze\/\">Weiterlesen\u00a0\u2026<\/a><\/p>\n","protected":false},"author":6,"featured_media":0,"parent":150,"menu_order":0,"comment_status":"closed","ping_status":"closed","template":"","meta":{"footnotes":""},"class_list":["post-1832","page","type-page","status-publish","hentry"],"_links":{"self":[{"href":"https:\/\/www.landfrauen-meppen.de\/haren\/wp-json\/wp\/v2\/pages\/1832","targetHints":{"allow":["GET"]}}],"collection":[{"href":"https:\/\/www.landfrauen-meppen.de\/haren\/wp-json\/wp\/v2\/pages"}],"about":[{"href":"https:\/\/www.landfrauen-meppen.de\/haren\/wp-json\/wp\/v2\/types\/page"}],"author":[{"embeddable":true,"href":"https:\/\/www.landfrauen-meppen.de\/haren\/wp-json\/wp\/v2\/users\/6"}],"replies":[{"embeddable":true,"href":"https:\/\/www.landfrauen-meppen.de\/haren\/wp-json\/wp\/v2\/comments?post=1832"}],"version-history":[{"count":2,"href":"https:\/\/www.landfrauen-meppen.de\/haren\/wp-json\/wp\/v2\/pages\/1832\/revisions"}],"predecessor-version":[{"id":1834,"href":"https:\/\/www.landfrauen-meppen.de\/haren\/wp-json\/wp\/v2\/pages\/1832\/revisions\/1834"}],"up":[{"embeddable":true,"href":"https:\/\/www.landfrauen-meppen.de\/haren\/wp-json\/wp\/v2\/pages\/150"}],"wp:attachment":[{"href":"https:\/\/www.landfrauen-meppen.de\/haren\/wp-json\/wp\/v2\/media?parent=1832"}],"curies":[{"name":"wp","href":"https:\/\/api.w.org\/{rel}","templated":true}]}}