{"id":1727,"date":"2026-02-01T18:09:16","date_gmt":"2026-02-01T17:09:16","guid":{"rendered":"https:\/\/www.landfrauen-meppen.de\/haren\/?page_id=1727"},"modified":"2026-02-24T19:10:53","modified_gmt":"2026-02-24T18:10:53","slug":"rezept-februar-2026-brokkolisalat-mit-apfel","status":"publish","type":"page","link":"https:\/\/www.landfrauen-meppen.de\/haren\/rezept-des-monats-2\/rezept-februar-2026-brokkolisalat-mit-apfel\/","title":{"rendered":"Rezept Februar 2026 (Brokkolisalat mit Apfel)"},"content":{"rendered":"<h1><\/h1>\n<table width=\"642\">\n<tbody>\n<tr>\n<td width=\"245\">1 Brokkoli<\/td>\n<td width=\"397\">in kleine R\u00f6schen teilen.<\/td>\n<\/tr>\n<tr>\n<td width=\"245\">1 kl. rote Zwiebel,<\/td>\n<td width=\"397\"><\/td>\n<\/tr>\n<tr>\n<td width=\"245\">1 rote Paprikaschote<\/td>\n<td width=\"397\">und<\/td>\n<\/tr>\n<tr>\n<td width=\"245\">1 gro\u00dfen Apfel<\/td>\n<td width=\"397\">fein w\u00fcrfeln.<\/td>\n<\/tr>\n<tr>\n<td width=\"245\">1 Dose Mais<\/td>\n<td width=\"397\">abgie\u00dfen und alles in eine gro\u00dfe Sch\u00fcssel geben.<\/td>\n<\/tr>\n<tr>\n<td width=\"245\">250 g griechischen Joghurt<\/td>\n<td width=\"397\">mit<\/td>\n<\/tr>\n<tr>\n<td width=\"245\">1 TL Senf,<\/td>\n<td width=\"397\"><\/td>\n<\/tr>\n<tr>\n<td width=\"245\">Salz,<\/td>\n<td width=\"397\"><\/td>\n<\/tr>\n<tr>\n<td width=\"245\">Pfeffer,<\/td>\n<td width=\"397\"><\/td>\n<\/tr>\n<tr>\n<td width=\"245\">Saft einer Zitrone<\/td>\n<td width=\"397\">und<\/td>\n<\/tr>\n<tr>\n<td width=\"245\">1 Prise Zucker<\/td>\n<td width=\"397\">verr\u00fchren.<\/td>\n<\/tr>\n<tr>\n<td width=\"245\"><\/td>\n<td width=\"397\">Dieses Dressing \u00fcber den Salat geben, alles gut vermischen und f\u00fcr 1 &#8211; 2 Stunden im K\u00fchlschrank durchziehen lassen.<\/td>\n<\/tr>\n<tr>\n<td width=\"245\">Frische Petersilie<\/td>\n<td width=\"397\">klein schneiden und dar\u00fcberstreuen.<\/td>\n<\/tr>\n<\/tbody>\n<\/table>\n<p><strong>Guten Appetit!<\/strong><\/p>\n","protected":false},"excerpt":{"rendered":"<p>1 Brokkoli in kleine R\u00f6schen teilen. 1 kl. rote Zwiebel, 1 rote Paprikaschote und 1 gro\u00dfen Apfel fein w\u00fcrfeln. 1 Dose Mais abgie\u00dfen und alles in eine gro\u00dfe Sch\u00fcssel geben. 250 g griechischen Joghurt mit 1 TL Senf, Salz, Pfeffer, <a class=\"more-link\" href=\"https:\/\/www.landfrauen-meppen.de\/haren\/rezept-des-monats-2\/rezept-februar-2026-brokkolisalat-mit-apfel\/\">Weiterlesen\u00a0\u2026<\/a><\/p>\n","protected":false},"author":6,"featured_media":0,"parent":150,"menu_order":0,"comment_status":"closed","ping_status":"closed","template":"","meta":{"footnotes":""},"class_list":["post-1727","page","type-page","status-publish","hentry"],"_links":{"self":[{"href":"https:\/\/www.landfrauen-meppen.de\/haren\/wp-json\/wp\/v2\/pages\/1727","targetHints":{"allow":["GET"]}}],"collection":[{"href":"https:\/\/www.landfrauen-meppen.de\/haren\/wp-json\/wp\/v2\/pages"}],"about":[{"href":"https:\/\/www.landfrauen-meppen.de\/haren\/wp-json\/wp\/v2\/types\/page"}],"author":[{"embeddable":true,"href":"https:\/\/www.landfrauen-meppen.de\/haren\/wp-json\/wp\/v2\/users\/6"}],"replies":[{"embeddable":true,"href":"https:\/\/www.landfrauen-meppen.de\/haren\/wp-json\/wp\/v2\/comments?post=1727"}],"version-history":[{"count":4,"href":"https:\/\/www.landfrauen-meppen.de\/haren\/wp-json\/wp\/v2\/pages\/1727\/revisions"}],"predecessor-version":[{"id":1790,"href":"https:\/\/www.landfrauen-meppen.de\/haren\/wp-json\/wp\/v2\/pages\/1727\/revisions\/1790"}],"up":[{"embeddable":true,"href":"https:\/\/www.landfrauen-meppen.de\/haren\/wp-json\/wp\/v2\/pages\/150"}],"wp:attachment":[{"href":"https:\/\/www.landfrauen-meppen.de\/haren\/wp-json\/wp\/v2\/media?parent=1727"}],"curies":[{"name":"wp","href":"https:\/\/api.w.org\/{rel}","templated":true}]}}