{"id":169,"date":"2017-06-23T23:50:27","date_gmt":"2017-06-23T21:50:27","guid":{"rendered":"http:\/\/www.landfrauen-meppen.de\/haren\/?page_id=169"},"modified":"2017-06-24T00:09:28","modified_gmt":"2017-06-23T22:09:28","slug":"monat-juni-rhabarberkuchen-mit-vanillecreme-und-streuseln","status":"publish","type":"page","link":"https:\/\/www.landfrauen-meppen.de\/haren\/rezept-des-monats-2\/monat-juni-rhabarberkuchen-mit-vanillecreme-und-streuseln\/","title":{"rendered":"Rezept Juni (Rhabarberkuchen mit Vanillecreme und Streuseln)"},"content":{"rendered":"<h1><strong><span style=\"color: #ff6600\">Rhabarberkuchen mit Vanillecreme und Streuseln<\/span><\/strong><\/h1>\n<table>\n<tbody>\n<tr>\n<td width=\"245\"><\/td>\n<td width=\"397\"><strong>\u00a0<\/strong><\/td>\n<\/tr>\n<tr>\n<td width=\"245\">500 g Rhabarber<\/td>\n<td width=\"397\">sch\u00e4len und schr\u00e4g in 3 cm lange St\u00fccke schneiden. Mit etwa<\/td>\n<\/tr>\n<tr>\n<td width=\"245\">einer kleinen Handvoll Zucker<\/td>\n<td width=\"397\">bestreuen, in einem Sieb zur Seite stellen, ca. 30\u00a0Minuten abtropfen lassen.<\/td>\n<\/tr>\n<tr>\n<td width=\"245\"><\/td>\n<td width=\"397\"><\/td>\n<\/tr>\n<tr>\n<td width=\"245\"><\/td>\n<td width=\"397\"><strong>F\u00fcr den Teig<\/strong><\/td>\n<\/tr>\n<tr>\n<td width=\"245\">100 g Butter,<\/td>\n<td width=\"397\"><\/td>\n<\/tr>\n<tr>\n<td width=\"245\">80 g Zucker<\/td>\n<td width=\"397\">und<\/td>\n<\/tr>\n<tr>\n<td width=\"245\">1 P. Vanillezucker<\/td>\n<td width=\"397\">cremig schlagen.<\/td>\n<\/tr>\n<tr>\n<td width=\"245\">2 Eier<\/td>\n<td width=\"397\">zugeben und nochmals 1 Minute aufschlagen.<\/td>\n<\/tr>\n<tr>\n<td width=\"245\">75 g Schmand,<\/td>\n<td width=\"397\"><\/td>\n<\/tr>\n<tr>\n<td width=\"245\">180 g Mehl<\/td>\n<td width=\"397\">und<\/td>\n<\/tr>\n<tr>\n<td width=\"245\">1 geh\u00e4uften TL Backpulver<\/td>\n<td width=\"397\">zugeben und kurz verr\u00fchren.<\/td>\n<\/tr>\n<tr>\n<td width=\"245\"><\/td>\n<td width=\"397\">Die Teigmasse in eine gefettete oder mit Backpapier ausgelegte 26er Springform geben und im vorgeheizten Backofen bei 180\u00b0C Ober-\/Unterhitze 15\u00a0Minuten vorbacken. Etwas ausk\u00fchlen lassen.<\/td>\n<\/tr>\n<tr>\n<td width=\"245\"><\/td>\n<td width=\"397\"><\/td>\n<\/tr>\n<tr>\n<td width=\"245\"><\/td>\n<td width=\"397\"><strong>F\u00fcr die Vanillecreme aus<\/strong><\/td>\n<\/tr>\n<tr>\n<td width=\"245\">1 P. Puddingpulver Vanille,<\/td>\n<td width=\"397\"><\/td>\n<\/tr>\n<tr>\n<td width=\"245\">40 g Zucker<\/td>\n<td width=\"397\">und<\/td>\n<\/tr>\n<tr>\n<td width=\"245\">375 g Milch<\/td>\n<td width=\"397\">einen Puddding kochen.<\/td>\n<\/tr>\n<tr>\n<td width=\"245\">125 g Schmand<\/td>\n<td width=\"397\">unterr\u00fchren. Etwas ausk\u00fchlen lassen.<\/td>\n<\/tr>\n<tr>\n<td width=\"245\"><\/td>\n<td width=\"397\"><\/td>\n<\/tr>\n<tr>\n<td width=\"245\"><\/td>\n<td width=\"397\"><strong>F\u00fcr die Streusel<\/strong><\/td>\n<\/tr>\n<tr>\n<td width=\"245\">200 g Mehl,<\/td>\n<td width=\"397\"><\/td>\n<\/tr>\n<tr>\n<td width=\"245\">100 g Zucker,<\/td>\n<td width=\"397\"><\/td>\n<\/tr>\n<tr>\n<td width=\"245\">1 P. Vanillezucker<\/td>\n<td width=\"397\">und<\/td>\n<\/tr>\n<tr>\n<td width=\"245\">150 g kalte Butter<\/td>\n<td width=\"397\">zu Streuseln verarbeiten.<\/td>\n<\/tr>\n<tr>\n<td width=\"245\"><\/td>\n<td width=\"397\"><\/td>\n<\/tr>\n<tr>\n<td width=\"245\"><\/td>\n<td width=\"397\">Die Vanillecreme auf den vorgebackenen Teig geben, den Rhabarber darauf verteilen und mit den Streuseln bedecken.<\/td>\n<\/tr>\n<tr>\n<td width=\"245\"><\/td>\n<td width=\"397\"><\/td>\n<\/tr>\n<tr>\n<td width=\"245\"><\/td>\n<td width=\"397\">Anschlie\u00dfend den Kuchen im immer noch hei\u00dfen Backofen weiter bei 180\u00b0C Ober-\/Unterhitze 30 \u2013 35 Minuten zu Ende backen und in der Form ausk\u00fchlen lassen.<\/td>\n<\/tr>\n<tr>\n<td width=\"245\"><\/td>\n<td width=\"397\"><\/td>\n<\/tr>\n<tr>\n<td colspan=\"2\" width=\"642\"><strong>Viel Spa\u00df beim Backen!<\/strong><\/td>\n<\/tr>\n<\/tbody>\n<\/table>\n","protected":false},"excerpt":{"rendered":"<p>Rhabarberkuchen mit Vanillecreme und Streuseln \u00a0 500 g Rhabarber sch\u00e4len und schr\u00e4g in 3 cm lange St\u00fccke schneiden. Mit etwa einer kleinen Handvoll Zucker bestreuen, in einem Sieb zur Seite stellen, ca. 30\u00a0Minuten abtropfen lassen. F\u00fcr den Teig 100 g <a class=\"more-link\" href=\"https:\/\/www.landfrauen-meppen.de\/haren\/rezept-des-monats-2\/monat-juni-rhabarberkuchen-mit-vanillecreme-und-streuseln\/\">Weiterlesen\u00a0\u2026<\/a><\/p>\n","protected":false},"author":6,"featured_media":0,"parent":150,"menu_order":0,"comment_status":"closed","ping_status":"closed","template":"","meta":{"footnotes":""},"class_list":["post-169","page","type-page","status-publish","hentry"],"_links":{"self":[{"href":"https:\/\/www.landfrauen-meppen.de\/haren\/wp-json\/wp\/v2\/pages\/169","targetHints":{"allow":["GET"]}}],"collection":[{"href":"https:\/\/www.landfrauen-meppen.de\/haren\/wp-json\/wp\/v2\/pages"}],"about":[{"href":"https:\/\/www.landfrauen-meppen.de\/haren\/wp-json\/wp\/v2\/types\/page"}],"author":[{"embeddable":true,"href":"https:\/\/www.landfrauen-meppen.de\/haren\/wp-json\/wp\/v2\/users\/6"}],"replies":[{"embeddable":true,"href":"https:\/\/www.landfrauen-meppen.de\/haren\/wp-json\/wp\/v2\/comments?post=169"}],"version-history":[{"count":2,"href":"https:\/\/www.landfrauen-meppen.de\/haren\/wp-json\/wp\/v2\/pages\/169\/revisions"}],"predecessor-version":[{"id":178,"href":"https:\/\/www.landfrauen-meppen.de\/haren\/wp-json\/wp\/v2\/pages\/169\/revisions\/178"}],"up":[{"embeddable":true,"href":"https:\/\/www.landfrauen-meppen.de\/haren\/wp-json\/wp\/v2\/pages\/150"}],"wp:attachment":[{"href":"https:\/\/www.landfrauen-meppen.de\/haren\/wp-json\/wp\/v2\/media?parent=169"}],"curies":[{"name":"wp","href":"https:\/\/api.w.org\/{rel}","templated":true}]}}