{"id":1685,"date":"2025-11-08T10:40:55","date_gmt":"2025-11-08T09:40:55","guid":{"rendered":"https:\/\/www.landfrauen-meppen.de\/haren\/?page_id=1685"},"modified":"2026-02-24T19:09:04","modified_gmt":"2026-02-24T18:09:04","slug":"rezept-november-2025-vanille-spritzgebaeck","status":"publish","type":"page","link":"https:\/\/www.landfrauen-meppen.de\/haren\/rezept-des-monats-2\/rezept-november-2025-vanille-spritzgebaeck\/","title":{"rendered":"Rezept November 2025 (Vanille-Spritzgeb\u00e4ck)"},"content":{"rendered":"<h1><\/h1>\n<table width=\"642\">\n<tbody>\n<tr>\n<td width=\"245\">1 kg Mehl,<\/td>\n<td width=\"397\"><\/td>\n<\/tr>\n<tr>\n<td width=\"245\">250 g Butter,<\/td>\n<td width=\"397\"><\/td>\n<\/tr>\n<tr>\n<td width=\"245\">250 g Margarine,<\/td>\n<td width=\"397\"><\/td>\n<\/tr>\n<tr>\n<td width=\"245\">500 g Zucker,<\/td>\n<td width=\"397\"><\/td>\n<\/tr>\n<tr>\n<td width=\"245\">1 \u00bd P. Vanillezucker,<\/td>\n<td width=\"397\"><\/td>\n<\/tr>\n<tr>\n<td width=\"245\">1 \u00bd Fl\u00e4schchen Butter-Vanille-Aroma,<\/td>\n<td width=\"397\"><\/td>\n<\/tr>\n<tr>\n<td width=\"245\">3 Eier,<\/td>\n<td width=\"397\"><\/td>\n<\/tr>\n<tr>\n<td width=\"245\">1 P. Backpulver,<\/td>\n<td width=\"397\"><\/td>\n<\/tr>\n<tr>\n<td width=\"245\">1 P. Vanillepuddingpulver,<\/td>\n<td width=\"397\"><\/td>\n<\/tr>\n<tr>\n<td width=\"245\">1 P. Sahnepuddingpulver<\/td>\n<td width=\"397\">und<\/td>\n<\/tr>\n<tr>\n<td width=\"245\">1 Prise Salz<\/td>\n<td width=\"397\">gut verkneten.<\/td>\n<\/tr>\n<tr>\n<td width=\"245\"><\/td>\n<td width=\"397\"><strong>Den Teig in Folie einschlagen und mehrere Stunden, besser \u00fcber Nacht, kalt stellen.<\/strong><\/td>\n<\/tr>\n<tr>\n<td width=\"245\"><\/td>\n<td width=\"397\">Den Backofen auf 190\u00b0C vorheizen.<\/td>\n<\/tr>\n<tr>\n<td width=\"245\"><\/td>\n<td width=\"397\">Den Teig in einen Fleischwolf mit Spritzgeb\u00e4ck-Vorsatz geben und durchdrehen. In Stangen, Kr\u00e4nzen oder in S-Form auf ein mit Backpapier belegtes Backblech legen.<br \/>\nAlternativ k\u00f6nnen ein Spritzbeutel oder eine Geb\u00e4ckpresse verwendet werden.<\/td>\n<\/tr>\n<tr>\n<td width=\"245\"><\/td>\n<td width=\"397\">Das Spritzgeb\u00e4ck im hei\u00dfen Backofen ca. 10 &#8211; 15 Minuten hell abbacken. Auf einem Kuchengitter ausk\u00fchlen lassen.<\/td>\n<\/tr>\n<tr>\n<td width=\"245\">Dunkle Kuvert\u00fcre<\/td>\n<td width=\"397\">schmelzen und die Enden des Spritzgeb\u00e4cks damit bestreichen oder diese eintauchen.<\/td>\n<\/tr>\n<\/tbody>\n<\/table>\n<p><strong style=\"font-size: 1rem\">Viel Spa\u00df beim Backen!<\/strong><\/p>\n","protected":false},"excerpt":{"rendered":"<p>1 kg Mehl, 250 g Butter, 250 g Margarine, 500 g Zucker, 1 \u00bd P. Vanillezucker, 1 \u00bd Fl\u00e4schchen Butter-Vanille-Aroma, 3 Eier, 1 P. Backpulver, 1 P. Vanillepuddingpulver, 1 P. Sahnepuddingpulver und 1 Prise Salz gut verkneten. Den Teig in <a class=\"more-link\" href=\"https:\/\/www.landfrauen-meppen.de\/haren\/rezept-des-monats-2\/rezept-november-2025-vanille-spritzgebaeck\/\">Weiterlesen\u00a0\u2026<\/a><\/p>\n","protected":false},"author":6,"featured_media":0,"parent":150,"menu_order":0,"comment_status":"closed","ping_status":"closed","template":"","meta":{"footnotes":""},"class_list":["post-1685","page","type-page","status-publish","hentry"],"_links":{"self":[{"href":"https:\/\/www.landfrauen-meppen.de\/haren\/wp-json\/wp\/v2\/pages\/1685","targetHints":{"allow":["GET"]}}],"collection":[{"href":"https:\/\/www.landfrauen-meppen.de\/haren\/wp-json\/wp\/v2\/pages"}],"about":[{"href":"https:\/\/www.landfrauen-meppen.de\/haren\/wp-json\/wp\/v2\/types\/page"}],"author":[{"embeddable":true,"href":"https:\/\/www.landfrauen-meppen.de\/haren\/wp-json\/wp\/v2\/users\/6"}],"replies":[{"embeddable":true,"href":"https:\/\/www.landfrauen-meppen.de\/haren\/wp-json\/wp\/v2\/comments?post=1685"}],"version-history":[{"count":5,"href":"https:\/\/www.landfrauen-meppen.de\/haren\/wp-json\/wp\/v2\/pages\/1685\/revisions"}],"predecessor-version":[{"id":1787,"href":"https:\/\/www.landfrauen-meppen.de\/haren\/wp-json\/wp\/v2\/pages\/1685\/revisions\/1787"}],"up":[{"embeddable":true,"href":"https:\/\/www.landfrauen-meppen.de\/haren\/wp-json\/wp\/v2\/pages\/150"}],"wp:attachment":[{"href":"https:\/\/www.landfrauen-meppen.de\/haren\/wp-json\/wp\/v2\/media?parent=1685"}],"curies":[{"name":"wp","href":"https:\/\/api.w.org\/{rel}","templated":true}]}}