{"id":1613,"date":"2025-05-08T22:54:39","date_gmt":"2025-05-08T20:54:39","guid":{"rendered":"https:\/\/www.landfrauen-meppen.de\/haren\/?page_id=1613"},"modified":"2026-02-24T19:05:05","modified_gmt":"2026-02-24T18:05:05","slug":"rezept-mai-2025-staudenselleriesalat","status":"publish","type":"page","link":"https:\/\/www.landfrauen-meppen.de\/haren\/rezept-des-monats-2\/rezept-mai-2025-staudenselleriesalat\/","title":{"rendered":"Rezept Mai 2025 (Staudenselleriesalat)"},"content":{"rendered":"<h1><\/h1>\n<table>\n<tbody>\n<tr>\n<td width=\"245\">1 Bund Staudensellerie<\/td>\n<td width=\"397\">waschen und in d\u00fcnne Scheiben schneiden.<\/td>\n<\/tr>\n<tr>\n<td width=\"245\">1 gro\u00dfen Apfel<\/td>\n<td width=\"397\">entkernen und w\u00fcrfeln (nicht sch\u00e4len).<\/td>\n<\/tr>\n<tr>\n<td width=\"245\">1 gro\u00dfe Zwiebel<\/td>\n<td width=\"397\">sch\u00e4len und in feine W\u00fcrfel schneiden.<\/td>\n<\/tr>\n<tr>\n<td width=\"245\">1 Handvoll Walln\u00fcsse<\/td>\n<td width=\"397\">grob hacken.<\/td>\n<\/tr>\n<tr>\n<td width=\"245\"><\/td>\n<td width=\"397\">Alle Zutaten in eine Sch\u00fcssel geben.<\/td>\n<\/tr>\n<tr>\n<td width=\"245\"><\/td>\n<td width=\"397\"><\/td>\n<\/tr>\n<tr>\n<td width=\"245\"><\/td>\n<td width=\"397\"><strong>F\u00fcr das Dressing<\/strong><\/td>\n<\/tr>\n<tr>\n<td width=\"245\">4 EL Balsamico, hell<\/td>\n<td width=\"397\">und<\/td>\n<\/tr>\n<tr>\n<td width=\"245\">6 EL Raps\u00f6l<\/td>\n<td width=\"397\">verr\u00fchren, mit<\/td>\n<\/tr>\n<tr>\n<td width=\"245\">Salz<\/td>\n<td width=\"397\">und<\/td>\n<\/tr>\n<tr>\n<td width=\"245\">Pfeffer<\/td>\n<td width=\"397\">w\u00fcrzen.<\/td>\n<\/tr>\n<tr>\n<td width=\"245\"><\/td>\n<td width=\"397\"><\/td>\n<\/tr>\n<tr>\n<td width=\"245\"><\/td>\n<td width=\"397\">Das Dressing \u00fcber die Zutaten gie\u00dfen und alles gut vermengen.<\/td>\n<\/tr>\n<tr>\n<td width=\"245\"><\/td>\n<td width=\"397\">Den Salat mindestens 1 Stunde gut durchziehen lassen.<\/td>\n<\/tr>\n<\/tbody>\n<\/table>\n<p><strong style=\"font-size: 1rem\">Guten Appetit!<\/strong><\/p>\n","protected":false},"excerpt":{"rendered":"<p>1 Bund Staudensellerie waschen und in d\u00fcnne Scheiben schneiden. 1 gro\u00dfen Apfel entkernen und w\u00fcrfeln (nicht sch\u00e4len). 1 gro\u00dfe Zwiebel sch\u00e4len und in feine W\u00fcrfel schneiden. 1 Handvoll Walln\u00fcsse grob hacken. Alle Zutaten in eine Sch\u00fcssel geben. F\u00fcr das Dressing <a class=\"more-link\" href=\"https:\/\/www.landfrauen-meppen.de\/haren\/rezept-des-monats-2\/rezept-mai-2025-staudenselleriesalat\/\">Weiterlesen\u00a0\u2026<\/a><\/p>\n","protected":false},"author":6,"featured_media":0,"parent":150,"menu_order":0,"comment_status":"closed","ping_status":"closed","template":"","meta":{"footnotes":""},"class_list":["post-1613","page","type-page","status-publish","hentry"],"_links":{"self":[{"href":"https:\/\/www.landfrauen-meppen.de\/haren\/wp-json\/wp\/v2\/pages\/1613","targetHints":{"allow":["GET"]}}],"collection":[{"href":"https:\/\/www.landfrauen-meppen.de\/haren\/wp-json\/wp\/v2\/pages"}],"about":[{"href":"https:\/\/www.landfrauen-meppen.de\/haren\/wp-json\/wp\/v2\/types\/page"}],"author":[{"embeddable":true,"href":"https:\/\/www.landfrauen-meppen.de\/haren\/wp-json\/wp\/v2\/users\/6"}],"replies":[{"embeddable":true,"href":"https:\/\/www.landfrauen-meppen.de\/haren\/wp-json\/wp\/v2\/comments?post=1613"}],"version-history":[{"count":4,"href":"https:\/\/www.landfrauen-meppen.de\/haren\/wp-json\/wp\/v2\/pages\/1613\/revisions"}],"predecessor-version":[{"id":1780,"href":"https:\/\/www.landfrauen-meppen.de\/haren\/wp-json\/wp\/v2\/pages\/1613\/revisions\/1780"}],"up":[{"embeddable":true,"href":"https:\/\/www.landfrauen-meppen.de\/haren\/wp-json\/wp\/v2\/pages\/150"}],"wp:attachment":[{"href":"https:\/\/www.landfrauen-meppen.de\/haren\/wp-json\/wp\/v2\/media?parent=1613"}],"curies":[{"name":"wp","href":"https:\/\/api.w.org\/{rel}","templated":true}]}}