{"id":1508,"date":"2024-11-06T18:54:50","date_gmt":"2024-11-06T17:54:50","guid":{"rendered":"https:\/\/www.landfrauen-meppen.de\/haren\/?page_id=1508"},"modified":"2024-11-06T18:54:50","modified_gmt":"2024-11-06T17:54:50","slug":"rezept-november-2024-joghurt-beeren-traum","status":"publish","type":"page","link":"https:\/\/www.landfrauen-meppen.de\/haren\/rezept-des-monats-2\/rezept-november-2024-joghurt-beeren-traum\/","title":{"rendered":"Rezept November 2024 (Joghurt-Beeren-Traum)"},"content":{"rendered":"<h1><span style=\"color: #ff6600\"><strong>Joghurt-Beeren-Traum<\/strong><\/span><\/h1>\n<table>\n<tbody>\n<tr>\n<td width=\"245\">Ca. 500 g tiefgek\u00fchltes Beerenobst<\/td>\n<td width=\"397\">auftauen lassen und eventuell mit<\/td>\n<\/tr>\n<tr>\n<td width=\"245\">etwas Zucker<\/td>\n<td width=\"397\">s\u00fc\u00dfen.<\/td>\n<\/tr>\n<tr>\n<td width=\"245\">250 g Cantuccini (italienisches Mandelgeb\u00e4ck aus dem Supermarkt)<\/td>\n<td width=\"397\">in eine Auflaufform geben und mit<\/td>\n<\/tr>\n<tr>\n<td width=\"245\">ca. 100 ml Apfelsaft<\/td>\n<td width=\"397\">betr\u00e4ufeln.<\/td>\n<\/tr>\n<tr>\n<td width=\"245\"><\/td>\n<td width=\"397\">Die Beeren gleichm\u00e4\u00dfig darauf verteilen.<\/td>\n<\/tr>\n<tr>\n<td width=\"245\">500 g Naturjoghurt,<\/td>\n<td width=\"397\"><\/td>\n<\/tr>\n<tr>\n<td width=\"245\">2 B. Cr\u00e8me fra\u00eeche,<\/td>\n<td width=\"397\"><\/td>\n<\/tr>\n<tr>\n<td width=\"245\">2 &#8211; 3 EL Zucker<\/td>\n<td width=\"397\">und<\/td>\n<\/tr>\n<tr>\n<td width=\"245\">1 P. Vanillezucker<\/td>\n<td width=\"397\">vermengen und \u00fcber die Beeren geben.<\/td>\n<\/tr>\n<\/tbody>\n<\/table>\n<p><strong style=\"font-size: 1rem\">Tipp:<\/strong><span style=\"font-size: 1rem\">\u00a0 Die tiefgek\u00fchlten Beeren k\u00f6nnen durch frische Beeren ersetzt werden.<\/span><\/p>\n<p><strong>Guten Appetit!<\/strong><\/p>\n","protected":false},"excerpt":{"rendered":"<p>Joghurt-Beeren-Traum Ca. 500 g tiefgek\u00fchltes Beerenobst auftauen lassen und eventuell mit etwas Zucker s\u00fc\u00dfen. 250 g Cantuccini (italienisches Mandelgeb\u00e4ck aus dem Supermarkt) in eine Auflaufform geben und mit ca. 100 ml Apfelsaft betr\u00e4ufeln. Die Beeren gleichm\u00e4\u00dfig darauf verteilen. 500 g <a class=\"more-link\" href=\"https:\/\/www.landfrauen-meppen.de\/haren\/rezept-des-monats-2\/rezept-november-2024-joghurt-beeren-traum\/\">Weiterlesen\u00a0\u2026<\/a><\/p>\n","protected":false},"author":6,"featured_media":0,"parent":150,"menu_order":0,"comment_status":"closed","ping_status":"closed","template":"","meta":{"footnotes":""},"class_list":["post-1508","page","type-page","status-publish","hentry"],"_links":{"self":[{"href":"https:\/\/www.landfrauen-meppen.de\/haren\/wp-json\/wp\/v2\/pages\/1508","targetHints":{"allow":["GET"]}}],"collection":[{"href":"https:\/\/www.landfrauen-meppen.de\/haren\/wp-json\/wp\/v2\/pages"}],"about":[{"href":"https:\/\/www.landfrauen-meppen.de\/haren\/wp-json\/wp\/v2\/types\/page"}],"author":[{"embeddable":true,"href":"https:\/\/www.landfrauen-meppen.de\/haren\/wp-json\/wp\/v2\/users\/6"}],"replies":[{"embeddable":true,"href":"https:\/\/www.landfrauen-meppen.de\/haren\/wp-json\/wp\/v2\/comments?post=1508"}],"version-history":[{"count":3,"href":"https:\/\/www.landfrauen-meppen.de\/haren\/wp-json\/wp\/v2\/pages\/1508\/revisions"}],"predecessor-version":[{"id":1511,"href":"https:\/\/www.landfrauen-meppen.de\/haren\/wp-json\/wp\/v2\/pages\/1508\/revisions\/1511"}],"up":[{"embeddable":true,"href":"https:\/\/www.landfrauen-meppen.de\/haren\/wp-json\/wp\/v2\/pages\/150"}],"wp:attachment":[{"href":"https:\/\/www.landfrauen-meppen.de\/haren\/wp-json\/wp\/v2\/media?parent=1508"}],"curies":[{"name":"wp","href":"https:\/\/api.w.org\/{rel}","templated":true}]}}