{"id":150,"date":"2017-06-08T11:27:44","date_gmt":"2017-06-08T09:27:44","guid":{"rendered":"http:\/\/www.landfrauen-meppen.de\/haren\/?page_id=150"},"modified":"2026-04-14T20:14:14","modified_gmt":"2026-04-14T18:14:14","slug":"rezept-des-monats-2","status":"publish","type":"page","link":"https:\/\/www.landfrauen-meppen.de\/haren\/rezept-des-monats-2\/","title":{"rendered":"Rezept des Monats"},"content":{"rendered":"<p>In dieser Rubrik finden Sie jeden Monat ein neues leckeres Rezept.<\/p>\n<p>Wir w\u00fcnschen viel Spa\u00df beim Zubereiten und Genie\u00dfen!<\/p>\n<p><span style=\"color: #ff6600\"><a style=\"color: #ff6600\" href=\"https:\/\/www.landfrauen-meppen.de\/haren\/rezept-des-monats-2\/rezept-april-2026-gefuellte-eier-broetchen-aus-der-heissluftfritteuse\/\">Rezept April 2026 (Gef\u00fcllte Eier-Br\u00f6tchen aus der Hei\u00dfluftfritteuse)<\/a><\/span><\/p>\n<p><span style=\"color: #ff6600\"><a style=\"color: #ff6600\" href=\"https:\/\/www.landfrauen-meppen.de\/haren\/rezept-des-monats-2\/rezept-maerz-2026-joghurtbombe-mit-roter-gruetze\/\">Rezept M\u00e4rz 2026 (Joghurtbombe mit Roter Gr\u00fctze)<\/a><\/span><\/p>\n<p><span style=\"color: #ff6600\"><a style=\"color: #ff6600\" href=\"https:\/\/www.landfrauen-meppen.de\/haren\/rezept-des-monats-2\/rezept-februar-2026-brokkolisalat-mit-apfel\/\">Rezept Februar 2026 (Brokkolisalat mit Apfel)<\/a><\/span><\/p>\n<p><span style=\"color: #ff6600\"><a style=\"color: #ff6600\" href=\"https:\/\/www.landfrauen-meppen.de\/haren\/rezept-des-monats-2\/rezept-januar-2026-hackbraten-mit-kartoffeln-und-sahne\/\">Rezept Januar 2026 (Hackbraten mit Kartoffeln und Sahne)<\/a><\/span><\/p>\n<p><span style=\"color: #ff6600\"><a style=\"color: #ff6600\" href=\"https:\/\/www.landfrauen-meppen.de\/haren\/rezept-des-monats-2\/rezept-dezember-2025-pflaumen-tiramisu\/\">Rezept Dezember 2025 (Pflaumen-Tiramisu)<\/a><\/span><\/p>\n<p><span style=\"color: #ff6600\"><a style=\"color: #ff6600\" href=\"https:\/\/www.landfrauen-meppen.de\/haren\/rezept-des-monats-2\/rezept-november-2025-vanille-spritzgebaeck\/\">Rezept November 2025 (Vanille-Spritzgeb\u00e4ck)<\/a><\/span><\/p>\n<p><span style=\"color: #ff6600\"><span style=\"color: #ff6600\"><a style=\"color: #ff6600\" href=\"https:\/\/www.landfrauen-meppen.de\/haren\/rezept-des-monats-2\/rezept-oktober-flammkuchen-suess-und-pikant\/\">Rezept Oktober 2025 (Flammkuchen s\u00fc\u00df und pikant)<\/a><\/span><\/span><\/p>\n<p><span style=\"color: #ff6600\"><a style=\"color: #ff6600\" href=\"https:\/\/www.landfrauen-meppen.de\/haren\/rezept-des-monats-2\/rezept-september-2025-haehnchenbrustpfanne\/\">Rezept September 2025 (H\u00e4hnchenbrustpfanne)<\/a><\/span><\/p>\n<p><span style=\"color: #ff6600\"><a style=\"color: #ff6600\" href=\"https:\/\/www.landfrauen-meppen.de\/haren\/rezept-des-monats-2\/rezept-august-2025-zucchinikuchen\/\">Rezept August 2025 (Zucchinikuchen)<\/a><\/span><\/p>\n<p><span style=\"color: #ff6600\"><a style=\"color: #ff6600\" href=\"https:\/\/www.landfrauen-meppen.de\/haren\/rezept-des-monats-2\/rezept-juli-2025-nudel-thunfisch-salat\/\">Rezept Juli 2025 (Nudel-Thunfisch-Salat)<\/a><\/span><\/p>\n<p><span style=\"color: #ff6600\"><a style=\"color: #ff6600\" href=\"https:\/\/www.landfrauen-meppen.de\/haren\/rezept-des-monats-2\/rezept-juni-2025-gyros-tomaten-auflauf\/\">Rezept Juni 2025 (Gyros-Tomaten-Auflauf)<\/a><\/span><\/p>\n<p><span style=\"color: #ff6600\"><a style=\"color: #ff6600\" href=\"https:\/\/www.landfrauen-meppen.de\/haren\/rezept-des-monats-2\/rezept-mai-2025-staudenselleriesalat\/\">Rezept Mai 2025 (Staudenselleriesalat)<\/a><\/span><\/p>\n<p>&nbsp;<\/p>\n<p>&nbsp;<\/p>\n<p>&nbsp;<\/p>\n<p>&nbsp;<\/p>\n<p>&nbsp;<\/p>\n<p>&nbsp;<\/p>\n<p><span style=\"color: #ff6600\">\u00a0<\/span><\/p>\n<p><span style=\"color: #ff6600\">\u00a0<\/span><\/p>\n<p>&nbsp;<\/p>\n<p>&nbsp;<\/p>\n<p><span style=\"color: #ff6600\">\u00a0<\/span><\/p>\n","protected":false},"excerpt":{"rendered":"<p>In dieser Rubrik finden Sie jeden Monat ein neues leckeres Rezept. Wir w\u00fcnschen viel Spa\u00df beim Zubereiten und Genie\u00dfen! Rezept April 2026 (Gef\u00fcllte Eier-Br\u00f6tchen aus der Hei\u00dfluftfritteuse) Rezept M\u00e4rz 2026 (Joghurtbombe mit Roter Gr\u00fctze) Rezept Februar 2026 (Brokkolisalat mit Apfel) <a class=\"more-link\" href=\"https:\/\/www.landfrauen-meppen.de\/haren\/rezept-des-monats-2\/\">Weiterlesen\u00a0\u2026<\/a><\/p>\n","protected":false},"author":6,"featured_media":0,"parent":0,"menu_order":0,"comment_status":"closed","ping_status":"closed","template":"","meta":{"footnotes":""},"class_list":["post-150","page","type-page","status-publish","hentry"],"_links":{"self":[{"href":"https:\/\/www.landfrauen-meppen.de\/haren\/wp-json\/wp\/v2\/pages\/150","targetHints":{"allow":["GET"]}}],"collection":[{"href":"https:\/\/www.landfrauen-meppen.de\/haren\/wp-json\/wp\/v2\/pages"}],"about":[{"href":"https:\/\/www.landfrauen-meppen.de\/haren\/wp-json\/wp\/v2\/types\/page"}],"author":[{"embeddable":true,"href":"https:\/\/www.landfrauen-meppen.de\/haren\/wp-json\/wp\/v2\/users\/6"}],"replies":[{"embeddable":true,"href":"https:\/\/www.landfrauen-meppen.de\/haren\/wp-json\/wp\/v2\/comments?post=150"}],"version-history":[{"count":115,"href":"https:\/\/www.landfrauen-meppen.de\/haren\/wp-json\/wp\/v2\/pages\/150\/revisions"}],"predecessor-version":[{"id":1842,"href":"https:\/\/www.landfrauen-meppen.de\/haren\/wp-json\/wp\/v2\/pages\/150\/revisions\/1842"}],"wp:attachment":[{"href":"https:\/\/www.landfrauen-meppen.de\/haren\/wp-json\/wp\/v2\/media?parent=150"}],"curies":[{"name":"wp","href":"https:\/\/api.w.org\/{rel}","templated":true}]}}