{"id":1472,"date":"2024-08-21T17:33:22","date_gmt":"2024-08-21T15:33:22","guid":{"rendered":"https:\/\/www.landfrauen-meppen.de\/haren\/?page_id=1472"},"modified":"2024-12-06T15:57:10","modified_gmt":"2024-12-06T14:57:10","slug":"programm-2024-2025","status":"publish","type":"page","link":"https:\/\/www.landfrauen-meppen.de\/haren\/programm-2024-2025\/","title":{"rendered":"Programm 2024\/2025"},"content":{"rendered":"<h1><span style=\"color: #ff6600\"><strong>Programm 2024\/2025<\/strong><\/span><\/h1>\n<table width=\"640\">\n<tbody>\n<tr>\n<td width=\"141\"><span style=\"color: #ff6600\"><strong>Mi, 18.09.2024<\/strong><\/span><br \/>\n<strong>19.30 Uhr Niehaus, Bersede<\/strong><\/td>\n<td width=\"499\"><strong>Vitus \u2013 Perspektiven f\u00fcr das Leben<br \/>\n<\/strong>Frau Bernhardine Schiering vom Vitus-Werk berichtet \u00fcber die vielf\u00e4ltigen und interessanten Bereiche f\u00fcr Menschen mit Behinderung zur Unterst\u00fctzung der Selbstbestimmung und der sozialen Teilhabe.<br \/>\nZu dem Vortrag werden Zwiebelkuchen und Federwei\u00dfer gereicht.<\/td>\n<\/tr>\n<tr>\n<td width=\"141\"><span style=\"color: #ff6600\"><strong>Mi, 16.10.2024<\/strong><\/span><br \/>\n<strong>19.30 Uhr<\/strong><br \/>\n<strong>Annette Reiners, Kathen-Frackel<\/strong><\/td>\n<td width=\"499\"><strong>Wie dekoriere ich richtig<br \/>\n<\/strong>Frau Annette Reiners von \u201eDie mooi Makers GbR\u201c gibt uns anhand von mitgebrachten Fotos von Haust\u00fcren oder Hausw\u00e4nden Dekorationstipps.<br \/>\nWir verbringen einen inspirierenden Abend in ihrer Deele, Lohesch\u00a01 in 49762 Lathen-Kathen-Frackel.<br \/>\nZur St\u00e4rkung gibt es Fingerfood.<\/td>\n<\/tr>\n<tr>\n<td width=\"141\"><span style=\"color: #ff6600\"><strong>Mi, 27.11.2024<\/strong><\/span><br \/>\n<strong>19.30 Uhr<\/strong><br \/>\n<strong>Niehaus, Bersede<\/strong><\/td>\n<td width=\"499\"><strong>Adventsfeier<br \/>\n<\/strong>Es erwarten uns ein plattdeutsches \u201eHutkonzert\u201c mit Marcus Bruns alias \u201eBruni\u201c und allerlei Leckereien bei Kerzenschein.<\/td>\n<\/tr>\n<tr>\n<td width=\"141\"><span style=\"color: #ff6600\"><strong>Di, 03.12.2024<\/strong><\/span><br \/>\n<strong>9.30 Uhr<\/strong><br \/>\n<strong>Bauernhofcaf\u00e9 Meutstege<\/strong><\/td>\n<td width=\"499\"><strong>Seniorinnen Adventsfeier<br \/>\n<\/strong>Mit einem leckeren Fr\u00fchst\u00fcck und einem sch\u00f6nen Programm von Luise Meutstege und Agnes Bergmann erleben wir einen adventlichen Vormittag.<\/td>\n<\/tr>\n<tr>\n<td width=\"141\"><span style=\"color: #ff6600\"><strong>Mi, 04.12.2024<\/strong><\/span><br \/>\n<strong>10.00 Uhr Hallenbad Haren<\/strong><\/td>\n<td width=\"499\"><strong>Fahrt zum Weihnachtsmarkt in Oldenburg<br \/>\n<\/strong>Wir besuchen den Lamberti-Markt in Oldenburg mit \u00fcber 100 geschm\u00fcckten Holzbuden vor historischer Kulisse.<\/td>\n<\/tr>\n<tr>\n<td width=\"141\"><span style=\"color: #ff6600\"><strong>Mi, 15.01.2025<\/strong><\/span><br \/>\n<strong>19.00 Uhr<\/strong><br \/>\n<strong>Niehaus, Bersede<\/strong><\/td>\n<td width=\"499\"><strong>Jahreshauptversammlung<br \/>\n<\/strong>Wir informieren euch \u00fcber das Thema \u201eVerwenden statt verschwenden\u201c und Mitarbeiter der Tafel geben uns Einblicke in ihre ehrenamtliche Arbeit.<\/td>\n<\/tr>\n<tr>\n<td width=\"141\"><span style=\"color: #ff6600\"><strong>Mi, 19.02.2025<\/strong><\/span><br \/>\n<strong>19.30 Uhr Niehaus, Bersede<\/strong><\/td>\n<td width=\"499\"><strong>Wir bauen ein Hochbeet<br \/>\n<\/strong>Heinz Wahoff vom Heimathof Oberlangen zeigt uns, wie man mit Hochbeeten auf kleinstem Raum g\u00e4rtnern kann.<\/td>\n<\/tr>\n<tr>\n<td width=\"141\"><span style=\"color: #ff6600\"><strong>Mi, 19.03.2025<\/strong><\/span><br \/>\n<strong>9.30 Uhr Niehaus, Bersede<\/strong><\/td>\n<td width=\"499\"><strong>Fr\u00fchst\u00fcck mit Freundinnen<br \/>\n<\/strong>Christina von H\u00e4fen von der Landesvereinigung der Milchwirtschaft Niedersachen e. V. h\u00e4lt den Vortrag \u201eWei\u00df-Sauer-Lecker-Joghurt und andere Sauermilchprodukte\u201c. Dabei genie\u00dfen wir ein leckeres Fr\u00fchst\u00fcck.<br \/>\nEure Freundinnen sind herzlich willkommen!<\/td>\n<\/tr>\n<tr>\n<td width=\"141\"><span style=\"color: #ff6600\"><strong>Mi, 02.04.2025<\/strong><\/span><br \/>\n<strong>13.00 Uhr Hallenbad Haren<\/strong><\/td>\n<td width=\"499\"><strong>Halbtagesfahrt nach D\u00f6tlingen<br \/>\n<\/strong>Nach der Busfahrt genie\u00dfen wir zuerst Kaffee und Kuchen in Bauer Uwes L\u00fctje Deel. Gut gest\u00e4rkt machen wir uns dann auf zu einem etwas anderen Dorfspaziergang durch D\u00f6tlingen, bei dem die Landfrau Dette Zingler alias \u201eElise Plietsch\u201c allerlei Klatsch, Tratsch und D\u00f6nekes zum Besten gibt.<\/td>\n<\/tr>\n<tr>\n<td width=\"141\"><span style=\"color: #ff6600\"><strong>Di, 28.05.2025<\/strong><\/span><br \/>\n<strong>15.00 Uhr Bauernhofcaf\u00e9 Meutstege<\/strong><\/td>\n<td width=\"499\"><strong>Seniorinnenkaffee<br \/>\n<\/strong>Wir verbringen gemeinsam einen sch\u00f6nen Nachmittag bei Kaffee und Kuchen.<\/td>\n<\/tr>\n<tr>\n<td width=\"141\"><span style=\"color: #ff6600\"><strong>Mi, 25.06.2025<\/strong><\/span><br \/>\n<strong>14 Uhr<\/strong><\/td>\n<td width=\"499\"><strong>Fahrradtour<br \/>\n<\/strong>N\u00e4heres wird noch bekanntgegeben.<\/td>\n<\/tr>\n<\/tbody>\n<\/table>\n<p style=\"text-align: center\"><strong>Wir hoffen, unser Programm gef\u00e4llt Euch!<\/strong><\/p>\n<p style=\"text-align: center\"><strong>Claudia, Angelika, Martina, Agnes, Annelene und Claudia<\/strong><\/p>\n","protected":false},"excerpt":{"rendered":"<p>Programm 2024\/2025 Mi, 18.09.2024 19.30 Uhr Niehaus, Bersede Vitus \u2013 Perspektiven f\u00fcr das Leben Frau Bernhardine Schiering vom Vitus-Werk berichtet \u00fcber die vielf\u00e4ltigen und interessanten Bereiche f\u00fcr Menschen mit Behinderung zur Unterst\u00fctzung der Selbstbestimmung und der sozialen Teilhabe. Zu dem <a class=\"more-link\" href=\"https:\/\/www.landfrauen-meppen.de\/haren\/programm-2024-2025\/\">Weiterlesen\u00a0\u2026<\/a><\/p>\n","protected":false},"author":6,"featured_media":0,"parent":0,"menu_order":0,"comment_status":"closed","ping_status":"closed","template":"","meta":{"footnotes":""},"class_list":["post-1472","page","type-page","status-publish","hentry"],"_links":{"self":[{"href":"https:\/\/www.landfrauen-meppen.de\/haren\/wp-json\/wp\/v2\/pages\/1472","targetHints":{"allow":["GET"]}}],"collection":[{"href":"https:\/\/www.landfrauen-meppen.de\/haren\/wp-json\/wp\/v2\/pages"}],"about":[{"href":"https:\/\/www.landfrauen-meppen.de\/haren\/wp-json\/wp\/v2\/types\/page"}],"author":[{"embeddable":true,"href":"https:\/\/www.landfrauen-meppen.de\/haren\/wp-json\/wp\/v2\/users\/6"}],"replies":[{"embeddable":true,"href":"https:\/\/www.landfrauen-meppen.de\/haren\/wp-json\/wp\/v2\/comments?post=1472"}],"version-history":[{"count":6,"href":"https:\/\/www.landfrauen-meppen.de\/haren\/wp-json\/wp\/v2\/pages\/1472\/revisions"}],"predecessor-version":[{"id":1528,"href":"https:\/\/www.landfrauen-meppen.de\/haren\/wp-json\/wp\/v2\/pages\/1472\/revisions\/1528"}],"wp:attachment":[{"href":"https:\/\/www.landfrauen-meppen.de\/haren\/wp-json\/wp\/v2\/media?parent=1472"}],"curies":[{"name":"wp","href":"https:\/\/api.w.org\/{rel}","templated":true}]}}