{"id":1425,"date":"2024-04-04T12:00:57","date_gmt":"2024-04-04T10:00:57","guid":{"rendered":"https:\/\/www.landfrauen-meppen.de\/haren\/?page_id=1425"},"modified":"2024-04-04T12:01:49","modified_gmt":"2024-04-04T10:01:49","slug":"rezept-april-2024-tapas","status":"publish","type":"page","link":"https:\/\/www.landfrauen-meppen.de\/haren\/rezept-des-monats-2\/rezept-april-2024-tapas\/","title":{"rendered":"Rezept April 2024 (Tapas)"},"content":{"rendered":"<h1><span style=\"color: #ff6600\"><strong>Tapas<\/strong><\/span><\/h1>\n<table>\n<tbody>\n<tr>\n<td width=\"245\"><\/td>\n<td width=\"397\">Den Backofen auf 220\u00b0C Ober- und Unterhitze vorheizen.<\/td>\n<\/tr>\n<tr>\n<td width=\"245\">300 g Fenchel oder braune Champignons<\/td>\n<td width=\"397\">putzen und klein schneiden.<\/td>\n<\/tr>\n<tr>\n<td width=\"245\">200 g Bratpaprika oder kleine Spitzpaprika<\/td>\n<td width=\"397\">waschen.<\/td>\n<\/tr>\n<tr>\n<td width=\"245\">2 Zehen Knoblauch<\/td>\n<td width=\"397\">pressen und mit<\/td>\n<\/tr>\n<tr>\n<td width=\"245\">4 EL Raps\u00f6l<\/td>\n<td width=\"397\">in einer Sch\u00fcssel verr\u00fchren.<\/td>\n<\/tr>\n<tr>\n<td width=\"245\">250 g frische oder tiefgek\u00fchlte Garnelen <strong>(tiefgek\u00fchlte Garnelen vorher auftauen lassen!)<\/strong>,<\/td>\n<td width=\"397\">Fenchel (oder Champignons) und Bratpaprika (oder Spitzpaprika) zum \u00d6l geben, alles mit<\/td>\n<\/tr>\n<tr>\n<td width=\"245\">Salz<\/td>\n<td width=\"397\">w\u00fcrzen und gut mischen.<\/td>\n<\/tr>\n<tr>\n<td width=\"245\"><\/td>\n<td width=\"397\">Die Garnelen wieder heraussuchen.<\/td>\n<\/tr>\n<tr>\n<td width=\"245\"><\/td>\n<td width=\"397\">Fenchel und Bratpaprika auf einem mit Backpapier belegten Backblech verteilen.<\/td>\n<\/tr>\n<tr>\n<td width=\"245\">1 Biozitrone<\/td>\n<td width=\"397\">waschen, trocknen und in dicke Scheiben schneiden.<\/td>\n<\/tr>\n<tr>\n<td width=\"245\">200 g Chorizo als W\u00fcrste<\/td>\n<td width=\"397\">mit einem spitzen Messer rundum einstechen <strong>oder<\/strong><\/td>\n<\/tr>\n<tr>\n<td width=\"245\">200 g Chorizo als daumendick abgeschnittener Aufschnitt (alternativ)<\/td>\n<td width=\"397\">w\u00fcrfeln und zusammen mit den Zitronenscheiben und<\/td>\n<\/tr>\n<tr>\n<td width=\"245\">150 g Datteln im Speckmantel<\/td>\n<td width=\"397\">auf dem Backblech mit den anderen Tapas verteilen.<\/td>\n<\/tr>\n<tr>\n<td width=\"245\"><\/td>\n<td width=\"397\">Alles auf der mittleren Schiene im Backofen 15 bis 20\u00a0Minuten backen.<\/td>\n<\/tr>\n<tr>\n<td width=\"245\"><\/td>\n<td width=\"397\">In den letzten 5\u00a0Minuten der Garzeit die Garnelen auf dem Blech verteilen.<\/td>\n<\/tr>\n<tr>\n<td width=\"245\"><\/td>\n<td width=\"397\">Die Tapas aus dem Ofen nehmen und mit<\/td>\n<\/tr>\n<tr>\n<td width=\"245\">Pfeffer<\/td>\n<td width=\"397\">w\u00fcrzen.<\/td>\n<\/tr>\n<tr>\n<td width=\"245\"><\/td>\n<td width=\"397\"><\/td>\n<\/tr>\n<tr>\n<td colspan=\"2\" width=\"642\"><strong>Tipp:<\/strong> Die Tapas mit Baguette und 200 g Aioli servieren.<\/td>\n<\/tr>\n<\/tbody>\n<\/table>\n<p><strong style=\"font-size: 1rem\">Guten Appetit!<\/strong><\/p>\n","protected":false},"excerpt":{"rendered":"<p>Tapas Den Backofen auf 220\u00b0C Ober- und Unterhitze vorheizen. 300 g Fenchel oder braune Champignons putzen und klein schneiden. 200 g Bratpaprika oder kleine Spitzpaprika waschen. 2 Zehen Knoblauch pressen und mit 4 EL Raps\u00f6l in einer Sch\u00fcssel verr\u00fchren. 250 <a class=\"more-link\" href=\"https:\/\/www.landfrauen-meppen.de\/haren\/rezept-des-monats-2\/rezept-april-2024-tapas\/\">Weiterlesen\u00a0\u2026<\/a><\/p>\n","protected":false},"author":6,"featured_media":0,"parent":150,"menu_order":0,"comment_status":"closed","ping_status":"closed","template":"","meta":{"footnotes":""},"class_list":["post-1425","page","type-page","status-publish","hentry"],"_links":{"self":[{"href":"https:\/\/www.landfrauen-meppen.de\/haren\/wp-json\/wp\/v2\/pages\/1425","targetHints":{"allow":["GET"]}}],"collection":[{"href":"https:\/\/www.landfrauen-meppen.de\/haren\/wp-json\/wp\/v2\/pages"}],"about":[{"href":"https:\/\/www.landfrauen-meppen.de\/haren\/wp-json\/wp\/v2\/types\/page"}],"author":[{"embeddable":true,"href":"https:\/\/www.landfrauen-meppen.de\/haren\/wp-json\/wp\/v2\/users\/6"}],"replies":[{"embeddable":true,"href":"https:\/\/www.landfrauen-meppen.de\/haren\/wp-json\/wp\/v2\/comments?post=1425"}],"version-history":[{"count":2,"href":"https:\/\/www.landfrauen-meppen.de\/haren\/wp-json\/wp\/v2\/pages\/1425\/revisions"}],"predecessor-version":[{"id":1427,"href":"https:\/\/www.landfrauen-meppen.de\/haren\/wp-json\/wp\/v2\/pages\/1425\/revisions\/1427"}],"up":[{"embeddable":true,"href":"https:\/\/www.landfrauen-meppen.de\/haren\/wp-json\/wp\/v2\/pages\/150"}],"wp:attachment":[{"href":"https:\/\/www.landfrauen-meppen.de\/haren\/wp-json\/wp\/v2\/media?parent=1425"}],"curies":[{"name":"wp","href":"https:\/\/api.w.org\/{rel}","templated":true}]}}