{"id":1192,"date":"2023-01-05T10:50:50","date_gmt":"2023-01-05T09:50:50","guid":{"rendered":"https:\/\/www.landfrauen-meppen.de\/haren\/?page_id=1192"},"modified":"2023-01-05T10:50:50","modified_gmt":"2023-01-05T09:50:50","slug":"rezept-januar-2023-finnische-nusstorte","status":"publish","type":"page","link":"https:\/\/www.landfrauen-meppen.de\/haren\/rezept-des-monats-2\/rezept-januar-2023-finnische-nusstorte\/","title":{"rendered":"Rezept Januar 2023 (Finnische Nusstorte)"},"content":{"rendered":"<h1><span style=\"color: #ff6600\"><strong>Finnische Nusstorte<\/strong><\/span><\/h1>\n<table>\n<tbody>\n<tr>\n<td width=\"245\"><\/td>\n<td width=\"397\">Den Backofen auf 175\u00b0C Ober-\/Unterhitze vorheizen.<\/td>\n<\/tr>\n<tr>\n<td width=\"245\"><\/td>\n<td width=\"397\"><\/td>\n<\/tr>\n<tr>\n<td width=\"245\"><\/td>\n<td width=\"397\"><strong>F\u00fcr den Biskuitteig<\/strong><\/td>\n<\/tr>\n<tr>\n<td width=\"245\">5 Eier<\/td>\n<td width=\"397\">mit<\/td>\n<\/tr>\n<tr>\n<td width=\"245\">250 g Zucker<\/td>\n<td width=\"397\">und<\/td>\n<\/tr>\n<tr>\n<td width=\"245\">1 Prise Salz<\/td>\n<td width=\"397\">schaumig r\u00fchren.<\/td>\n<\/tr>\n<tr>\n<td width=\"245\">2 geh\u00e4ufte EL Mehl,<\/td>\n<td width=\"397\"><\/td>\n<\/tr>\n<tr>\n<td width=\"245\">200 g gemahlene Haseln\u00fcsse<\/td>\n<td width=\"397\">und<\/td>\n<\/tr>\n<tr>\n<td width=\"245\">\u00bd TL Backpulver<\/td>\n<td width=\"397\">mischen und unter die Eiercreme heben. Zum Schluss<\/td>\n<\/tr>\n<tr>\n<td width=\"245\">1 EL \u00d6l<\/td>\n<td width=\"397\">zuf\u00fcgen.<\/td>\n<\/tr>\n<tr>\n<td width=\"245\"><\/td>\n<td width=\"397\">Die Masse auf ein mit Backpapier ausgelegtes Backblech streichen oder in einem Backrahmen verteilen. Im hei\u00dfen Backofen 25 bis 30 Minuten backen.<\/td>\n<\/tr>\n<tr>\n<td width=\"245\"><\/td>\n<td width=\"397\">Dann auf ein mit Zucker bestreutes Trockentuch st\u00fcrzen und das Backpapier sofort abziehen.<\/td>\n<\/tr>\n<tr>\n<td width=\"245\"><\/td>\n<td width=\"397\">Die Biskuitplatte halbieren, sodass zwei Rechtecke entstehen.<\/td>\n<\/tr>\n<tr>\n<td width=\"245\"><\/td>\n<td width=\"397\"><\/td>\n<\/tr>\n<tr>\n<td width=\"245\"><\/td>\n<td width=\"397\"><strong>F\u00fcr die Creme<\/strong><\/td>\n<\/tr>\n<tr>\n<td width=\"245\">600 ml Sahne<\/td>\n<td width=\"397\">mit<\/td>\n<\/tr>\n<tr>\n<td width=\"245\">2 EL Zucker<\/td>\n<td width=\"397\">steif schlagen.<\/td>\n<\/tr>\n<tr>\n<td width=\"245\">1 EL Trinkkakaopulver<\/td>\n<td width=\"397\">und<\/td>\n<\/tr>\n<tr>\n<td width=\"245\">1 EL l\u00f6sliches Kaffeepulver<\/td>\n<td width=\"397\">unterr\u00fchren.<\/td>\n<\/tr>\n<tr>\n<td width=\"245\"><\/td>\n<td width=\"397\">Die H\u00e4lfte der Creme auf eine Teigplatte streichen. Den zweiten Boden aufsetzen und die Torte mit der restlichen Creme rundherum bestreichen.<\/td>\n<\/tr>\n<tr>\n<td width=\"245\"><\/td>\n<td width=\"397\"><strong>\u00a0<\/strong><\/td>\n<\/tr>\n<tr>\n<td width=\"245\"><\/td>\n<td width=\"397\"><strong>Zum Verzieren<\/strong><\/td>\n<\/tr>\n<tr>\n<td width=\"245\">100 g Nussschokolade<\/td>\n<td width=\"397\">raspeln und auf die Torte streuen.<\/td>\n<\/tr>\n<\/tbody>\n<\/table>\n<p><strong style=\"font-size: 1rem\">Tipp:<\/strong><span style=\"font-size: 1rem\">\u00a0 Wer die Torte mit vielen Tuffs garnieren m\u00f6chte, bereitet ein Drittel mehr Creme zu.<\/span><\/p>\n<p><strong>Viel Spa\u00df beim Backen!<\/strong><\/p>\n","protected":false},"excerpt":{"rendered":"<p>Finnische Nusstorte Den Backofen auf 175\u00b0C Ober-\/Unterhitze vorheizen. F\u00fcr den Biskuitteig 5 Eier mit 250 g Zucker und 1 Prise Salz schaumig r\u00fchren. 2 geh\u00e4ufte EL Mehl, 200 g gemahlene Haseln\u00fcsse und \u00bd TL Backpulver mischen und unter die Eiercreme <a class=\"more-link\" href=\"https:\/\/www.landfrauen-meppen.de\/haren\/rezept-des-monats-2\/rezept-januar-2023-finnische-nusstorte\/\">Weiterlesen\u00a0\u2026<\/a><\/p>\n","protected":false},"author":6,"featured_media":0,"parent":150,"menu_order":0,"comment_status":"closed","ping_status":"closed","template":"","meta":{"footnotes":""},"class_list":["post-1192","page","type-page","status-publish","hentry"],"_links":{"self":[{"href":"https:\/\/www.landfrauen-meppen.de\/haren\/wp-json\/wp\/v2\/pages\/1192","targetHints":{"allow":["GET"]}}],"collection":[{"href":"https:\/\/www.landfrauen-meppen.de\/haren\/wp-json\/wp\/v2\/pages"}],"about":[{"href":"https:\/\/www.landfrauen-meppen.de\/haren\/wp-json\/wp\/v2\/types\/page"}],"author":[{"embeddable":true,"href":"https:\/\/www.landfrauen-meppen.de\/haren\/wp-json\/wp\/v2\/users\/6"}],"replies":[{"embeddable":true,"href":"https:\/\/www.landfrauen-meppen.de\/haren\/wp-json\/wp\/v2\/comments?post=1192"}],"version-history":[{"count":3,"href":"https:\/\/www.landfrauen-meppen.de\/haren\/wp-json\/wp\/v2\/pages\/1192\/revisions"}],"predecessor-version":[{"id":1195,"href":"https:\/\/www.landfrauen-meppen.de\/haren\/wp-json\/wp\/v2\/pages\/1192\/revisions\/1195"}],"up":[{"embeddable":true,"href":"https:\/\/www.landfrauen-meppen.de\/haren\/wp-json\/wp\/v2\/pages\/150"}],"wp:attachment":[{"href":"https:\/\/www.landfrauen-meppen.de\/haren\/wp-json\/wp\/v2\/media?parent=1192"}],"curies":[{"name":"wp","href":"https:\/\/api.w.org\/{rel}","templated":true}]}}