{"id":168,"date":"2023-01-12T13:30:07","date_gmt":"2023-01-12T12:30:07","guid":{"rendered":"https:\/\/www.landfrauen-meppen.de\/gross-hesepe\/?page_id=168"},"modified":"2026-03-16T12:49:55","modified_gmt":"2026-03-16T11:49:55","slug":"vertauensfrauen","status":"publish","type":"page","link":"https:\/\/www.landfrauen-meppen.de\/gross-hesepe\/vertauensfrauen\/","title":{"rendered":"Vertrauensfrauen"},"content":{"rendered":"<p>Unsere Vertrauensfrauen auf die wir uns immer Verlassen k\u00f6nnen:<\/p>\n<p>Ingrid Bekel<\/p>\n<p>Maria Br\u00fcmmer<\/p>\n<p>Ute Birkoben<\/p>\n<p>Mechthild Geers<\/p>\n<p>Helga Hensel<\/p>\n<p>Ulla Hermeling<\/p>\n<p>Maria Kremers<\/p>\n<p>Renate Koers<\/p>\n<p>Anne Kl\u00fcnemann<\/p>\n","protected":false},"excerpt":{"rendered":"<p>Unsere Vertrauensfrauen auf die wir uns immer Verlassen k\u00f6nnen: Ingrid Bekel Maria Br\u00fcmmer Ute Birkoben Mechthild Geers Helga Hensel Ulla Hermeling Maria Kremers Renate Koers Anne Kl\u00fcnemann<\/p>\n","protected":false},"author":5,"featured_media":0,"parent":0,"menu_order":0,"comment_status":"closed","ping_status":"closed","template":"","meta":{"footnotes":""},"class_list":["post-168","page","type-page","status-publish","hentry"],"_links":{"self":[{"href":"https:\/\/www.landfrauen-meppen.de\/gross-hesepe\/wp-json\/wp\/v2\/pages\/168","targetHints":{"allow":["GET"]}}],"collection":[{"href":"https:\/\/www.landfrauen-meppen.de\/gross-hesepe\/wp-json\/wp\/v2\/pages"}],"about":[{"href":"https:\/\/www.landfrauen-meppen.de\/gross-hesepe\/wp-json\/wp\/v2\/types\/page"}],"author":[{"embeddable":true,"href":"https:\/\/www.landfrauen-meppen.de\/gross-hesepe\/wp-json\/wp\/v2\/users\/5"}],"replies":[{"embeddable":true,"href":"https:\/\/www.landfrauen-meppen.de\/gross-hesepe\/wp-json\/wp\/v2\/comments?post=168"}],"version-history":[{"count":4,"href":"https:\/\/www.landfrauen-meppen.de\/gross-hesepe\/wp-json\/wp\/v2\/pages\/168\/revisions"}],"predecessor-version":[{"id":238,"href":"https:\/\/www.landfrauen-meppen.de\/gross-hesepe\/wp-json\/wp\/v2\/pages\/168\/revisions\/238"}],"wp:attachment":[{"href":"https:\/\/www.landfrauen-meppen.de\/gross-hesepe\/wp-json\/wp\/v2\/media?parent=168"}],"curies":[{"name":"wp","href":"https:\/\/api.w.org\/{rel}","templated":true}]}}