{"id":15,"date":"2017-02-27T18:56:12","date_gmt":"2017-02-27T17:56:12","guid":{"rendered":"http:\/\/www.landfrauen-meppen.de\/geeste-osterbrock\/?page_id=15"},"modified":"2017-07-18T10:04:23","modified_gmt":"2017-07-18T08:04:23","slug":"jahresprogramm","status":"publish","type":"page","link":"https:\/\/www.landfrauen-meppen.de\/geeste-osterbrock\/jahresprogramm\/","title":{"rendered":"Jahresprogramm"},"content":{"rendered":"<p><strong>Landfrauenverein Geeste-Osterbrock<\/strong><\/p>\n<p><strong><u>Programm\u00fcbersicht 2017\/2018<\/u><\/strong><\/p>\n<ol start=\"11\">\n<li><strong><u>Juni 2017 &#8211; Sonntag\u00a0<\/u><\/strong>\u201eHereinspaziert\u201c Landfrauen \u00f6ffnen ihre G\u00e4rten. Unser Verein nimmt teil (Garten Berger).<\/li>\n<li><strong><u>Juli 2017 &#8211; Dienstag\u00a0<\/u><\/strong>\u201eFahrradtour nach Biene\u201c Frau Emmi Dietrich (G\u00e4stef\u00fchrerin) wird uns durch Biene f\u00fchren. Abfahrt um 14.00 Uhr &#8211; Gastst\u00e4tte Over<\/li>\n<li><strong><u>Oktober 2017 &#8211; Mittwoch &#8211; Saal Winkeler &#8211; 19.30 Uhr\u00a0<\/u><\/strong>\u201eMy home is my castle\u201c Frau Emke von der LWK Oldenburg-S\u00fcd-CLP spricht \u00fcber allgemeine Dinge zur Wohnungsversch\u00f6nerung ohne gro\u00dfe Geldausgabe.<\/li>\n<li><strong><u>November 2017 &#8211; Dienstag &#8211; Saal Over &#8211; 19.30 Uhr\u00a0<\/u><\/strong>&#8211; Arthrose &#8211; ein Volksleiden &#8211; u. a. &#8211; was ist Arthrose &#8211; Entstehung der Arthrose &#8211; Ern\u00e4hrung, Nahrungserg\u00e4nzung bei Arthrose und mehr Zu diesem Vortrag sind unsere M\u00e4nner herzlich mit eingeladen. Frau Behnen (Nikolaus-Apotheke, Gro\u00df &#8211; Hesepe) spricht zum Thema.<\/li>\n<li><strong><u>November 2017 &#8211; Mittwoch nachmittags\u00a0<\/u><\/strong>Landfrauen on Tour N\u00e4heres wird bekannt gegeben.<\/li>\n<li><strong><u>Januar 2018 &#8211; Montag &#8211; Saal Winkeler &#8211; 19.30 Uhr\u00a0<\/u><\/strong>Generalversammlung mit Neuwahlen Frau Kruse von der LWK \u00fcbernimmt die Wahlleitung und spricht zum Thema \u201eDekoration im Garten\u201c<\/li>\n<li><strong><u>Februar 2018 &#8211; Dienstag\u00a0<\/u><\/strong>Gemeinschaftsveranstaltung in Dalum. Frau Gerda Lienen wird kommen. Das Thema steht noch nicht fest. Es werden B\u00fccher zum Kauf angeboten. Der Titel eines Buches lautet &#8211; Einfach sch\u00f6n &#8211; Deko Ideen aus der Natur &#8211;<\/li>\n<li><strong><u>M\u00e4rz 2018- Freitag &#8211;\u00a0<\/u><\/strong>Kreisveranstaltung im Windthorst-Gymnasium \u201eSalon Damen\u201c aus Dresden bieten Musik aus den 20er und 30er Jahren &#8211; Sektempfang und Fingerfood &#8211; 20 Euro &#8211; Einlass 17.00 Uhr, Beginn 18.00 Uhr<\/li>\n<\/ol>\n","protected":false},"excerpt":{"rendered":"<p>Landfrauenverein Geeste-Osterbrock Programm\u00fcbersicht 2017\/2018 Juni 2017 &#8211; Sonntag\u00a0\u201eHereinspaziert\u201c Landfrauen \u00f6ffnen ihre G\u00e4rten. Unser Verein nimmt teil (Garten Berger). Juli 2017 &#8211; Dienstag\u00a0\u201eFahrradtour nach Biene\u201c Frau Emmi Dietrich (G\u00e4stef\u00fchrerin) wird uns durch Biene f\u00fchren. Abfahrt um 14.00 Uhr &#8211; Gastst\u00e4tte Over Oktober 2017 &#8211; Mittwoch &#8211; Saal Winkeler &#8211; 19.30 Uhr\u00a0\u201eMy home is my castle\u201c Frau &hellip; <\/p>\n<p class=\"link-more\"><a href=\"https:\/\/www.landfrauen-meppen.de\/geeste-osterbrock\/jahresprogramm\/\" class=\"more-link\"><span class=\"screen-reader-text\">\u201eJahresprogramm\u201c <\/span>weiterlesen<\/a><\/p>\n","protected":false},"author":4,"featured_media":0,"parent":0,"menu_order":0,"comment_status":"closed","ping_status":"closed","template":"","meta":{"footnotes":""},"class_list":["post-15","page","type-page","status-publish","hentry"],"_links":{"self":[{"href":"https:\/\/www.landfrauen-meppen.de\/geeste-osterbrock\/wp-json\/wp\/v2\/pages\/15","targetHints":{"allow":["GET"]}}],"collection":[{"href":"https:\/\/www.landfrauen-meppen.de\/geeste-osterbrock\/wp-json\/wp\/v2\/pages"}],"about":[{"href":"https:\/\/www.landfrauen-meppen.de\/geeste-osterbrock\/wp-json\/wp\/v2\/types\/page"}],"author":[{"embeddable":true,"href":"https:\/\/www.landfrauen-meppen.de\/geeste-osterbrock\/wp-json\/wp\/v2\/users\/4"}],"replies":[{"embeddable":true,"href":"https:\/\/www.landfrauen-meppen.de\/geeste-osterbrock\/wp-json\/wp\/v2\/comments?post=15"}],"version-history":[{"count":10,"href":"https:\/\/www.landfrauen-meppen.de\/geeste-osterbrock\/wp-json\/wp\/v2\/pages\/15\/revisions"}],"predecessor-version":[{"id":195,"href":"https:\/\/www.landfrauen-meppen.de\/geeste-osterbrock\/wp-json\/wp\/v2\/pages\/15\/revisions\/195"}],"wp:attachment":[{"href":"https:\/\/www.landfrauen-meppen.de\/geeste-osterbrock\/wp-json\/wp\/v2\/media?parent=15"}],"curies":[{"name":"wp","href":"https:\/\/api.w.org\/{rel}","templated":true}]}}