{"id":2342,"date":"2023-07-20T09:52:17","date_gmt":"2023-07-20T07:52:17","guid":{"rendered":"https:\/\/www.landfrauen-meppen.de\/dalum\/?page_id=2342"},"modified":"2023-07-20T10:12:13","modified_gmt":"2023-07-20T08:12:13","slug":"vertrauensfrauen","status":"publish","type":"page","link":"https:\/\/www.landfrauen-meppen.de\/dalum\/vertrauensfrauen\/","title":{"rendered":"Vertrauensfrauen"},"content":{"rendered":"<p>Die Vertrauensfrauen unterst\u00fctzen den Vorstand, verteilen die Einladungen an die Mitglieder, sind Ansprechpartner f\u00fcr die Mitglieder und helfen bei einigen Veranstaltungen.<\/p>\n<p>Ein gro\u00dfer Dank geht an die Vertrauensfrauen die uns unterst\u00fctzen.<img loading=\"lazy\" decoding=\"async\" class=\"aligncenter size-large wp-image-47\" src=\"https:\/\/www.landfrauen-meppen.de\/dalum\/wp-content\/uploads\/sites\/3\/2017\/02\/DSCF0351kopie-1024x502.jpg\" alt=\"\" width=\"690\" height=\"338\" srcset=\"https:\/\/www.landfrauen-meppen.de\/dalum\/wp-content\/uploads\/sites\/3\/2017\/02\/DSCF0351kopie-1024x502.jpg 1024w, https:\/\/www.landfrauen-meppen.de\/dalum\/wp-content\/uploads\/sites\/3\/2017\/02\/DSCF0351kopie-300x147.jpg 300w, https:\/\/www.landfrauen-meppen.de\/dalum\/wp-content\/uploads\/sites\/3\/2017\/02\/DSCF0351kopie-768x377.jpg 768w\" sizes=\"auto, (max-width: 690px) 100vw, 690px\" \/><\/p>\n<p><!-- Add code here that should appear in the content block of all new pages --><\/p>\n<p>v.l.n.r. Anneliese Engelbertz, Maria Rosken, Annegret Blome, Erika Knief, Anni Fischer, Annette Rosen, Christa Meiners, Erika Jansen<\/p>\n<p>Es fehlen: Anni Overbeck, Elsbeth Over und Maria Sicking<\/p>\n","protected":false},"excerpt":{"rendered":"<p>Die Vertrauensfrauen unterst\u00fctzen den Vorstand, verteilen die Einladungen an die Mitglieder, sind Ansprechpartner f\u00fcr die Mitglieder und helfen bei einigen Veranstaltungen. Ein gro\u00dfer Dank geht an die Vertrauensfrauen die uns <a class=\"more-link\" href=\"https:\/\/www.landfrauen-meppen.de\/dalum\/vertrauensfrauen\/\">weiterlesen&#8230;(hier klicken)<\/a><\/p>\n","protected":false},"author":3,"featured_media":0,"parent":0,"menu_order":0,"comment_status":"closed","ping_status":"closed","template":"","meta":{"footnotes":""},"class_list":["post-2342","page","type-page","status-publish","hentry"],"_links":{"self":[{"href":"https:\/\/www.landfrauen-meppen.de\/dalum\/wp-json\/wp\/v2\/pages\/2342","targetHints":{"allow":["GET"]}}],"collection":[{"href":"https:\/\/www.landfrauen-meppen.de\/dalum\/wp-json\/wp\/v2\/pages"}],"about":[{"href":"https:\/\/www.landfrauen-meppen.de\/dalum\/wp-json\/wp\/v2\/types\/page"}],"author":[{"embeddable":true,"href":"https:\/\/www.landfrauen-meppen.de\/dalum\/wp-json\/wp\/v2\/users\/3"}],"replies":[{"embeddable":true,"href":"https:\/\/www.landfrauen-meppen.de\/dalum\/wp-json\/wp\/v2\/comments?post=2342"}],"version-history":[{"count":2,"href":"https:\/\/www.landfrauen-meppen.de\/dalum\/wp-json\/wp\/v2\/pages\/2342\/revisions"}],"predecessor-version":[{"id":2349,"href":"https:\/\/www.landfrauen-meppen.de\/dalum\/wp-json\/wp\/v2\/pages\/2342\/revisions\/2349"}],"wp:attachment":[{"href":"https:\/\/www.landfrauen-meppen.de\/dalum\/wp-json\/wp\/v2\/media?parent=2342"}],"curies":[{"name":"wp","href":"https:\/\/api.w.org\/{rel}","templated":true}]}}