{"id":2336,"date":"2023-07-20T09:25:03","date_gmt":"2023-07-20T07:25:03","guid":{"rendered":"https:\/\/www.landfrauen-meppen.de\/dalum\/?page_id=2336"},"modified":"2026-03-14T12:50:25","modified_gmt":"2026-03-14T11:50:25","slug":"neuaufnahme-2","status":"publish","type":"page","link":"https:\/\/www.landfrauen-meppen.de\/dalum\/neuaufnahme-2\/","title":{"rendered":"Neuaufnahme"},"content":{"rendered":"<p>Werden Sie Mitglied im Landfrauenverein Dalum!<\/p>\n<p>Unser Verein ist offen f\u00fcr alle Frauen, die auf dem Land leben &#8211; unabh\u00e4ngig von Alter, Nationalit\u00e4t, Religion, Beruf, Familienstand etc.<\/p>\n<p>Der j\u00e4hrliche Mitgliedsbeitrag betr\u00e4gt 30 \u20ac. Bei Interesse ist es aber auch m\u00f6glich, zun\u00e4chst einige Veranstaltungen ohne Mitgliedschaft zu besuchen, um sich gegenseitig kennenzulernen.<\/p>\n<p>Neugierig geworden? Eine nette Runde wartet auf Sie.<\/p>\n<p>Sprechen Sie uns an.<\/p>\n<p>&nbsp;<\/p>\n<p><img loading=\"lazy\" decoding=\"async\" class=\"aligncenter size-large wp-image-1937\" src=\"https:\/\/www.landfrauen-meppen.de\/dalum\/wp-content\/uploads\/sites\/3\/2022\/09\/IMG_20220901_100202-768x1024.jpg\" alt=\"\" width=\"690\" height=\"920\" srcset=\"https:\/\/www.landfrauen-meppen.de\/dalum\/wp-content\/uploads\/sites\/3\/2022\/09\/IMG_20220901_100202-768x1024.jpg 768w, https:\/\/www.landfrauen-meppen.de\/dalum\/wp-content\/uploads\/sites\/3\/2022\/09\/IMG_20220901_100202-225x300.jpg 225w, https:\/\/www.landfrauen-meppen.de\/dalum\/wp-content\/uploads\/sites\/3\/2022\/09\/IMG_20220901_100202-1152x1536.jpg 1152w, https:\/\/www.landfrauen-meppen.de\/dalum\/wp-content\/uploads\/sites\/3\/2022\/09\/IMG_20220901_100202-1536x2048.jpg 1536w, https:\/\/www.landfrauen-meppen.de\/dalum\/wp-content\/uploads\/sites\/3\/2022\/09\/IMG_20220901_100202-113x150.jpg 113w, https:\/\/www.landfrauen-meppen.de\/dalum\/wp-content\/uploads\/sites\/3\/2022\/09\/IMG_20220901_100202-scaled.jpg 1920w\" sizes=\"auto, (max-width: 690px) 100vw, 690px\" \/><\/p>\n","protected":false},"excerpt":{"rendered":"<p>Werden Sie Mitglied im Landfrauenverein Dalum! Unser Verein ist offen f\u00fcr alle Frauen, die auf dem Land leben &#8211; unabh\u00e4ngig von Alter, Nationalit\u00e4t, Religion, Beruf, Familienstand etc. Der j\u00e4hrliche Mitgliedsbeitrag <a class=\"more-link\" href=\"https:\/\/www.landfrauen-meppen.de\/dalum\/neuaufnahme-2\/\">weiterlesen&#8230;(hier klicken)<\/a><\/p>\n","protected":false},"author":3,"featured_media":0,"parent":0,"menu_order":0,"comment_status":"closed","ping_status":"closed","template":"","meta":{"footnotes":""},"class_list":["post-2336","page","type-page","status-publish","hentry"],"_links":{"self":[{"href":"https:\/\/www.landfrauen-meppen.de\/dalum\/wp-json\/wp\/v2\/pages\/2336","targetHints":{"allow":["GET"]}}],"collection":[{"href":"https:\/\/www.landfrauen-meppen.de\/dalum\/wp-json\/wp\/v2\/pages"}],"about":[{"href":"https:\/\/www.landfrauen-meppen.de\/dalum\/wp-json\/wp\/v2\/types\/page"}],"author":[{"embeddable":true,"href":"https:\/\/www.landfrauen-meppen.de\/dalum\/wp-json\/wp\/v2\/users\/3"}],"replies":[{"embeddable":true,"href":"https:\/\/www.landfrauen-meppen.de\/dalum\/wp-json\/wp\/v2\/comments?post=2336"}],"version-history":[{"count":6,"href":"https:\/\/www.landfrauen-meppen.de\/dalum\/wp-json\/wp\/v2\/pages\/2336\/revisions"}],"predecessor-version":[{"id":4443,"href":"https:\/\/www.landfrauen-meppen.de\/dalum\/wp-json\/wp\/v2\/pages\/2336\/revisions\/4443"}],"wp:attachment":[{"href":"https:\/\/www.landfrauen-meppen.de\/dalum\/wp-json\/wp\/v2\/media?parent=2336"}],"curies":[{"name":"wp","href":"https:\/\/api.w.org\/{rel}","templated":true}]}}