{"id":22,"date":"2017-02-15T16:07:02","date_gmt":"2017-02-15T15:07:02","guid":{"rendered":"http:\/\/www.landfrauen-meppen.de\/dalum\/?page_id=22"},"modified":"2023-07-20T10:30:31","modified_gmt":"2023-07-20T08:30:31","slug":"neuaufnahme","status":"publish","type":"page","link":"https:\/\/www.landfrauen-meppen.de\/dalum\/neuaufnahme\/","title":{"rendered":"Vorstellung"},"content":{"rendered":"<p>Wir vertreten die Interessen der Landfrauen und wollen dazu beitragen, das Leben auf dem Land interessant und lebenswert zu gestalten.<\/p>\n<p>Dazu bieten wir verschiedene Veranstaltungen an, an denen jedes Mitglied teilnehmen kann. Pro Jahr bieten wir ca. 10 verschiedene Veranstaltungen an. Wie z.B. Fahrradtouren, Vortr\u00e4ge zu verschiedenen Themen, kreative Workshops, gem\u00fctliches Beisammensein etc.<br \/>\nAn diesen Veranstaltungen kann jeder teilnehmen, der m\u00f6chte, aber man muss nicht. Die vergangenen Veranstaltungen k\u00f6nnen hier auf der <a href=\"https:\/\/www.landfrauen-meppen.de\/dalum\/category\/bilder\/\" target=\"_blank\" rel=\"noopener\">Website<\/a> eingesehen werden. Das neue Jahresprogramm wird jedes Jahr im September ver\u00f6ffentlicht.<\/p>\n<p>Die Veranstaltungen finden oft an verschiedenen Orten in Dalum und Umgebung statt.<\/p>\n<p>Wir sind auch aktiv in den sozialen Medien, <a href=\"https:\/\/www.instagram.com\/landfrauenverein_dalum\/\" target=\"_blank\" rel=\"noopener\">Instagram<\/a> und <a href=\"https:\/\/www.facebook.com\/profile.php?id=100063261367624\" target=\"_blank\" rel=\"noopener\">Facebook<\/a>, um auf dem Laufenden zu bleiben, gerne abonnieren.<\/p>\n<p>Au\u00dferdem kann man als Mitglied des Dalumer Ortsvereins auch an Veranstaltungen anderer Ortsvereine teilnehmen. Hier ein paar Links zu anderen Seiten mit Ortsvereinen: <a href=\"https:\/\/www.landfrauen-meppen.de\" target=\"_blank\" rel=\"noopener\">Ortsvereine Meppen<\/a> und <a href=\"https:\/\/www.landfrauen-lingen.info\/Home\" target=\"_blank\" rel=\"noopener\">Ortsvereine Lingen<\/a>.<\/p>\n<p>Als zus\u00e4tzliches Angebot gibt es die Gruppe Junge Landfrauen, das ist ein Zusammenschluss der j\u00fcngeren Mitglieder der einzelnen Ortsvereine, wenn man noch etwas j\u00fcnger ist, ist man dort automatisch Mitglied und kann an deren Veranstaltungen teilnehmen. Sie sind auch auf der <a href=\"https:\/\/www.landfrauen-meppen.de\/junge-landfrauen-emsland-mitte\/\" target=\"_blank\" rel=\"noopener\">Webseite<\/a>, <a href=\"https:\/\/www.instagram.com\/jungelandfrauen_emslandmitte\/\" target=\"_blank\" rel=\"noopener\">Instagram <\/a> und <a href=\"https:\/\/www.facebook.com\/JLFEmslandMitte\" target=\"_blank\" rel=\"noopener\">Facebook <\/a>vertreten.<\/p>\n<p>Der j\u00e4hrliche Mitgliedsbeitrag betr\u00e4gt 24 \u20ac. Bei Interesse ist es aber auch m\u00f6glich, zun\u00e4chst einige Veranstaltungen ohne Mitgliedschaft zu besuchen, um sich gegenseitig kennenzulernen.<\/p>\n<p>Die H\u00e4lfte des Jahresbeitrages verbleibt im Ortsverein. Die andere H\u00e4lfte geht an den <a href=\"https:\/\/www.landfrauen.info\/\" target=\"_blank\" rel=\"noopener\">Deutscher LandFrauenverband<\/a>, <a href=\"https:\/\/landfrauen-nlv.de\/abgeschlossene-projekte\/\" target=\"_blank\" rel=\"noopener\">Nieders\u00e4chsischen Landesverband<\/a>, und <a href=\"https:\/\/landfrauenverband-weser-ems.de\">Kreisverband Weser-Ems<\/a>,<\/p>\n<p><img loading=\"lazy\" decoding=\"async\" class=\"aligncenter size-large wp-image-2249\" src=\"https:\/\/www.landfrauen-meppen.de\/dalum\/wp-content\/uploads\/sites\/3\/2023\/04\/WhatsApp-Image-2023-04-23-at-14.40.36-768x1024.jpeg\" alt=\"\" width=\"690\" height=\"920\" srcset=\"https:\/\/www.landfrauen-meppen.de\/dalum\/wp-content\/uploads\/sites\/3\/2023\/04\/WhatsApp-Image-2023-04-23-at-14.40.36-768x1024.jpeg 768w, https:\/\/www.landfrauen-meppen.de\/dalum\/wp-content\/uploads\/sites\/3\/2023\/04\/WhatsApp-Image-2023-04-23-at-14.40.36-225x300.jpeg 225w, https:\/\/www.landfrauen-meppen.de\/dalum\/wp-content\/uploads\/sites\/3\/2023\/04\/WhatsApp-Image-2023-04-23-at-14.40.36-1152x1536.jpeg 1152w, https:\/\/www.landfrauen-meppen.de\/dalum\/wp-content\/uploads\/sites\/3\/2023\/04\/WhatsApp-Image-2023-04-23-at-14.40.36-113x150.jpeg 113w, https:\/\/www.landfrauen-meppen.de\/dalum\/wp-content\/uploads\/sites\/3\/2023\/04\/WhatsApp-Image-2023-04-23-at-14.40.36.jpeg 1200w\" sizes=\"auto, (max-width: 690px) 100vw, 690px\" \/><\/p>\n","protected":false},"excerpt":{"rendered":"<p>Wir vertreten die Interessen der Landfrauen und wollen dazu beitragen, das Leben auf dem Land interessant und lebenswert zu gestalten. Dazu bieten wir verschiedene Veranstaltungen an, an denen jedes Mitglied <a class=\"more-link\" href=\"https:\/\/www.landfrauen-meppen.de\/dalum\/neuaufnahme\/\">weiterlesen&#8230;(hier klicken)<\/a><\/p>\n","protected":false},"author":3,"featured_media":0,"parent":0,"menu_order":0,"comment_status":"closed","ping_status":"closed","template":"","meta":{"footnotes":""},"class_list":["post-22","page","type-page","status-publish","hentry"],"_links":{"self":[{"href":"https:\/\/www.landfrauen-meppen.de\/dalum\/wp-json\/wp\/v2\/pages\/22","targetHints":{"allow":["GET"]}}],"collection":[{"href":"https:\/\/www.landfrauen-meppen.de\/dalum\/wp-json\/wp\/v2\/pages"}],"about":[{"href":"https:\/\/www.landfrauen-meppen.de\/dalum\/wp-json\/wp\/v2\/types\/page"}],"author":[{"embeddable":true,"href":"https:\/\/www.landfrauen-meppen.de\/dalum\/wp-json\/wp\/v2\/users\/3"}],"replies":[{"embeddable":true,"href":"https:\/\/www.landfrauen-meppen.de\/dalum\/wp-json\/wp\/v2\/comments?post=22"}],"version-history":[{"count":7,"href":"https:\/\/www.landfrauen-meppen.de\/dalum\/wp-json\/wp\/v2\/pages\/22\/revisions"}],"predecessor-version":[{"id":2356,"href":"https:\/\/www.landfrauen-meppen.de\/dalum\/wp-json\/wp\/v2\/pages\/22\/revisions\/2356"}],"wp:attachment":[{"href":"https:\/\/www.landfrauen-meppen.de\/dalum\/wp-json\/wp\/v2\/media?parent=22"}],"curies":[{"name":"wp","href":"https:\/\/api.w.org\/{rel}","templated":true}]}}